{"id":2862,"date":"2026-01-11T16:58:59","date_gmt":"2026-01-11T16:58:59","guid":{"rendered":"https:\/\/bambinoscorner.ma\/?product=porte-bebe-infantino"},"modified":"2026-01-11T16:59:04","modified_gmt":"2026-01-11T16:59:04","slug":"porte-bebe-infantino","status":"publish","type":"product","link":"https:\/\/bambinoscorner.ma\/?product=porte-bebe-infantino","title":{"rendered":"Porte b\u00e9b\u00e9 Infantino"},"content":{"rendered":"","protected":false},"excerpt":{"rendered":"<p data-mce-fragment=\"1\"><strong>Infantino Porte-B\u00e9b\u00e9 \u00e0 Capuche Cuddle Up &#8211; Gris :<\/strong><\/p>\n<div class=\"product-description\">\n<p style=\"margin: 0px 0px 1em;font-size: 11px !important\"><span>Ce porte-b\u00e9b\u00e9 ergonomique est dot\u00e9 d&#8217;une capote arqu\u00e9e unique qui garde b\u00e9b\u00e9 bien en vue et bien couvert. Le si\u00e8ge large et ergonomique soutient les hanches de b\u00e9b\u00e9 en position \u00ab M \u00bb.<\/span><span><span class=\"Apple-converted-space\">&nbsp;<\/span><\/span><\/p>\n<p style=\"margin: 0px 0px 1em;font-size: 11px !important\"><span>B\u00e9b\u00e9 est soutenu du genou au genou avec un dos naturellement arrondi pour une conduite s\u00fbre et confortable. Maman et papa adoreront \u00e9galement ce porte-b\u00e9b\u00e9 avec les bretelles en peluche r\u00e9glables et la large ceinture qui transf\u00e8re le poids sur les hanches du porteur pour un ajustement plus confortable.<\/span><span><span class=\"Apple-converted-space\">&nbsp;<\/span><\/span><\/p>\n<p style=\"margin: 0px 0px 1em;font-size: 11px !important\"><span>Le porte-b\u00e9b\u00e9 Cuddle Up est aussi adorable que fonctionnel, avec la capuche amovible en forme d&#8217;ours en peluche et une poche inspir\u00e9e d&#8217;un sweat \u00e0 capuche pour les mains des parents.<\/span><\/p>\n<p style=\"margin: 0px 0px 1em;font-size: 11px !important\"><strong>CARACT\u00c9RISTIQUES :<\/strong><\/p>\n<div class=\"tab-content tab-content--ys\">\n<div id=\"Tab1\" class=\"tab-pane active\" role=\"tabpanel\">\n<div id=\"info\">\n<ul style=\"margin: 0px;padding: 0px;padding-inline-start: 2rem;text-align: start\">\n<li style=\"padding-inline-start: 1.5em;margin-bottom: 0.5em\"><span>Transporte des enfants de 12 \u00e0 40 lb (5,4 \u00e0 18,1 kg)<\/span><\/li>\n<li style=\"padding-inline-start: 1.5em;margin-bottom: 0.5em\"><span>Si\u00e8ge confortable et ergonomique pour b\u00e9b\u00e9<\/span><\/li>\n<li style=\"padding-inline-start: 1.5em;margin-bottom: 0.5em\"><span>2 fa\u00e7ons de le porter : devant et en sac \u00e0 dos<\/span><\/li>\n<li style=\"padding-inline-start: 1.5em;margin-bottom: 0.5em\"><span>Capuche amovible avec un adorable style ours en peluche<\/span><\/li>\n<li style=\"padding-inline-start: 1.5em\"><span>Lavable en machine<\/span><\/li>\n<\/ul>\n<\/div>\n<\/div>\n<\/div>\n<\/div>\n","protected":false},"featured_media":2859,"comment_status":"open","ping_status":"closed","template":"","meta":{"site-sidebar-layout":"default","site-content-layout":"","ast-site-content-layout":"","site-content-style":"default","site-sidebar-style":"default","ast-global-header-display":"","ast-banner-title-visibility":"","ast-main-header-display":"","ast-hfb-above-header-display":"","ast-hfb-below-header-display":"","ast-hfb-mobile-header-display":"","site-post-title":"","ast-breadcrumbs-content":"","ast-featured-img":"","footer-sml-layout":"","theme-transparent-header-meta":"","adv-header-id-meta":"","stick-header-meta":"","header-above-stick-meta":"","header-main-stick-meta":"","header-below-stick-meta":"","astra-migrate-meta-layouts":"default","ast-page-background-enabled":"default","ast-page-background-meta":{"desktop":{"background-color":"var(--ast-global-color-4)","background-image":"","background-repeat":"repeat","background-position":"center center","background-size":"auto","background-attachment":"scroll","background-type":"","background-media":"","overlay-type":"","overlay-color":"","overlay-opacity":"","overlay-gradient":""},"tablet":{"background-color":"","background-image":"","background-repeat":"repeat","background-position":"center center","background-size":"auto","background-attachment":"scroll","background-type":"","background-media":"","overlay-type":"","overlay-color":"","overlay-opacity":"","overlay-gradient":""},"mobile":{"background-color":"","background-image":"","background-repeat":"repeat","background-position":"center center","background-size":"auto","background-attachment":"scroll","background-type":"","background-media":"","overlay-type":"","overlay-color":"","overlay-opacity":"","overlay-gradient":""}},"ast-content-background-meta":{"desktop":{"background-color":"var(--ast-global-color-5)","background-image":"","background-repeat":"repeat","background-position":"center center","background-size":"auto","background-attachment":"scroll","background-type":"","background-media":"","overlay-type":"","overlay-color":"","overlay-opacity":"","overlay-gradient":""},"tablet":{"background-color":"var(--ast-global-color-5)","background-image":"","background-repeat":"repeat","background-position":"center center","background-size":"auto","background-attachment":"scroll","background-type":"","background-media":"","overlay-type":"","overlay-color":"","overlay-opacity":"","overlay-gradient":""},"mobile":{"background-color":"var(--ast-global-color-5)","background-image":"","background-repeat":"repeat","background-position":"center center","background-size":"auto","background-attachment":"scroll","background-type":"","background-media":"","overlay-type":"","overlay-color":"","overlay-opacity":"","overlay-gradient":""}}},"product_cat":[38,37,58,41],"product_tag":[],"jetpack_sharing_enabled":true,"_links":{"self":[{"href":"https:\/\/bambinoscorner.ma\/index.php?rest_route=\/wp\/v2\/product\/2862"}],"collection":[{"href":"https:\/\/bambinoscorner.ma\/index.php?rest_route=\/wp\/v2\/product"}],"about":[{"href":"https:\/\/bambinoscorner.ma\/index.php?rest_route=\/wp\/v2\/types\/product"}],"replies":[{"embeddable":true,"href":"https:\/\/bambinoscorner.ma\/index.php?rest_route=%2Fwp%2Fv2%2Fcomments&post=2862"}],"version-history":[{"count":0,"href":"https:\/\/bambinoscorner.ma\/index.php?rest_route=\/wp\/v2\/product\/2862\/revisions"}],"wp:featuredmedia":[{"embeddable":true,"href":"https:\/\/bambinoscorner.ma\/index.php?rest_route=\/wp\/v2\/media\/2859"}],"wp:attachment":[{"href":"https:\/\/bambinoscorner.ma\/index.php?rest_route=%2Fwp%2Fv2%2Fmedia&parent=2862"}],"wp:term":[{"taxonomy":"product_cat","embeddable":true,"href":"https:\/\/bambinoscorner.ma\/index.php?rest_route=%2Fwp%2Fv2%2Fproduct_cat&post=2862"},{"taxonomy":"product_tag","embeddable":true,"href":"https:\/\/bambinoscorner.ma\/index.php?rest_route=%2Fwp%2Fv2%2Fproduct_tag&post=2862"}],"curies":[{"name":"wp","href":"https:\/\/api.w.org\/{rel}","templated":true}]}}