{"id":2779,"date":"2025-09-15T10:19:54","date_gmt":"2025-09-15T10:19:54","guid":{"rendered":"https:\/\/bambinoscorner.ma\/?post_type=product&#038;p=2779"},"modified":"2025-09-15T10:24:35","modified_gmt":"2025-09-15T10:24:35","slug":"couverture-demmaillotage-2-2","status":"publish","type":"product","link":"https:\/\/bambinoscorner.ma\/?product=couverture-demmaillotage-2-2","title":{"rendered":"Couverture d\u2019emmaillotage"},"content":{"rendered":"<p><span style=\"font-family: Poppins, sans-serif;font-size: 16px;font-style: normal;font-weight: 300;letter-spacing: normal;text-align: start;text-indent: 0px;text-transform: none;text-decoration: none;float: none\"><\/span><\/p>\n<p><span style=\"font-family: Poppins, sans-serif;font-size: 16px;font-style: normal;font-weight: 300;letter-spacing: normal;text-align: start;text-indent: 0px;text-transform: none;text-decoration: none;float: none\">L&#8217;emmaillotage est une m\u00e9thode efficace pour aider votre b\u00e9b\u00e9 \u00e0 se calmer. Les jeunes b\u00e9b\u00e9s en particulier peuvent avoir du mal \u00e0 bien dormir, ce qui les fatigue et les fait pleurer. Cela peut \u00e9galement rendre l&#8217;alimentation plus difficile. Pour briser ce cercle vicieux, vous pouvez utiliser une couverture d&#8217;emmaillotage pour aider votre b\u00e9b\u00e9 \u00e0 s&#8217;endormir paisiblement. N&#8217;oubliez pas de consulter votre p\u00e9diatre avant de proc\u00e9der au premier emmaillotage.<\/span><\/p>\n<p><span style=\"font-family: Poppins, sans-serif;font-size: 16px;font-style: normal;font-weight: 300;letter-spacing: normal;text-align: start;text-indent: 0px;text-transform: none;text-decoration: none;float: none\">100% coton<\/span><\/p>\n<p><span style=\"font-family: Poppins, sans-serif;font-size: 16px;font-style: normal;font-weight: 300;letter-spacing: normal;text-align: start;text-indent: 0px;text-transform: none;text-decoration: none;float: none\">0-3 mois.<\/span><\/p>\n","protected":false},"excerpt":{"rendered":"<p>L&#8217;emmaillotage est une m\u00e9thode efficace pour aider votre b\u00e9b\u00e9 \u00e0 se calmer. Les jeunes b\u00e9b\u00e9s en particulier peuvent avoir du mal \u00e0 bien dormir, ce qui les fatigue et les fait pleurer. Cela peut \u00e9galement rendre l&#8217;alimentation plus difficile. Pour briser ce cercle vicieux, vous pouvez utiliser une couverture d&#8217;emmaillotage pour aider votre b\u00e9b\u00e9 \u00e0 [&hellip;]<\/p>\n","protected":false},"featured_media":2780,"comment_status":"open","ping_status":"closed","template":"","meta":{"site-sidebar-layout":"default","site-content-layout":"","ast-site-content-layout":"","site-content-style":"default","site-sidebar-style":"default","ast-global-header-display":"","ast-banner-title-visibility":"","ast-main-header-display":"","ast-hfb-above-header-display":"","ast-hfb-below-header-display":"","ast-hfb-mobile-header-display":"","site-post-title":"","ast-breadcrumbs-content":"","ast-featured-img":"","footer-sml-layout":"","theme-transparent-header-meta":"","adv-header-id-meta":"","stick-header-meta":"","header-above-stick-meta":"","header-main-stick-meta":"","header-below-stick-meta":"","astra-migrate-meta-layouts":"default","ast-page-background-enabled":"default","ast-page-background-meta":{"desktop":{"background-color":"var(--ast-global-color-4)","background-image":"","background-repeat":"repeat","background-position":"center center","background-size":"auto","background-attachment":"scroll","background-type":"","background-media":"","overlay-type":"","overlay-color":"","overlay-opacity":"","overlay-gradient":""},"tablet":{"background-color":"","background-image":"","background-repeat":"repeat","background-position":"center center","background-size":"auto","background-attachment":"scroll","background-type":"","background-media":"","overlay-type":"","overlay-color":"","overlay-opacity":"","overlay-gradient":""},"mobile":{"background-color":"","background-image":"","background-repeat":"repeat","background-position":"center center","background-size":"auto","background-attachment":"scroll","background-type":"","background-media":"","overlay-type":"","overlay-color":"","overlay-opacity":"","overlay-gradient":""}},"ast-content-background-meta":{"desktop":{"background-color":"var(--ast-global-color-5)","background-image":"","background-repeat":"repeat","background-position":"center center","background-size":"auto","background-attachment":"scroll","background-type":"","background-media":"","overlay-type":"","overlay-color":"","overlay-opacity":"","overlay-gradient":""},"tablet":{"background-color":"var(--ast-global-color-5)","background-image":"","background-repeat":"repeat","background-position":"center center","background-size":"auto","background-attachment":"scroll","background-type":"","background-media":"","overlay-type":"","overlay-color":"","overlay-opacity":"","overlay-gradient":""},"mobile":{"background-color":"var(--ast-global-color-5)","background-image":"","background-repeat":"repeat","background-position":"center center","background-size":"auto","background-attachment":"scroll","background-type":"","background-media":"","overlay-type":"","overlay-color":"","overlay-opacity":"","overlay-gradient":""}}},"product_cat":[42,57],"product_tag":[],"jetpack_sharing_enabled":true,"_links":{"self":[{"href":"https:\/\/bambinoscorner.ma\/index.php?rest_route=\/wp\/v2\/product\/2779"}],"collection":[{"href":"https:\/\/bambinoscorner.ma\/index.php?rest_route=\/wp\/v2\/product"}],"about":[{"href":"https:\/\/bambinoscorner.ma\/index.php?rest_route=\/wp\/v2\/types\/product"}],"replies":[{"embeddable":true,"href":"https:\/\/bambinoscorner.ma\/index.php?rest_route=%2Fwp%2Fv2%2Fcomments&post=2779"}],"version-history":[{"count":1,"href":"https:\/\/bambinoscorner.ma\/index.php?rest_route=\/wp\/v2\/product\/2779\/revisions"}],"predecessor-version":[{"id":2781,"href":"https:\/\/bambinoscorner.ma\/index.php?rest_route=\/wp\/v2\/product\/2779\/revisions\/2781"}],"wp:featuredmedia":[{"embeddable":true,"href":"https:\/\/bambinoscorner.ma\/index.php?rest_route=\/wp\/v2\/media\/2780"}],"wp:attachment":[{"href":"https:\/\/bambinoscorner.ma\/index.php?rest_route=%2Fwp%2Fv2%2Fmedia&parent=2779"}],"wp:term":[{"taxonomy":"product_cat","embeddable":true,"href":"https:\/\/bambinoscorner.ma\/index.php?rest_route=%2Fwp%2Fv2%2Fproduct_cat&post=2779"},{"taxonomy":"product_tag","embeddable":true,"href":"https:\/\/bambinoscorner.ma\/index.php?rest_route=%2Fwp%2Fv2%2Fproduct_tag&post=2779"}],"curies":[{"name":"wp","href":"https:\/\/api.w.org\/{rel}","templated":true}]}}