{"id":2730,"date":"2025-09-14T16:45:25","date_gmt":"2025-09-14T16:45:25","guid":{"rendered":"https:\/\/bambinoscorner.ma\/?post_type=product&#038;p=2730"},"modified":"2025-09-14T16:45:53","modified_gmt":"2025-09-14T16:45:53","slug":"pack-2-bavoirs-100-coton-2-2","status":"publish","type":"product","link":"https:\/\/bambinoscorner.ma\/?product=pack-2-bavoirs-100-coton-2-2","title":{"rendered":"Copie Pack 2 bavoirs 100% coton"},"content":{"rendered":"<p>Pack de deux bavoirs 100% coton , id\u00e9al pour les premiers mois du b\u00e9b\u00e9.<\/p>\n","protected":false},"excerpt":{"rendered":"<p>Pack de deux bavoirs 100% coton , id\u00e9al pour les premiers mois du b\u00e9b\u00e9.<\/p>\n","protected":false},"featured_media":2731,"comment_status":"open","ping_status":"closed","template":"","meta":{"site-sidebar-layout":"default","site-content-layout":"","ast-site-content-layout":"","site-content-style":"default","site-sidebar-style":"default","ast-global-header-display":"","ast-banner-title-visibility":"","ast-main-header-display":"","ast-hfb-above-header-display":"","ast-hfb-below-header-display":"","ast-hfb-mobile-header-display":"","site-post-title":"","ast-breadcrumbs-content":"","ast-featured-img":"","footer-sml-layout":"","theme-transparent-header-meta":"","adv-header-id-meta":"","stick-header-meta":"","header-above-stick-meta":"","header-main-stick-meta":"","header-below-stick-meta":"","astra-migrate-meta-layouts":"default","ast-page-background-enabled":"default","ast-page-background-meta":{"desktop":{"background-color":"var(--ast-global-color-4)","background-image":"","background-repeat":"repeat","background-position":"center center","background-size":"auto","background-attachment":"scroll","background-type":"","background-media":"","overlay-type":"","overlay-color":"","overlay-opacity":"","overlay-gradient":""},"tablet":{"background-color":"","background-image":"","background-repeat":"repeat","background-position":"center center","background-size":"auto","background-attachment":"scroll","background-type":"","background-media":"","overlay-type":"","overlay-color":"","overlay-opacity":"","overlay-gradient":""},"mobile":{"background-color":"","background-image":"","background-repeat":"repeat","background-position":"center center","background-size":"auto","background-attachment":"scroll","background-type":"","background-media":"","overlay-type":"","overlay-color":"","overlay-opacity":"","overlay-gradient":""}},"ast-content-background-meta":{"desktop":{"background-color":"var(--ast-global-color-5)","background-image":"","background-repeat":"repeat","background-position":"center center","background-size":"auto","background-attachment":"scroll","background-type":"","background-media":"","overlay-type":"","overlay-color":"","overlay-opacity":"","overlay-gradient":""},"tablet":{"background-color":"var(--ast-global-color-5)","background-image":"","background-repeat":"repeat","background-position":"center center","background-size":"auto","background-attachment":"scroll","background-type":"","background-media":"","overlay-type":"","overlay-color":"","overlay-opacity":"","overlay-gradient":""},"mobile":{"background-color":"var(--ast-global-color-5)","background-image":"","background-repeat":"repeat","background-position":"center center","background-size":"auto","background-attachment":"scroll","background-type":"","background-media":"","overlay-type":"","overlay-color":"","overlay-opacity":"","overlay-gradient":""}}},"product_cat":[38,37,41,57,55],"product_tag":[],"jetpack_sharing_enabled":true,"_links":{"self":[{"href":"https:\/\/bambinoscorner.ma\/index.php?rest_route=\/wp\/v2\/product\/2730"}],"collection":[{"href":"https:\/\/bambinoscorner.ma\/index.php?rest_route=\/wp\/v2\/product"}],"about":[{"href":"https:\/\/bambinoscorner.ma\/index.php?rest_route=\/wp\/v2\/types\/product"}],"replies":[{"embeddable":true,"href":"https:\/\/bambinoscorner.ma\/index.php?rest_route=%2Fwp%2Fv2%2Fcomments&post=2730"}],"version-history":[{"count":1,"href":"https:\/\/bambinoscorner.ma\/index.php?rest_route=\/wp\/v2\/product\/2730\/revisions"}],"predecessor-version":[{"id":2732,"href":"https:\/\/bambinoscorner.ma\/index.php?rest_route=\/wp\/v2\/product\/2730\/revisions\/2732"}],"wp:featuredmedia":[{"embeddable":true,"href":"https:\/\/bambinoscorner.ma\/index.php?rest_route=\/wp\/v2\/media\/2731"}],"wp:attachment":[{"href":"https:\/\/bambinoscorner.ma\/index.php?rest_route=%2Fwp%2Fv2%2Fmedia&parent=2730"}],"wp:term":[{"taxonomy":"product_cat","embeddable":true,"href":"https:\/\/bambinoscorner.ma\/index.php?rest_route=%2Fwp%2Fv2%2Fproduct_cat&post=2730"},{"taxonomy":"product_tag","embeddable":true,"href":"https:\/\/bambinoscorner.ma\/index.php?rest_route=%2Fwp%2Fv2%2Fproduct_tag&post=2730"}],"curies":[{"name":"wp","href":"https:\/\/api.w.org\/{rel}","templated":true}]}}