{"id":2275,"date":"2025-09-13T12:49:44","date_gmt":"2025-09-13T12:49:44","guid":{"rendered":"https:\/\/bambinoscorner.ma\/?product=coussin-de-grossesse-en-microbilles-marque-babidu"},"modified":"2025-09-15T00:58:42","modified_gmt":"2025-09-15T00:58:42","slug":"coussin-de-grossesse-en-microbilles-marque-babidu","status":"publish","type":"product","link":"https:\/\/bambinoscorner.ma\/?product=coussin-de-grossesse-en-microbilles-marque-babidu","title":{"rendered":"Coussin de grossesse en microbilles marque Babidu"},"content":{"rendered":"<p style=\"margin-top: 0px;margin-bottom: 0.8rem;font-family: Nunito, sans-serif;font-size: 14px;font-style: normal;font-weight: 400;letter-spacing: normal;text-align: start;text-indent: 0px;text-transform: none;text-decoration: none\">Le coussin de grossesse babidu est un coussin multi-usages qui vous garantit le plus grand confort pendant votre grossesse. Et lorsque b\u00e9b\u00e9 sera l\u00e0, vous l\u2019adopterez pour lui donner le biberon, l\u2019allaiter ou pour l\u2019installer confortablement pour se d\u00e9tendre et jouer.<\/p>\n<p style=\"margin-top: 0px;margin-bottom: 0px;font-family: Nunito, sans-serif;font-size: 14px;font-style: normal;font-weight: 400;letter-spacing: normal;text-align: start;text-indent: 0px;text-transform: none;text-decoration: none\">Le coton organique, le tissu \u00e9lastique et le remplissage en microbilles font du coussin babidu un coussin multi-usages au confort exceptionnel et facile \u00e0 utiliser.<\/p>\n","protected":false},"excerpt":{"rendered":"<p>Le coussin de grossesse babidu est un coussin multi-usages qui vous garantit le plus grand confort pendant votre grossesse. Et lorsque b\u00e9b\u00e9 sera l\u00e0, vous l\u2019adopterez pour lui donner le biberon, l\u2019allaiter ou pour l\u2019installer confortablement pour se d\u00e9tendre et jouer. Le coton organique, le tissu \u00e9lastique et le remplissage en microbilles font du coussin [&hellip;]<\/p>\n","protected":false},"featured_media":2273,"comment_status":"open","ping_status":"closed","template":"","meta":{"site-sidebar-layout":"default","site-content-layout":"","ast-site-content-layout":"","site-content-style":"default","site-sidebar-style":"default","ast-global-header-display":"","ast-banner-title-visibility":"","ast-main-header-display":"","ast-hfb-above-header-display":"","ast-hfb-below-header-display":"","ast-hfb-mobile-header-display":"","site-post-title":"","ast-breadcrumbs-content":"","ast-featured-img":"","footer-sml-layout":"","theme-transparent-header-meta":"","adv-header-id-meta":"","stick-header-meta":"","header-above-stick-meta":"","header-main-stick-meta":"","header-below-stick-meta":"","astra-migrate-meta-layouts":"default","ast-page-background-enabled":"default","ast-page-background-meta":{"desktop":{"background-color":"var(--ast-global-color-4)","background-image":"","background-repeat":"repeat","background-position":"center center","background-size":"auto","background-attachment":"scroll","background-type":"","background-media":"","overlay-type":"","overlay-color":"","overlay-opacity":"","overlay-gradient":""},"tablet":{"background-color":"","background-image":"","background-repeat":"repeat","background-position":"center center","background-size":"auto","background-attachment":"scroll","background-type":"","background-media":"","overlay-type":"","overlay-color":"","overlay-opacity":"","overlay-gradient":""},"mobile":{"background-color":"","background-image":"","background-repeat":"repeat","background-position":"center center","background-size":"auto","background-attachment":"scroll","background-type":"","background-media":"","overlay-type":"","overlay-color":"","overlay-opacity":"","overlay-gradient":""}},"ast-content-background-meta":{"desktop":{"background-color":"var(--ast-global-color-5)","background-image":"","background-repeat":"repeat","background-position":"center center","background-size":"auto","background-attachment":"scroll","background-type":"","background-media":"","overlay-type":"","overlay-color":"","overlay-opacity":"","overlay-gradient":""},"tablet":{"background-color":"var(--ast-global-color-5)","background-image":"","background-repeat":"repeat","background-position":"center center","background-size":"auto","background-attachment":"scroll","background-type":"","background-media":"","overlay-type":"","overlay-color":"","overlay-opacity":"","overlay-gradient":""},"mobile":{"background-color":"var(--ast-global-color-5)","background-image":"","background-repeat":"repeat","background-position":"center center","background-size":"auto","background-attachment":"scroll","background-type":"","background-media":"","overlay-type":"","overlay-color":"","overlay-opacity":"","overlay-gradient":""}}},"product_cat":[60,41,57],"product_tag":[],"jetpack_sharing_enabled":true,"_links":{"self":[{"href":"https:\/\/bambinoscorner.ma\/index.php?rest_route=\/wp\/v2\/product\/2275"}],"collection":[{"href":"https:\/\/bambinoscorner.ma\/index.php?rest_route=\/wp\/v2\/product"}],"about":[{"href":"https:\/\/bambinoscorner.ma\/index.php?rest_route=\/wp\/v2\/types\/product"}],"replies":[{"embeddable":true,"href":"https:\/\/bambinoscorner.ma\/index.php?rest_route=%2Fwp%2Fv2%2Fcomments&post=2275"}],"version-history":[{"count":0,"href":"https:\/\/bambinoscorner.ma\/index.php?rest_route=\/wp\/v2\/product\/2275\/revisions"}],"wp:featuredmedia":[{"embeddable":true,"href":"https:\/\/bambinoscorner.ma\/index.php?rest_route=\/wp\/v2\/media\/2273"}],"wp:attachment":[{"href":"https:\/\/bambinoscorner.ma\/index.php?rest_route=%2Fwp%2Fv2%2Fmedia&parent=2275"}],"wp:term":[{"taxonomy":"product_cat","embeddable":true,"href":"https:\/\/bambinoscorner.ma\/index.php?rest_route=%2Fwp%2Fv2%2Fproduct_cat&post=2275"},{"taxonomy":"product_tag","embeddable":true,"href":"https:\/\/bambinoscorner.ma\/index.php?rest_route=%2Fwp%2Fv2%2Fproduct_tag&post=2275"}],"curies":[{"name":"wp","href":"https:\/\/api.w.org\/{rel}","templated":true}]}}