{"id":2258,"date":"2025-09-13T12:30:06","date_gmt":"2025-09-13T12:30:06","guid":{"rendered":"https:\/\/bambinoscorner.ma\/?post_type=product&#038;p=2258"},"modified":"2025-09-13T12:33:44","modified_gmt":"2025-09-13T12:33:44","slug":"combinaison-a-capuche","status":"publish","type":"product","link":"https:\/\/bambinoscorner.ma\/?product=combinaison-a-capuche","title":{"rendered":"Combinaison \u00e0 capuche"},"content":{"rendered":"<p data-mce-fragment=\"1\" style=\"font-family: Raleway, sans-serif;font-size: 15px;font-style: normal;font-weight: 400;letter-spacing: 0.6px;text-align: start;text-indent: 0px;text-transform: none;text-decoration: none\"><span style=\"vertical-align: inherit\"><span style=\"vertical-align: inherit\"><span style=\"vertical-align: inherit\"><span style=\"vertical-align: inherit\">Chouchoutez votre petit tr\u00e9sor avec notre&nbsp;Barboteuse Chaude \u00e0 Capuche&nbsp;. Con\u00e7ue sp\u00e9cialement pour les b\u00e9b\u00e9s pr\u00e9matur\u00e9s et les nourrissons, cette combinaison \u00e9paisse offre et confort maximal en toutes circonstances.<\/span><\/span><\/span><\/span><\/p>\n<h4 data-mce-fragment=\"1\" style=\"font-family: var(--font-heading-family);font-style: normal;font-weight: var(--font-heading-weight);letter-spacing: 0.6px;line-height: calc(1 + .3\/max(1,var(--font-heading-scale)));font-size: 15px;text-align: start;text-indent: 0px;text-transform: none;text-decoration: none\"><span style=\"vertical-align: inherit\"><span style=\"vertical-align: inherit\"><span style=\"vertical-align: inherit\"><span style=\"vertical-align: inherit\"><strong data-mce-fragment=\"1\">Confort Ultime :<\/strong><\/span><\/span><\/span><\/span><\/h4>\n<ul data-mce-fragment=\"1\" style=\"padding-left: 2rem;font-family: Raleway, sans-serif;font-size: 15px;font-style: normal;font-weight: 400;letter-spacing: 0.6px;text-align: start;text-indent: 0px;text-transform: none;text-decoration: none\">\n<li data-mce-fragment=\"1\"><span style=\"vertical-align: inherit\"><span style=\"vertical-align: inherit\"><span style=\"vertical-align: inherit\"><span style=\"vertical-align: inherit\"><strong data-mce-fragment=\"1\">Doublure ultra-douce :<\/strong><\/span><\/span><\/span><\/span><span style=\"vertical-align: inherit\"><\/span><span style=\"vertical-align: inherit\"><\/span><\/li>\n<li data-mce-fragment=\"1\" style=\"margin-bottom: 0px\"><span style=\"vertical-align: inherit\"><span style=\"vertical-align: inherit\"><span style=\"vertical-align: inherit\"><span style=\"vertical-align: inherit\"><strong data-mce-fragment=\"1\">Tissu \u00e9pais :<\/strong><\/span><\/span><\/span><\/span><span style=\"vertical-align: inherit\"><\/span><span style=\"vertical-align: inherit\"><\/span><\/li>\n<\/ul>\n","protected":false},"excerpt":{"rendered":"<p>Chouchoutez votre petit tr\u00e9sor avec notre&nbsp;Barboteuse Chaude \u00e0 Capuche&nbsp;. Con\u00e7ue sp\u00e9cialement pour les b\u00e9b\u00e9s pr\u00e9matur\u00e9s et les nourrissons, cette combinaison \u00e9paisse offre et confort maximal en toutes circonstances. Confort Ultime : Doublure ultra-douce : Tissu \u00e9pais :<\/p>\n","protected":false},"featured_media":2264,"comment_status":"open","ping_status":"closed","template":"","meta":{"site-sidebar-layout":"default","site-content-layout":"","ast-site-content-layout":"","site-content-style":"default","site-sidebar-style":"default","ast-global-header-display":"","ast-banner-title-visibility":"","ast-main-header-display":"","ast-hfb-above-header-display":"","ast-hfb-below-header-display":"","ast-hfb-mobile-header-display":"","site-post-title":"","ast-breadcrumbs-content":"","ast-featured-img":"","footer-sml-layout":"","theme-transparent-header-meta":"","adv-header-id-meta":"","stick-header-meta":"","header-above-stick-meta":"","header-main-stick-meta":"","header-below-stick-meta":"","astra-migrate-meta-layouts":"default","ast-page-background-enabled":"default","ast-page-background-meta":{"desktop":{"background-color":"var(--ast-global-color-4)","background-image":"","background-repeat":"repeat","background-position":"center center","background-size":"auto","background-attachment":"scroll","background-type":"","background-media":"","overlay-type":"","overlay-color":"","overlay-opacity":"","overlay-gradient":""},"tablet":{"background-color":"","background-image":"","background-repeat":"repeat","background-position":"center center","background-size":"auto","background-attachment":"scroll","background-type":"","background-media":"","overlay-type":"","overlay-color":"","overlay-opacity":"","overlay-gradient":""},"mobile":{"background-color":"","background-image":"","background-repeat":"repeat","background-position":"center center","background-size":"auto","background-attachment":"scroll","background-type":"","background-media":"","overlay-type":"","overlay-color":"","overlay-opacity":"","overlay-gradient":""}},"ast-content-background-meta":{"desktop":{"background-color":"var(--ast-global-color-5)","background-image":"","background-repeat":"repeat","background-position":"center center","background-size":"auto","background-attachment":"scroll","background-type":"","background-media":"","overlay-type":"","overlay-color":"","overlay-opacity":"","overlay-gradient":""},"tablet":{"background-color":"var(--ast-global-color-5)","background-image":"","background-repeat":"repeat","background-position":"center center","background-size":"auto","background-attachment":"scroll","background-type":"","background-media":"","overlay-type":"","overlay-color":"","overlay-opacity":"","overlay-gradient":""},"mobile":{"background-color":"var(--ast-global-color-5)","background-image":"","background-repeat":"repeat","background-position":"center center","background-size":"auto","background-attachment":"scroll","background-type":"","background-media":"","overlay-type":"","overlay-color":"","overlay-opacity":"","overlay-gradient":""}}},"product_cat":[38,55],"product_tag":[],"jetpack_sharing_enabled":true,"_links":{"self":[{"href":"https:\/\/bambinoscorner.ma\/index.php?rest_route=\/wp\/v2\/product\/2258"}],"collection":[{"href":"https:\/\/bambinoscorner.ma\/index.php?rest_route=\/wp\/v2\/product"}],"about":[{"href":"https:\/\/bambinoscorner.ma\/index.php?rest_route=\/wp\/v2\/types\/product"}],"replies":[{"embeddable":true,"href":"https:\/\/bambinoscorner.ma\/index.php?rest_route=%2Fwp%2Fv2%2Fcomments&post=2258"}],"version-history":[{"count":1,"href":"https:\/\/bambinoscorner.ma\/index.php?rest_route=\/wp\/v2\/product\/2258\/revisions"}],"predecessor-version":[{"id":2260,"href":"https:\/\/bambinoscorner.ma\/index.php?rest_route=\/wp\/v2\/product\/2258\/revisions\/2260"}],"wp:featuredmedia":[{"embeddable":true,"href":"https:\/\/bambinoscorner.ma\/index.php?rest_route=\/wp\/v2\/media\/2264"}],"wp:attachment":[{"href":"https:\/\/bambinoscorner.ma\/index.php?rest_route=%2Fwp%2Fv2%2Fmedia&parent=2258"}],"wp:term":[{"taxonomy":"product_cat","embeddable":true,"href":"https:\/\/bambinoscorner.ma\/index.php?rest_route=%2Fwp%2Fv2%2Fproduct_cat&post=2258"},{"taxonomy":"product_tag","embeddable":true,"href":"https:\/\/bambinoscorner.ma\/index.php?rest_route=%2Fwp%2Fv2%2Fproduct_tag&post=2258"}],"curies":[{"name":"wp","href":"https:\/\/api.w.org\/{rel}","templated":true}]}}