{"id":2225,"date":"2025-09-13T11:29:07","date_gmt":"2025-09-13T11:29:07","guid":{"rendered":"https:\/\/bambinoscorner.ma\/?product=coussin-dallaitement-rose"},"modified":"2025-09-13T11:29:09","modified_gmt":"2025-09-13T11:29:09","slug":"coussin-dallaitement-rose","status":"publish","type":"product","link":"https:\/\/bambinoscorner.ma\/?product=coussin-dallaitement-rose","title":{"rendered":"Coussin d\u2019allaitement rose"},"content":{"rendered":"<p style=\"border: 0px;font-size: 14.591999px;font-style: normal;font-weight: 400;margin: 0px 0px 1em;padding: 0px;vertical-align: baseline;font-family\">Notre toute nouvelle collection de coussin est fabriqu\u00e9e avec soin et beaucoup d\u2019amour dans notre atelier : by Bambinos corner.<\/p>\n<p style=\"border: 0px;font-size: 14.591999px;font-style: normal;font-weight: 400;margin: 0px 0px 1em;padding: 0px;vertical-align: baseline;font-family\">Notre coussin d\u2019allaitement avec double housse et d\u00e9houssable est 100% coton. Il permet:<\/p>\n<ul style=\"border: 0px;font-size: 14.591999px;font-style: normal;font-weight: 400;margin: 0px 0px 1em 3em;padding: 0px;vertical-align: baseline;font-family\">\n<li style=\"border: 0px;font-size: 14.591999px;font-style: inherit;font-weight: inherit;margin: 0px;padding: 0px;vertical-align: baseline\">D\u00e8s le d\u00e9but de la grossesse \u00e0 la future maman d\u2019adopter des positions relaxantes.<\/li>\n<li style=\"border: 0px;font-size: 14.591999px;font-style: inherit;font-weight: inherit;margin: 0px 0px 1em;padding: 0px;vertical-align: baseline\">Durant la p\u00e9riode d\u2019allaitement de trouver la hauteur id\u00e9ale pour la t\u00e9t\u00e9e ou le biberon, \u00e9vitant le mal de dos<\/li>\n<\/ul>\n","protected":false},"excerpt":{"rendered":"<p>Notre toute nouvelle collection de coussin est fabriqu\u00e9e avec soin et beaucoup d\u2019amour dans notre atelier : by Bambinos corner. Notre coussin d\u2019allaitement avec double housse et d\u00e9houssable est 100% coton. Il permet: D\u00e8s le d\u00e9but de la grossesse \u00e0 la future maman d\u2019adopter des positions relaxantes. Durant la p\u00e9riode d\u2019allaitement de trouver la hauteur [&hellip;]<\/p>\n","protected":false},"featured_media":2224,"comment_status":"open","ping_status":"closed","template":"","meta":{"site-sidebar-layout":"default","site-content-layout":"","ast-site-content-layout":"","site-content-style":"default","site-sidebar-style":"default","ast-global-header-display":"","ast-banner-title-visibility":"","ast-main-header-display":"","ast-hfb-above-header-display":"","ast-hfb-below-header-display":"","ast-hfb-mobile-header-display":"","site-post-title":"","ast-breadcrumbs-content":"","ast-featured-img":"","footer-sml-layout":"","theme-transparent-header-meta":"","adv-header-id-meta":"","stick-header-meta":"","header-above-stick-meta":"","header-main-stick-meta":"","header-below-stick-meta":"","astra-migrate-meta-layouts":"default","ast-page-background-enabled":"default","ast-page-background-meta":{"desktop":{"background-color":"var(--ast-global-color-4)","background-image":"","background-repeat":"repeat","background-position":"center center","background-size":"auto","background-attachment":"scroll","background-type":"","background-media":"","overlay-type":"","overlay-color":"","overlay-opacity":"","overlay-gradient":""},"tablet":{"background-color":"","background-image":"","background-repeat":"repeat","background-position":"center center","background-size":"auto","background-attachment":"scroll","background-type":"","background-media":"","overlay-type":"","overlay-color":"","overlay-opacity":"","overlay-gradient":""},"mobile":{"background-color":"","background-image":"","background-repeat":"repeat","background-position":"center center","background-size":"auto","background-attachment":"scroll","background-type":"","background-media":"","overlay-type":"","overlay-color":"","overlay-opacity":"","overlay-gradient":""}},"ast-content-background-meta":{"desktop":{"background-color":"var(--ast-global-color-5)","background-image":"","background-repeat":"repeat","background-position":"center center","background-size":"auto","background-attachment":"scroll","background-type":"","background-media":"","overlay-type":"","overlay-color":"","overlay-opacity":"","overlay-gradient":""},"tablet":{"background-color":"var(--ast-global-color-5)","background-image":"","background-repeat":"repeat","background-position":"center center","background-size":"auto","background-attachment":"scroll","background-type":"","background-media":"","overlay-type":"","overlay-color":"","overlay-opacity":"","overlay-gradient":""},"mobile":{"background-color":"var(--ast-global-color-5)","background-image":"","background-repeat":"repeat","background-position":"center center","background-size":"auto","background-attachment":"scroll","background-type":"","background-media":"","overlay-type":"","overlay-color":"","overlay-opacity":"","overlay-gradient":""}}},"product_cat":[41,57,59],"product_tag":[],"jetpack_sharing_enabled":true,"_links":{"self":[{"href":"https:\/\/bambinoscorner.ma\/index.php?rest_route=\/wp\/v2\/product\/2225"}],"collection":[{"href":"https:\/\/bambinoscorner.ma\/index.php?rest_route=\/wp\/v2\/product"}],"about":[{"href":"https:\/\/bambinoscorner.ma\/index.php?rest_route=\/wp\/v2\/types\/product"}],"replies":[{"embeddable":true,"href":"https:\/\/bambinoscorner.ma\/index.php?rest_route=%2Fwp%2Fv2%2Fcomments&post=2225"}],"version-history":[{"count":0,"href":"https:\/\/bambinoscorner.ma\/index.php?rest_route=\/wp\/v2\/product\/2225\/revisions"}],"wp:featuredmedia":[{"embeddable":true,"href":"https:\/\/bambinoscorner.ma\/index.php?rest_route=\/wp\/v2\/media\/2224"}],"wp:attachment":[{"href":"https:\/\/bambinoscorner.ma\/index.php?rest_route=%2Fwp%2Fv2%2Fmedia&parent=2225"}],"wp:term":[{"taxonomy":"product_cat","embeddable":true,"href":"https:\/\/bambinoscorner.ma\/index.php?rest_route=%2Fwp%2Fv2%2Fproduct_cat&post=2225"},{"taxonomy":"product_tag","embeddable":true,"href":"https:\/\/bambinoscorner.ma\/index.php?rest_route=%2Fwp%2Fv2%2Fproduct_tag&post=2225"}],"curies":[{"name":"wp","href":"https:\/\/api.w.org\/{rel}","templated":true}]}}