{"id":2163,"date":"2025-09-13T09:00:29","date_gmt":"2025-09-13T09:00:29","guid":{"rendered":"https:\/\/bambinoscorner.ma\/?product=bella-mamma-coussinets-dallaitement-confort-30-pieces"},"modified":"2025-09-13T09:00:32","modified_gmt":"2025-09-13T09:00:32","slug":"bella-mamma-coussinets-dallaitement-confort-30-pieces","status":"publish","type":"product","link":"https:\/\/bambinoscorner.ma\/?product=bella-mamma-coussinets-dallaitement-confort-30-pieces","title":{"rendered":"Bella Mamma Coussinets d\u2019allaitement Confort (30 pi\u00e8ces)"},"content":{"rendered":"<p style=\"margin-bottom: 1.3em;margin-top: 0px;font-family: sans-serif;font-style: normal;font-weight: 400;letter-spacing: normal;text-align: start;text-indent: 0px;text-transform: none;text-decoration: none\">Description du produit<\/p>\n<div class=\"ac fe fn ip iq ir is\" data-dmid=\"Popis produktu-content\" style=\"font-family: sans-serif;font-style: normal;font-weight: 400;letter-spacing: normal;text-align: start;text-indent: 0px;text-transform: none;text-decoration: none\">\n<div class=\"pdd_32c7by0\">\n<div>\n<ul class=\"pdd_32c7by2\" style=\"margin-top: 0px;padding: 0px;margin-bottom: 1.3em\">\n<li style=\"margin-bottom: 0.6em;margin-left: 1.3em\">haute absorption<\/li>\n<li style=\"margin-bottom: 0.6em;margin-left: 1.3em\">mati\u00e8re agr\u00e9able et douce<\/li>\n<li style=\"margin-bottom: 0.6em;margin-left: 1.3em\">la bande adh\u00e9sive maintient fermement l\u2019insert en place<\/li>\n<li style=\"margin-bottom: 0.6em;margin-left: 1.3em\">convient aux soutiens-gorge d\u2019allaitement r\u00e9guliers et sp\u00e9ciaux<\/li>\n<\/ul>\n<\/div>\n<div>\n<div class=\"pdd_32c7by3\">\n<div>Les coussinets d\u2019allaitement confort Bella Mamma pour les m\u00e8res qui allaitent sont sp\u00e9cialement form\u00e9s et fabriqu\u00e9s en coton doux. Ils ont un noyau super absorbant et une couche sp\u00e9ciale pour une distribution rapide du liquide. Il reste en place gr\u00e2ce \u00e0 la bande adh\u00e9sive. Les coussinets d\u2019allaitement confort Bella Mamma conviennent \u00e9galement aux fuites de lait importantes.<\/div>\n<\/div>\n<\/div>\n<\/div>\n<\/div>\n","protected":false},"excerpt":{"rendered":"<p>Description du produit haute absorption mati\u00e8re agr\u00e9able et douce la bande adh\u00e9sive maintient fermement l\u2019insert en place convient aux soutiens-gorge d\u2019allaitement r\u00e9guliers et sp\u00e9ciaux Les coussinets d\u2019allaitement confort Bella Mamma pour les m\u00e8res qui allaitent sont sp\u00e9cialement form\u00e9s et fabriqu\u00e9s en coton doux. Ils ont un noyau super absorbant et une couche sp\u00e9ciale pour une [&hellip;]<\/p>\n","protected":false},"featured_media":2162,"comment_status":"open","ping_status":"closed","template":"","meta":{"site-sidebar-layout":"default","site-content-layout":"","ast-site-content-layout":"","site-content-style":"default","site-sidebar-style":"default","ast-global-header-display":"","ast-banner-title-visibility":"","ast-main-header-display":"","ast-hfb-above-header-display":"","ast-hfb-below-header-display":"","ast-hfb-mobile-header-display":"","site-post-title":"","ast-breadcrumbs-content":"","ast-featured-img":"","footer-sml-layout":"","theme-transparent-header-meta":"","adv-header-id-meta":"","stick-header-meta":"","header-above-stick-meta":"","header-main-stick-meta":"","header-below-stick-meta":"","astra-migrate-meta-layouts":"default","ast-page-background-enabled":"default","ast-page-background-meta":{"desktop":{"background-color":"var(--ast-global-color-4)","background-image":"","background-repeat":"repeat","background-position":"center center","background-size":"auto","background-attachment":"scroll","background-type":"","background-media":"","overlay-type":"","overlay-color":"","overlay-opacity":"","overlay-gradient":""},"tablet":{"background-color":"","background-image":"","background-repeat":"repeat","background-position":"center center","background-size":"auto","background-attachment":"scroll","background-type":"","background-media":"","overlay-type":"","overlay-color":"","overlay-opacity":"","overlay-gradient":""},"mobile":{"background-color":"","background-image":"","background-repeat":"repeat","background-position":"center center","background-size":"auto","background-attachment":"scroll","background-type":"","background-media":"","overlay-type":"","overlay-color":"","overlay-opacity":"","overlay-gradient":""}},"ast-content-background-meta":{"desktop":{"background-color":"var(--ast-global-color-5)","background-image":"","background-repeat":"repeat","background-position":"center center","background-size":"auto","background-attachment":"scroll","background-type":"","background-media":"","overlay-type":"","overlay-color":"","overlay-opacity":"","overlay-gradient":""},"tablet":{"background-color":"var(--ast-global-color-5)","background-image":"","background-repeat":"repeat","background-position":"center center","background-size":"auto","background-attachment":"scroll","background-type":"","background-media":"","overlay-type":"","overlay-color":"","overlay-opacity":"","overlay-gradient":""},"mobile":{"background-color":"var(--ast-global-color-5)","background-image":"","background-repeat":"repeat","background-position":"center center","background-size":"auto","background-attachment":"scroll","background-type":"","background-media":"","overlay-type":"","overlay-color":"","overlay-opacity":"","overlay-gradient":""}}},"product_cat":[42,60],"product_tag":[],"jetpack_sharing_enabled":true,"_links":{"self":[{"href":"https:\/\/bambinoscorner.ma\/index.php?rest_route=\/wp\/v2\/product\/2163"}],"collection":[{"href":"https:\/\/bambinoscorner.ma\/index.php?rest_route=\/wp\/v2\/product"}],"about":[{"href":"https:\/\/bambinoscorner.ma\/index.php?rest_route=\/wp\/v2\/types\/product"}],"replies":[{"embeddable":true,"href":"https:\/\/bambinoscorner.ma\/index.php?rest_route=%2Fwp%2Fv2%2Fcomments&post=2163"}],"version-history":[{"count":0,"href":"https:\/\/bambinoscorner.ma\/index.php?rest_route=\/wp\/v2\/product\/2163\/revisions"}],"wp:featuredmedia":[{"embeddable":true,"href":"https:\/\/bambinoscorner.ma\/index.php?rest_route=\/wp\/v2\/media\/2162"}],"wp:attachment":[{"href":"https:\/\/bambinoscorner.ma\/index.php?rest_route=%2Fwp%2Fv2%2Fmedia&parent=2163"}],"wp:term":[{"taxonomy":"product_cat","embeddable":true,"href":"https:\/\/bambinoscorner.ma\/index.php?rest_route=%2Fwp%2Fv2%2Fproduct_cat&post=2163"},{"taxonomy":"product_tag","embeddable":true,"href":"https:\/\/bambinoscorner.ma\/index.php?rest_route=%2Fwp%2Fv2%2Fproduct_tag&post=2163"}],"curies":[{"name":"wp","href":"https:\/\/api.w.org\/{rel}","templated":true}]}}