{"id":2145,"date":"2025-09-13T00:07:59","date_gmt":"2025-09-13T00:07:59","guid":{"rendered":"https:\/\/bambinoscorner.ma\/?product=lansinoh-coussinets-dallaitement-jetables-60-pieces"},"modified":"2025-09-13T00:08:19","modified_gmt":"2025-09-13T00:08:19","slug":"lansinoh-coussinets-dallaitement-jetables-60-pieces","status":"publish","type":"product","link":"https:\/\/bambinoscorner.ma\/?product=lansinoh-coussinets-dallaitement-jetables-60-pieces","title":{"rendered":"Lansinoh Coussinets D&#8217;allaitement Jetables 60 Pi\u00e8ces"},"content":{"rendered":"<ul class=\"a-unordered-list a-vertical a-spacing-none\" style=\"margin: 0px 0px 1em;padding: 0px 0px 0px 1em;font-family: Poppins, sans-serif;font-size: 13px;font-style: normal;font-weight: 400;letter-spacing: normal;text-align: start;text-indent: 0px;text-transform: none;text-decoration: none\">\n<li><span class=\"a-list-item\" style=\"font-family: Montserrat\">Coussinets d\u2019allaitement jetables Blue Lock Lansinoh x 60 pi\u00e8ces<\/span><\/li>\n<li><span class=\"a-list-item\" style=\"font-family: Montserrat\">Coussinets ultra-absorbants gr\u00e2ce \u00e0 la technologie Blue Lock qui peut absorber jusqu\u2019\u00e0 20 fois le volume du coussinet<\/span><\/li>\n<li><span class=\"a-list-item\" style=\"font-family: Montserrat\">Ultra minces pour une discr\u00e9tion parfaite<\/span><\/li>\n<li><span class=\"a-list-item\" style=\"font-family: Montserrat\">Surface respirante avec une grande douceur pour un confort optimal tout en s\u2019assurant que vos v\u00eatements restent secs<\/span><\/li>\n<li><span class=\"a-list-item\" style=\"font-family: Montserrat\">2 bandes adh\u00e9sives pour maintenir les coussinets en place<\/span><\/li>\n<li><span class=\"a-list-item\" style=\"font-family: Montserrat\">Emball\u00e9s individuellement pour plus d\u2019hygi\u00e8ne et de praticit\u00e9<\/span><\/li>\n<li><span class=\"a-list-item\" style=\"font-family: Montserrat\">Conviennent \u00e0 toutes les tailles de poitrine, sans BPA ni BPS<\/span><\/li>\n<\/ul>\n<div class=\"a-row a-expander-container a-expander-inline-container\" style=\"font-family: Poppins, sans-serif;font-size: 13px;font-style: normal;font-weight: 400;letter-spacing: normal;text-align: start;text-indent: 0px;text-transform: none;text-decoration: none\">\n<div class=\"a-expander-content a-expander-extend-content a-expander-content-expanded\">\n<ul class=\"a-unordered-list a-vertical a-spacing-none\" style=\"margin: 0px 0px 1em;padding: 0px 0px 0px 1em\">\n<li><span class=\"a-list-item\" style=\"font-family: Montserrat\">Sans BPA ou BPS<\/span><\/li>\n<li><span class=\"a-list-item\" style=\"font-family: Montserrat\">Contenu du packaging: 60 coussinets<\/span><\/li>\n<li><span class=\"a-list-item\" style=\"font-family: Montserrat\">Coussinets ultra-fins, confortables &amp; discrets<\/span><\/li>\n<li><span class=\"a-list-item\" style=\"font-family: Montserrat\">Syst\u00e8me de r\u00e9tention de l\u2019humidit\u00e9<\/span><\/li>\n<li><span class=\"a-list-item\" style=\"font-family: Montserrat\">Avec des bords tr\u00e8s fins pour \u00eatre invisibles sous les v\u00eatements<\/span><\/li>\n<li><span class=\"a-list-item\" style=\"font-family: Montserrat\">Compos\u00e9 d\u2019un polym\u00e8re tr\u00e8s absorbant<\/span><\/li>\n<li><span class=\"a-list-item\" style=\"font-family: Montserrat\">3 larges adh\u00e9sifs pour maintenir le coussinet bien en place<\/span><\/li>\n<li><span class=\"a-list-item\" style=\"font-family: Montserrat\">Seuls coussinets en polym\u00e8re qui gardent parfaitement leur forme m\u00eame gorg\u00e9s de lait<\/span><\/li>\n<li><span class=\"a-list-item\" style=\"font-family: Montserrat\">Emball\u00e9s individuellement pour plus d\u2019hygi\u00e8ne<\/span><\/li>\n<li><span class=\"a-list-item\" style=\"font-family: Montserrat\">60 coussinets<\/span><\/li>\n<\/ul>\n<\/div>\n<\/div>\n","protected":false},"excerpt":{"rendered":"<p>Coussinets d\u2019allaitement jetables Blue Lock Lansinoh x 60 pi\u00e8ces Coussinets ultra-absorbants gr\u00e2ce \u00e0 la technologie Blue Lock qui peut absorber jusqu\u2019\u00e0 20 fois le volume du coussinet Ultra minces pour une discr\u00e9tion parfaite Surface respirante avec une grande douceur pour un confort optimal tout en s\u2019assurant que vos v\u00eatements restent secs 2 bandes adh\u00e9sives pour [&hellip;]<\/p>\n","protected":false},"featured_media":2144,"comment_status":"open","ping_status":"closed","template":"","meta":{"site-sidebar-layout":"default","site-content-layout":"","ast-site-content-layout":"","site-content-style":"default","site-sidebar-style":"default","ast-global-header-display":"","ast-banner-title-visibility":"","ast-main-header-display":"","ast-hfb-above-header-display":"","ast-hfb-below-header-display":"","ast-hfb-mobile-header-display":"","site-post-title":"","ast-breadcrumbs-content":"","ast-featured-img":"","footer-sml-layout":"","theme-transparent-header-meta":"","adv-header-id-meta":"","stick-header-meta":"","header-above-stick-meta":"","header-main-stick-meta":"","header-below-stick-meta":"","astra-migrate-meta-layouts":"default","ast-page-background-enabled":"default","ast-page-background-meta":{"desktop":{"background-color":"var(--ast-global-color-4)","background-image":"","background-repeat":"repeat","background-position":"center center","background-size":"auto","background-attachment":"scroll","background-type":"","background-media":"","overlay-type":"","overlay-color":"","overlay-opacity":"","overlay-gradient":""},"tablet":{"background-color":"","background-image":"","background-repeat":"repeat","background-position":"center center","background-size":"auto","background-attachment":"scroll","background-type":"","background-media":"","overlay-type":"","overlay-color":"","overlay-opacity":"","overlay-gradient":""},"mobile":{"background-color":"","background-image":"","background-repeat":"repeat","background-position":"center center","background-size":"auto","background-attachment":"scroll","background-type":"","background-media":"","overlay-type":"","overlay-color":"","overlay-opacity":"","overlay-gradient":""}},"ast-content-background-meta":{"desktop":{"background-color":"var(--ast-global-color-5)","background-image":"","background-repeat":"repeat","background-position":"center center","background-size":"auto","background-attachment":"scroll","background-type":"","background-media":"","overlay-type":"","overlay-color":"","overlay-opacity":"","overlay-gradient":""},"tablet":{"background-color":"var(--ast-global-color-5)","background-image":"","background-repeat":"repeat","background-position":"center center","background-size":"auto","background-attachment":"scroll","background-type":"","background-media":"","overlay-type":"","overlay-color":"","overlay-opacity":"","overlay-gradient":""},"mobile":{"background-color":"var(--ast-global-color-5)","background-image":"","background-repeat":"repeat","background-position":"center center","background-size":"auto","background-attachment":"scroll","background-type":"","background-media":"","overlay-type":"","overlay-color":"","overlay-opacity":"","overlay-gradient":""}}},"product_cat":[41,57],"product_tag":[],"jetpack_sharing_enabled":true,"_links":{"self":[{"href":"https:\/\/bambinoscorner.ma\/index.php?rest_route=\/wp\/v2\/product\/2145"}],"collection":[{"href":"https:\/\/bambinoscorner.ma\/index.php?rest_route=\/wp\/v2\/product"}],"about":[{"href":"https:\/\/bambinoscorner.ma\/index.php?rest_route=\/wp\/v2\/types\/product"}],"replies":[{"embeddable":true,"href":"https:\/\/bambinoscorner.ma\/index.php?rest_route=%2Fwp%2Fv2%2Fcomments&post=2145"}],"version-history":[{"count":1,"href":"https:\/\/bambinoscorner.ma\/index.php?rest_route=\/wp\/v2\/product\/2145\/revisions"}],"predecessor-version":[{"id":2146,"href":"https:\/\/bambinoscorner.ma\/index.php?rest_route=\/wp\/v2\/product\/2145\/revisions\/2146"}],"wp:featuredmedia":[{"embeddable":true,"href":"https:\/\/bambinoscorner.ma\/index.php?rest_route=\/wp\/v2\/media\/2144"}],"wp:attachment":[{"href":"https:\/\/bambinoscorner.ma\/index.php?rest_route=%2Fwp%2Fv2%2Fmedia&parent=2145"}],"wp:term":[{"taxonomy":"product_cat","embeddable":true,"href":"https:\/\/bambinoscorner.ma\/index.php?rest_route=%2Fwp%2Fv2%2Fproduct_cat&post=2145"},{"taxonomy":"product_tag","embeddable":true,"href":"https:\/\/bambinoscorner.ma\/index.php?rest_route=%2Fwp%2Fv2%2Fproduct_tag&post=2145"}],"curies":[{"name":"wp","href":"https:\/\/api.w.org\/{rel}","templated":true}]}}