{"id":2138,"date":"2025-09-12T23:57:21","date_gmt":"2025-09-12T23:57:21","guid":{"rendered":"https:\/\/bambinoscorner.ma\/?product=couche-carry-boo-numero-1"},"modified":"2025-09-12T23:57:45","modified_gmt":"2025-09-12T23:57:45","slug":"couche-carry-boo-numero-1","status":"publish","type":"product","link":"https:\/\/bambinoscorner.ma\/?product=couche-carry-boo-numero-1","title":{"rendered":"Couche carry boo num\u00e9ro 1"},"content":{"rendered":"<p><span><strong style=\"font-weight: bolder;font-family: Roboto, sans-serif;font-size: 14px\">\u2713 Des couches COCORICO:<\/strong><\/span><span><span style=\"font-family: Roboto, sans-serif;font-size: 14px\">&nbsp;les couches CARRYBOO DE NOS REGIONS sont fabriqu\u00e9es dans notre Fabrique \u00e0 couches des Hauts de France. mais on ne s\u2019est pas arr\u00eat\u00e9 l\u00e0 : nous avons s\u00e9lectionn\u00e9 un maximum d\u2019ingr\u00e9dients fran\u00e7ais: Landes, Vosges, Sommes en passant par le Nord !<\/span><\/span><br \/>\n<span style=\"font-style: normal;font-weight: 400;letter-spacing: normal;text-align: start;text-indent: 0px;text-transform: none;text-decoration: none;font-family: Roboto, sans-serif;font-size: 14px\">Bref le meilleur de nos r\u00e9gions pour les petites fesses de b\u00e9b\u00e9 ! De quoi d\u201dcrocher la certification ORGINE FRANCE GARNATIE.<\/span><br \/>\n<span><strong style=\"font-weight: bolder;font-family: Roboto, sans-serif;font-size: 14px\">\u2713 Garanties 0% cochonneries:<\/strong><\/span><span><span style=\"font-family: Roboto, sans-serif;font-size: 14px\">&nbsp;petrolatum, parfum, lotion, OGM\u2026 rien de tout \u00e7a \u00e0 l\u2019horizon !De quoi profiter de b\u00e9b\u00e9 l\u2019esprit l\u00e9ger.<\/span><\/span><br \/>\n<span><strong style=\"font-weight: bolder;font-family: Roboto, sans-serif;font-size: 14px\">\u2713 Sans compromis sur l\u2019efficacit\u00e9:<\/strong><\/span><span><span style=\"font-family: Roboto, sans-serif;font-size: 14px\">&nbsp;de jour cimme de nuit, b\u00e9b\u00e9 restera au sec jusqu\u2019\u00e0 12H gr\u00e2ce \u00e0 notre syst\u00e8me de canaux qui assure une meilleure dispersion de l\u2019urine. B\u00e9b\u00e9 devra trouver une autre excuse pour vous reveiller la nuit\u2026<\/span><\/span><br \/>\n<span><strong style=\"font-weight: bolder;font-family: Roboto, sans-serif;font-size: 14px\">\u2713 100% mignonnerie:<\/strong><\/span><span><span style=\"font-family: Roboto, sans-serif;font-size: 14px\">&nbsp;de la douceur avec des petits mots d\u2019amour, de la mignonnerie avec nos petits animaux rigolos, succ\u00e8s garanti chez les petits comme chez les grands!<\/span><\/span><\/p>\n","protected":false},"excerpt":{"rendered":"<p>\u2713 Des couches COCORICO:&nbsp;les couches CARRYBOO DE NOS REGIONS sont fabriqu\u00e9es dans notre Fabrique \u00e0 couches des Hauts de France. mais on ne s\u2019est pas arr\u00eat\u00e9 l\u00e0 : nous avons s\u00e9lectionn\u00e9 un maximum d\u2019ingr\u00e9dients fran\u00e7ais: Landes, Vosges, Sommes en passant par le Nord ! Bref le meilleur de nos r\u00e9gions pour les petites fesses de [&hellip;]<\/p>\n","protected":false},"featured_media":2137,"comment_status":"open","ping_status":"closed","template":"","meta":{"site-sidebar-layout":"default","site-content-layout":"","ast-site-content-layout":"","site-content-style":"default","site-sidebar-style":"default","ast-global-header-display":"","ast-banner-title-visibility":"","ast-main-header-display":"","ast-hfb-above-header-display":"","ast-hfb-below-header-display":"","ast-hfb-mobile-header-display":"","site-post-title":"","ast-breadcrumbs-content":"","ast-featured-img":"","footer-sml-layout":"","theme-transparent-header-meta":"","adv-header-id-meta":"","stick-header-meta":"","header-above-stick-meta":"","header-main-stick-meta":"","header-below-stick-meta":"","astra-migrate-meta-layouts":"default","ast-page-background-enabled":"default","ast-page-background-meta":{"desktop":{"background-color":"var(--ast-global-color-4)","background-image":"","background-repeat":"repeat","background-position":"center center","background-size":"auto","background-attachment":"scroll","background-type":"","background-media":"","overlay-type":"","overlay-color":"","overlay-opacity":"","overlay-gradient":""},"tablet":{"background-color":"","background-image":"","background-repeat":"repeat","background-position":"center center","background-size":"auto","background-attachment":"scroll","background-type":"","background-media":"","overlay-type":"","overlay-color":"","overlay-opacity":"","overlay-gradient":""},"mobile":{"background-color":"","background-image":"","background-repeat":"repeat","background-position":"center center","background-size":"auto","background-attachment":"scroll","background-type":"","background-media":"","overlay-type":"","overlay-color":"","overlay-opacity":"","overlay-gradient":""}},"ast-content-background-meta":{"desktop":{"background-color":"var(--ast-global-color-5)","background-image":"","background-repeat":"repeat","background-position":"center center","background-size":"auto","background-attachment":"scroll","background-type":"","background-media":"","overlay-type":"","overlay-color":"","overlay-opacity":"","overlay-gradient":""},"tablet":{"background-color":"var(--ast-global-color-5)","background-image":"","background-repeat":"repeat","background-position":"center center","background-size":"auto","background-attachment":"scroll","background-type":"","background-media":"","overlay-type":"","overlay-color":"","overlay-opacity":"","overlay-gradient":""},"mobile":{"background-color":"var(--ast-global-color-5)","background-image":"","background-repeat":"repeat","background-position":"center center","background-size":"auto","background-attachment":"scroll","background-type":"","background-media":"","overlay-type":"","overlay-color":"","overlay-opacity":"","overlay-gradient":""}}},"product_cat":[42,41,57],"product_tag":[],"jetpack_sharing_enabled":true,"_links":{"self":[{"href":"https:\/\/bambinoscorner.ma\/index.php?rest_route=\/wp\/v2\/product\/2138"}],"collection":[{"href":"https:\/\/bambinoscorner.ma\/index.php?rest_route=\/wp\/v2\/product"}],"about":[{"href":"https:\/\/bambinoscorner.ma\/index.php?rest_route=\/wp\/v2\/types\/product"}],"replies":[{"embeddable":true,"href":"https:\/\/bambinoscorner.ma\/index.php?rest_route=%2Fwp%2Fv2%2Fcomments&post=2138"}],"version-history":[{"count":1,"href":"https:\/\/bambinoscorner.ma\/index.php?rest_route=\/wp\/v2\/product\/2138\/revisions"}],"predecessor-version":[{"id":2139,"href":"https:\/\/bambinoscorner.ma\/index.php?rest_route=\/wp\/v2\/product\/2138\/revisions\/2139"}],"wp:featuredmedia":[{"embeddable":true,"href":"https:\/\/bambinoscorner.ma\/index.php?rest_route=\/wp\/v2\/media\/2137"}],"wp:attachment":[{"href":"https:\/\/bambinoscorner.ma\/index.php?rest_route=%2Fwp%2Fv2%2Fmedia&parent=2138"}],"wp:term":[{"taxonomy":"product_cat","embeddable":true,"href":"https:\/\/bambinoscorner.ma\/index.php?rest_route=%2Fwp%2Fv2%2Fproduct_cat&post=2138"},{"taxonomy":"product_tag","embeddable":true,"href":"https:\/\/bambinoscorner.ma\/index.php?rest_route=%2Fwp%2Fv2%2Fproduct_tag&post=2138"}],"curies":[{"name":"wp","href":"https:\/\/api.w.org\/{rel}","templated":true}]}}