{"id":2130,"date":"2025-09-12T23:50:22","date_gmt":"2025-09-12T23:50:22","guid":{"rendered":"https:\/\/bambinoscorner.ma\/?product=goupillon-nuk-2-en-1"},"modified":"2025-09-12T23:50:24","modified_gmt":"2025-09-12T23:50:24","slug":"goupillon-nuk-2-en-1","status":"publish","type":"product","link":"https:\/\/bambinoscorner.ma\/?product=goupillon-nuk-2-en-1","title":{"rendered":"Goupillon nuk 2 en 1"},"content":{"rendered":"<div id=\"product-description-short-1171\" class=\"rte-content product-description\" style=\"font-family: Nunito, sans-serif;font-size: 14px;font-style: normal;font-weight: 400;letter-spacing: normal;text-align: start;text-indent: 0px;text-transform: none;text-decoration: none\">\n<p style=\"margin-top: 0px;margin-bottom: 0.8rem\">Le Goupillon 2en1 de NUK nettoie en profondeur tous les recoins du biberon et assure un nettoyage efficace. Le goupillon NUK assure une hygi\u00e8ne optimale pour le biberon et sa t\u00e9tine, ainsi que les tasses de b\u00e9b\u00e9s.<\/p>\n<p style=\"margin-top: 0px;margin-bottom: 0.8rem\">&#8211; Manche ergonomique<\/p>\n<p style=\"margin-top: 0px;margin-bottom: 0px\">&#8211; Rince t\u00e9tine int\u00e9gr\u00e9, s\u2019embo\u00eete parfaitement dans le manche et garde sa forme initiale<\/p>\n<\/div>\n","protected":false},"excerpt":{"rendered":"<p>Le Goupillon 2en1 de NUK nettoie en profondeur tous les recoins du biberon et assure un nettoyage efficace. Le goupillon NUK assure une hygi\u00e8ne optimale pour le biberon et sa t\u00e9tine, ainsi que les tasses de b\u00e9b\u00e9s. &#8211; Manche ergonomique &#8211; Rince t\u00e9tine int\u00e9gr\u00e9, s\u2019embo\u00eete parfaitement dans le manche et garde sa forme initiale<\/p>\n","protected":false},"featured_media":2129,"comment_status":"open","ping_status":"closed","template":"","meta":{"site-sidebar-layout":"default","site-content-layout":"","ast-site-content-layout":"","site-content-style":"default","site-sidebar-style":"default","ast-global-header-display":"","ast-banner-title-visibility":"","ast-main-header-display":"","ast-hfb-above-header-display":"","ast-hfb-below-header-display":"","ast-hfb-mobile-header-display":"","site-post-title":"","ast-breadcrumbs-content":"","ast-featured-img":"","footer-sml-layout":"","theme-transparent-header-meta":"","adv-header-id-meta":"","stick-header-meta":"","header-above-stick-meta":"","header-main-stick-meta":"","header-below-stick-meta":"","astra-migrate-meta-layouts":"default","ast-page-background-enabled":"default","ast-page-background-meta":{"desktop":{"background-color":"var(--ast-global-color-4)","background-image":"","background-repeat":"repeat","background-position":"center center","background-size":"auto","background-attachment":"scroll","background-type":"","background-media":"","overlay-type":"","overlay-color":"","overlay-opacity":"","overlay-gradient":""},"tablet":{"background-color":"","background-image":"","background-repeat":"repeat","background-position":"center center","background-size":"auto","background-attachment":"scroll","background-type":"","background-media":"","overlay-type":"","overlay-color":"","overlay-opacity":"","overlay-gradient":""},"mobile":{"background-color":"","background-image":"","background-repeat":"repeat","background-position":"center center","background-size":"auto","background-attachment":"scroll","background-type":"","background-media":"","overlay-type":"","overlay-color":"","overlay-opacity":"","overlay-gradient":""}},"ast-content-background-meta":{"desktop":{"background-color":"var(--ast-global-color-5)","background-image":"","background-repeat":"repeat","background-position":"center center","background-size":"auto","background-attachment":"scroll","background-type":"","background-media":"","overlay-type":"","overlay-color":"","overlay-opacity":"","overlay-gradient":""},"tablet":{"background-color":"var(--ast-global-color-5)","background-image":"","background-repeat":"repeat","background-position":"center center","background-size":"auto","background-attachment":"scroll","background-type":"","background-media":"","overlay-type":"","overlay-color":"","overlay-opacity":"","overlay-gradient":""},"mobile":{"background-color":"var(--ast-global-color-5)","background-image":"","background-repeat":"repeat","background-position":"center center","background-size":"auto","background-attachment":"scroll","background-type":"","background-media":"","overlay-type":"","overlay-color":"","overlay-opacity":"","overlay-gradient":""}}},"product_cat":[42,57],"product_tag":[],"jetpack_sharing_enabled":true,"_links":{"self":[{"href":"https:\/\/bambinoscorner.ma\/index.php?rest_route=\/wp\/v2\/product\/2130"}],"collection":[{"href":"https:\/\/bambinoscorner.ma\/index.php?rest_route=\/wp\/v2\/product"}],"about":[{"href":"https:\/\/bambinoscorner.ma\/index.php?rest_route=\/wp\/v2\/types\/product"}],"replies":[{"embeddable":true,"href":"https:\/\/bambinoscorner.ma\/index.php?rest_route=%2Fwp%2Fv2%2Fcomments&post=2130"}],"version-history":[{"count":0,"href":"https:\/\/bambinoscorner.ma\/index.php?rest_route=\/wp\/v2\/product\/2130\/revisions"}],"wp:featuredmedia":[{"embeddable":true,"href":"https:\/\/bambinoscorner.ma\/index.php?rest_route=\/wp\/v2\/media\/2129"}],"wp:attachment":[{"href":"https:\/\/bambinoscorner.ma\/index.php?rest_route=%2Fwp%2Fv2%2Fmedia&parent=2130"}],"wp:term":[{"taxonomy":"product_cat","embeddable":true,"href":"https:\/\/bambinoscorner.ma\/index.php?rest_route=%2Fwp%2Fv2%2Fproduct_cat&post=2130"},{"taxonomy":"product_tag","embeddable":true,"href":"https:\/\/bambinoscorner.ma\/index.php?rest_route=%2Fwp%2Fv2%2Fproduct_tag&post=2130"}],"curies":[{"name":"wp","href":"https:\/\/api.w.org\/{rel}","templated":true}]}}