{"id":2110,"date":"2025-09-12T23:06:51","date_gmt":"2025-09-12T23:06:51","guid":{"rendered":"https:\/\/bambinoscorner.ma\/?product=nuk-anneau-de-dentition-hippocampe-3m"},"modified":"2025-09-12T23:06:54","modified_gmt":"2025-09-12T23:06:54","slug":"nuk-anneau-de-dentition-hippocampe-3m","status":"publish","type":"product","link":"https:\/\/bambinoscorner.ma\/?product=nuk-anneau-de-dentition-hippocampe-3m","title":{"rendered":"NUK Anneau de Dentition Hippocampe- 3M+"},"content":{"rendered":"<p style=\"margin: 0px 0px 1em;font-family: Montserrat;font-size: 13px;font-style: normal;font-weight: 400;letter-spacing: normal;text-align: start;text-indent: 0px;text-transform: none;text-decoration: none\">L&#8217;<strong>Anneau de dentition Hippocampe 3m+ <\/strong><span class=\"Apple-converted-space\">&nbsp;<\/span>est con\u00e7u pour apaiser les gencives de b\u00e9b\u00e9 pendant la pouss\u00e9e dentaire. Gr\u00e2ce \u00e0 sa forme ergonomique, il permet \u00e0 b\u00e9b\u00e9 de le saisir facilement tout en offrant une sensation de fra\u00eecheur et de soulagement.<\/p>\n<p style=\"margin: 0px 0px 1em;font-family: Montserrat;font-size: 13px;font-style: normal;font-weight: 400;letter-spacing: normal;text-align: start;text-indent: 0px;text-transform: none;text-decoration: none\"><strong>Caract\u00e9ristiques<\/strong><span class=\"Apple-converted-space\">&nbsp;<\/span>:<\/p>\n<ul style=\"margin: 0px 0px 1em;padding: 0px;padding-inline-start: 2rem;text-align: start;font-family: Montserrat;font-size: 13px;font-style: normal;font-weight: 400;letter-spacing: normal;text-indent: 0px;text-transform: none;text-decoration: none\">\n<li style=\"padding-inline-start: 1.5em;margin-bottom: 0.5em\">Convient aux b\u00e9b\u00e9s d\u00e8s 3 mois<\/li>\n<li style=\"padding-inline-start: 1.5em;margin-bottom: 0.5em\">Con\u00e7u pour soulager les douleurs li\u00e9es \u00e0 la pouss\u00e9e dentaire<\/li>\n<li style=\"padding-inline-start: 1.5em;margin-bottom: 0.5em\">Forme ergonomique facile \u00e0 saisir<\/li>\n<li style=\"padding-inline-start: 1.5em;margin-bottom: 0.5em\">Mat\u00e9riau r\u00e9frig\u00e9rant pour un apaisement plus durable<\/li>\n<li style=\"padding-inline-start: 1.5em;margin-bottom: 0.5em\">Sans BPA pour la s\u00e9curit\u00e9 de b\u00e9b\u00e9<\/li>\n<li style=\"padding-inline-start: 1.5em;margin-bottom: 0.5em\">Couleur rose attrayante avec un design d&#8217;hippocampe<\/li>\n<li style=\"padding-inline-start: 1.5em\">L\u00e9ger et facile \u00e0 manipuler pour les petites mains<\/li>\n<\/ul>\n<p><span style=\"font-family: Montserrat;font-size: 13px;font-style: normal;font-weight: 400;letter-spacing: normal;text-align: start;text-indent: 0px;text-transform: none;text-decoration: none;float: none\"><\/span><\/p>\n<p style=\"margin: 0px;font-family: Montserrat;font-size: 13px;font-style: normal;font-weight: 400;letter-spacing: normal;text-align: start;text-indent: 0px;text-transform: none;text-decoration: none\">Cet anneau de dentition est id\u00e9al pour soulager les gencives irrit\u00e9es et apporter du confort \u00e0 b\u00e9b\u00e9 pendant cette \u00e9tape d\u00e9licate de son d\u00e9veloppement.<\/p>\n","protected":false},"excerpt":{"rendered":"<p>L&#8217;Anneau de dentition Hippocampe 3m+ &nbsp;est con\u00e7u pour apaiser les gencives de b\u00e9b\u00e9 pendant la pouss\u00e9e dentaire. Gr\u00e2ce \u00e0 sa forme ergonomique, il permet \u00e0 b\u00e9b\u00e9 de le saisir facilement tout en offrant une sensation de fra\u00eecheur et de soulagement. Caract\u00e9ristiques&nbsp;: Convient aux b\u00e9b\u00e9s d\u00e8s 3 mois Con\u00e7u pour soulager les douleurs li\u00e9es \u00e0 la [&hellip;]<\/p>\n","protected":false},"featured_media":2109,"comment_status":"open","ping_status":"closed","template":"","meta":{"site-sidebar-layout":"default","site-content-layout":"","ast-site-content-layout":"","site-content-style":"default","site-sidebar-style":"default","ast-global-header-display":"","ast-banner-title-visibility":"","ast-main-header-display":"","ast-hfb-above-header-display":"","ast-hfb-below-header-display":"","ast-hfb-mobile-header-display":"","site-post-title":"","ast-breadcrumbs-content":"","ast-featured-img":"","footer-sml-layout":"","theme-transparent-header-meta":"","adv-header-id-meta":"","stick-header-meta":"","header-above-stick-meta":"","header-main-stick-meta":"","header-below-stick-meta":"","astra-migrate-meta-layouts":"default","ast-page-background-enabled":"default","ast-page-background-meta":{"desktop":{"background-color":"var(--ast-global-color-4)","background-image":"","background-repeat":"repeat","background-position":"center center","background-size":"auto","background-attachment":"scroll","background-type":"","background-media":"","overlay-type":"","overlay-color":"","overlay-opacity":"","overlay-gradient":""},"tablet":{"background-color":"","background-image":"","background-repeat":"repeat","background-position":"center center","background-size":"auto","background-attachment":"scroll","background-type":"","background-media":"","overlay-type":"","overlay-color":"","overlay-opacity":"","overlay-gradient":""},"mobile":{"background-color":"","background-image":"","background-repeat":"repeat","background-position":"center center","background-size":"auto","background-attachment":"scroll","background-type":"","background-media":"","overlay-type":"","overlay-color":"","overlay-opacity":"","overlay-gradient":""}},"ast-content-background-meta":{"desktop":{"background-color":"var(--ast-global-color-5)","background-image":"","background-repeat":"repeat","background-position":"center center","background-size":"auto","background-attachment":"scroll","background-type":"","background-media":"","overlay-type":"","overlay-color":"","overlay-opacity":"","overlay-gradient":""},"tablet":{"background-color":"var(--ast-global-color-5)","background-image":"","background-repeat":"repeat","background-position":"center center","background-size":"auto","background-attachment":"scroll","background-type":"","background-media":"","overlay-type":"","overlay-color":"","overlay-opacity":"","overlay-gradient":""},"mobile":{"background-color":"var(--ast-global-color-5)","background-image":"","background-repeat":"repeat","background-position":"center center","background-size":"auto","background-attachment":"scroll","background-type":"","background-media":"","overlay-type":"","overlay-color":"","overlay-opacity":"","overlay-gradient":""}}},"product_cat":[42,57,59],"product_tag":[],"jetpack_sharing_enabled":true,"_links":{"self":[{"href":"https:\/\/bambinoscorner.ma\/index.php?rest_route=\/wp\/v2\/product\/2110"}],"collection":[{"href":"https:\/\/bambinoscorner.ma\/index.php?rest_route=\/wp\/v2\/product"}],"about":[{"href":"https:\/\/bambinoscorner.ma\/index.php?rest_route=\/wp\/v2\/types\/product"}],"replies":[{"embeddable":true,"href":"https:\/\/bambinoscorner.ma\/index.php?rest_route=%2Fwp%2Fv2%2Fcomments&post=2110"}],"version-history":[{"count":0,"href":"https:\/\/bambinoscorner.ma\/index.php?rest_route=\/wp\/v2\/product\/2110\/revisions"}],"wp:featuredmedia":[{"embeddable":true,"href":"https:\/\/bambinoscorner.ma\/index.php?rest_route=\/wp\/v2\/media\/2109"}],"wp:attachment":[{"href":"https:\/\/bambinoscorner.ma\/index.php?rest_route=%2Fwp%2Fv2%2Fmedia&parent=2110"}],"wp:term":[{"taxonomy":"product_cat","embeddable":true,"href":"https:\/\/bambinoscorner.ma\/index.php?rest_route=%2Fwp%2Fv2%2Fproduct_cat&post=2110"},{"taxonomy":"product_tag","embeddable":true,"href":"https:\/\/bambinoscorner.ma\/index.php?rest_route=%2Fwp%2Fv2%2Fproduct_tag&post=2110"}],"curies":[{"name":"wp","href":"https:\/\/api.w.org\/{rel}","templated":true}]}}