{"id":2101,"date":"2025-09-12T22:45:29","date_gmt":"2025-09-12T22:45:29","guid":{"rendered":"https:\/\/bambinoscorner.ma\/?post_type=product&#038;p=2101"},"modified":"2025-09-12T23:13:03","modified_gmt":"2025-09-12T23:13:03","slug":"liquide-vaisselle-biberons-et-tetines-nuk-500ml-nouvelle-formule","status":"publish","type":"product","link":"https:\/\/bambinoscorner.ma\/?product=liquide-vaisselle-biberons-et-tetines-nuk-500ml-nouvelle-formule","title":{"rendered":"Liquide vaisselle biberons et t\u00e9tines NUK &#8211; 500ml (nouvelle formule)"},"content":{"rendered":"<p style=\"margin: 0px 0px 1em;font-family: Montserrat;font-size: 13px;font-style: normal;font-weight: 400;letter-spacing: normal;text-align: start;text-indent: 0px;text-transform: none;text-decoration: none\">Au cours des premiers mois de sa vie, l&#8217;alimentation d&#8217;un b\u00e9b\u00e9 est avant tout du lait et de la pur\u00e9e. Apr\u00e8s les repas, des r\u00e9sidus restent sur les biberons, les t\u00e9tines, les tasses et les assiettes. Ainsi, les germes, les bact\u00e9ries et les mauvaises odeurs peuvent s&#8217;y accumuler. Le nettoyant pour biberons NUK a \u00e9t\u00e9 sp\u00e9cialement con\u00e7u pour nettoyer les produits pour b\u00e9b\u00e9s.<\/p>\n<p style=\"margin: 0px 0px 1em;font-family: Montserrat;font-size: 13px;font-style: normal;font-weight: 400;letter-spacing: normal;text-align: start;text-indent: 0px;text-transform: none;text-decoration: none\">La formulation est compos\u00e9e d&#8217;ingr\u00e9dients naturels : des enzymes sp\u00e9cifiques \u00e9liminent de mani\u00e8re fiable les traces de prot\u00e9ines de lait, de pur\u00e9e ou de jus. Le nettoyant pour biberons NUK a une consistance fine qui lui permet de se disperser rapidement. Les prot\u00e9ines restantes sont ouvertes par les enzymes et peuvent \u00eatre facilement rinc\u00e9es compl\u00e8tement. Le liquide nettoyant biberons 500ml est sans parfums et ni colorants. Cela signifie que vous pouvez nettoyer les tasses et les assiettes de b\u00e9b\u00e9, les jouets lavables et les autres objets qui entrent en contact avec la bouche de votre b\u00e9b\u00e9.<\/p>\n","protected":false},"excerpt":{"rendered":"<p>Au cours des premiers mois de sa vie, l&#8217;alimentation d&#8217;un b\u00e9b\u00e9 est avant tout du lait et de la pur\u00e9e. Apr\u00e8s les repas, des r\u00e9sidus restent sur les biberons, les t\u00e9tines, les tasses et les assiettes. Ainsi, les germes, les bact\u00e9ries et les mauvaises odeurs peuvent s&#8217;y accumuler. Le nettoyant pour biberons NUK a \u00e9t\u00e9 [&hellip;]<\/p>\n","protected":false},"featured_media":2116,"comment_status":"open","ping_status":"closed","template":"","meta":{"site-sidebar-layout":"default","site-content-layout":"","ast-site-content-layout":"","site-content-style":"default","site-sidebar-style":"default","ast-global-header-display":"","ast-banner-title-visibility":"","ast-main-header-display":"","ast-hfb-above-header-display":"","ast-hfb-below-header-display":"","ast-hfb-mobile-header-display":"","site-post-title":"","ast-breadcrumbs-content":"","ast-featured-img":"","footer-sml-layout":"","theme-transparent-header-meta":"","adv-header-id-meta":"","stick-header-meta":"","header-above-stick-meta":"","header-main-stick-meta":"","header-below-stick-meta":"","astra-migrate-meta-layouts":"default","ast-page-background-enabled":"default","ast-page-background-meta":{"desktop":{"background-color":"var(--ast-global-color-4)","background-image":"","background-repeat":"repeat","background-position":"center center","background-size":"auto","background-attachment":"scroll","background-type":"","background-media":"","overlay-type":"","overlay-color":"","overlay-opacity":"","overlay-gradient":""},"tablet":{"background-color":"","background-image":"","background-repeat":"repeat","background-position":"center center","background-size":"auto","background-attachment":"scroll","background-type":"","background-media":"","overlay-type":"","overlay-color":"","overlay-opacity":"","overlay-gradient":""},"mobile":{"background-color":"","background-image":"","background-repeat":"repeat","background-position":"center center","background-size":"auto","background-attachment":"scroll","background-type":"","background-media":"","overlay-type":"","overlay-color":"","overlay-opacity":"","overlay-gradient":""}},"ast-content-background-meta":{"desktop":{"background-color":"var(--ast-global-color-5)","background-image":"","background-repeat":"repeat","background-position":"center center","background-size":"auto","background-attachment":"scroll","background-type":"","background-media":"","overlay-type":"","overlay-color":"","overlay-opacity":"","overlay-gradient":""},"tablet":{"background-color":"var(--ast-global-color-5)","background-image":"","background-repeat":"repeat","background-position":"center center","background-size":"auto","background-attachment":"scroll","background-type":"","background-media":"","overlay-type":"","overlay-color":"","overlay-opacity":"","overlay-gradient":""},"mobile":{"background-color":"var(--ast-global-color-5)","background-image":"","background-repeat":"repeat","background-position":"center center","background-size":"auto","background-attachment":"scroll","background-type":"","background-media":"","overlay-type":"","overlay-color":"","overlay-opacity":"","overlay-gradient":""}}},"product_cat":[42,57],"product_tag":[],"jetpack_sharing_enabled":true,"_links":{"self":[{"href":"https:\/\/bambinoscorner.ma\/index.php?rest_route=\/wp\/v2\/product\/2101"}],"collection":[{"href":"https:\/\/bambinoscorner.ma\/index.php?rest_route=\/wp\/v2\/product"}],"about":[{"href":"https:\/\/bambinoscorner.ma\/index.php?rest_route=\/wp\/v2\/types\/product"}],"replies":[{"embeddable":true,"href":"https:\/\/bambinoscorner.ma\/index.php?rest_route=%2Fwp%2Fv2%2Fcomments&post=2101"}],"version-history":[{"count":1,"href":"https:\/\/bambinoscorner.ma\/index.php?rest_route=\/wp\/v2\/product\/2101\/revisions"}],"predecessor-version":[{"id":2117,"href":"https:\/\/bambinoscorner.ma\/index.php?rest_route=\/wp\/v2\/product\/2101\/revisions\/2117"}],"wp:featuredmedia":[{"embeddable":true,"href":"https:\/\/bambinoscorner.ma\/index.php?rest_route=\/wp\/v2\/media\/2116"}],"wp:attachment":[{"href":"https:\/\/bambinoscorner.ma\/index.php?rest_route=%2Fwp%2Fv2%2Fmedia&parent=2101"}],"wp:term":[{"taxonomy":"product_cat","embeddable":true,"href":"https:\/\/bambinoscorner.ma\/index.php?rest_route=%2Fwp%2Fv2%2Fproduct_cat&post=2101"},{"taxonomy":"product_tag","embeddable":true,"href":"https:\/\/bambinoscorner.ma\/index.php?rest_route=%2Fwp%2Fv2%2Fproduct_tag&post=2101"}],"curies":[{"name":"wp","href":"https:\/\/api.w.org\/{rel}","templated":true}]}}