{"id":2096,"date":"2025-09-12T22:24:12","date_gmt":"2025-09-12T22:24:12","guid":{"rendered":"https:\/\/bambinoscorner.ma\/?product=coffret-de-couverture-avec-veilleuse"},"modified":"2025-09-12T22:24:14","modified_gmt":"2025-09-12T22:24:14","slug":"coffret-de-couverture-avec-veilleuse","status":"publish","type":"product","link":"https:\/\/bambinoscorner.ma\/?product=coffret-de-couverture-avec-veilleuse","title":{"rendered":"Coffret de couverture avec veilleuse"},"content":{"rendered":"<p data-pm-slice=\"0 0 []\" style=\"margin-bottom: 1.3em;margin-top: 0px;font-family: Montserrat, sans-serif;font-size: 16px;font-style: normal;font-weight: 400;letter-spacing: normal;text-align: start;text-indent: 0px;text-transform: none;text-decoration: none\">Vous cherchez une couverture douce en velours et une adorable lampe en forme d\u2019\u00e9toile pour votre b\u00e9b\u00e9? Ne cherchez plus! Nous avons le cadeau id\u00e9al qui r\u00e9chauffera et c\u00e2linera votre tout-petit, que ce soit \u00e0 la maison dans son berceau ou lors d\u2019une promenade en poussette.<\/p>\n<p style=\"margin-bottom: 1.3em;margin-top: 0px;font-family: Montserrat, sans-serif;font-size: 16px;font-style: normal;font-weight: 400;letter-spacing: normal;text-align: start;text-indent: 0px;text-transform: none;text-decoration: none\">Voici quelques caract\u00e9ristiques de cet ensemble :<\/p>\n<ul style=\"margin-top: 0px;padding: 0px;margin-bottom: 1.3em;font-family: Montserrat, sans-serif;font-size: 16px;font-style: normal;font-weight: 400;letter-spacing: normal;text-align: start;text-indent: 0px;text-transform: none;text-decoration: none\">\n<li style=\"margin-bottom: 0.6em;margin-left: 1.3em\">Le coffret comprend une couverture b\u00e9b\u00e9 \u00e0 bulles rose et une lampe LED.<\/li>\n<li style=\"margin-bottom: 0.6em;margin-left: 1.3em\">Les dimensions de la couverture sont de 80 x 110 cm, parfaites pour envelopper votre b\u00e9b\u00e9 avec douceur.<\/li>\n<li style=\"margin-bottom: 0.6em;margin-left: 1.3em\">La couverture est fabriqu\u00e9e \u00e0 partir de 100% de polyester et utilise du PVC \u00e9cologique, respectueux de l\u2019environnement.<\/li>\n<li style=\"margin-bottom: 0.6em;margin-left: 1.3em\">Vous pourrez facilement laver la couverture en machine \u00e0 laver \u00e0 30\u00b0C, ce qui facilite son entretien.<\/li>\n<li style=\"margin-bottom: 0.6em;margin-left: 1.3em\">Convient aux b\u00e9b\u00e9s d\u00e8s la naissance.<\/li>\n<\/ul>\n","protected":false},"excerpt":{"rendered":"<p>Vous cherchez une couverture douce en velours et une adorable lampe en forme d\u2019\u00e9toile pour votre b\u00e9b\u00e9? Ne cherchez plus! Nous avons le cadeau id\u00e9al qui r\u00e9chauffera et c\u00e2linera votre tout-petit, que ce soit \u00e0 la maison dans son berceau ou lors d\u2019une promenade en poussette. Voici quelques caract\u00e9ristiques de cet ensemble : Le coffret [&hellip;]<\/p>\n","protected":false},"featured_media":2094,"comment_status":"open","ping_status":"closed","template":"","meta":{"site-sidebar-layout":"default","site-content-layout":"","ast-site-content-layout":"","site-content-style":"default","site-sidebar-style":"default","ast-global-header-display":"","ast-banner-title-visibility":"","ast-main-header-display":"","ast-hfb-above-header-display":"","ast-hfb-below-header-display":"","ast-hfb-mobile-header-display":"","site-post-title":"","ast-breadcrumbs-content":"","ast-featured-img":"","footer-sml-layout":"","theme-transparent-header-meta":"","adv-header-id-meta":"","stick-header-meta":"","header-above-stick-meta":"","header-main-stick-meta":"","header-below-stick-meta":"","astra-migrate-meta-layouts":"default","ast-page-background-enabled":"default","ast-page-background-meta":{"desktop":{"background-color":"var(--ast-global-color-4)","background-image":"","background-repeat":"repeat","background-position":"center center","background-size":"auto","background-attachment":"scroll","background-type":"","background-media":"","overlay-type":"","overlay-color":"","overlay-opacity":"","overlay-gradient":""},"tablet":{"background-color":"","background-image":"","background-repeat":"repeat","background-position":"center center","background-size":"auto","background-attachment":"scroll","background-type":"","background-media":"","overlay-type":"","overlay-color":"","overlay-opacity":"","overlay-gradient":""},"mobile":{"background-color":"","background-image":"","background-repeat":"repeat","background-position":"center center","background-size":"auto","background-attachment":"scroll","background-type":"","background-media":"","overlay-type":"","overlay-color":"","overlay-opacity":"","overlay-gradient":""}},"ast-content-background-meta":{"desktop":{"background-color":"var(--ast-global-color-5)","background-image":"","background-repeat":"repeat","background-position":"center center","background-size":"auto","background-attachment":"scroll","background-type":"","background-media":"","overlay-type":"","overlay-color":"","overlay-opacity":"","overlay-gradient":""},"tablet":{"background-color":"var(--ast-global-color-5)","background-image":"","background-repeat":"repeat","background-position":"center center","background-size":"auto","background-attachment":"scroll","background-type":"","background-media":"","overlay-type":"","overlay-color":"","overlay-opacity":"","overlay-gradient":""},"mobile":{"background-color":"var(--ast-global-color-5)","background-image":"","background-repeat":"repeat","background-position":"center center","background-size":"auto","background-attachment":"scroll","background-type":"","background-media":"","overlay-type":"","overlay-color":"","overlay-opacity":"","overlay-gradient":""}}},"product_cat":[38,37,41,59],"product_tag":[],"jetpack_sharing_enabled":true,"_links":{"self":[{"href":"https:\/\/bambinoscorner.ma\/index.php?rest_route=\/wp\/v2\/product\/2096"}],"collection":[{"href":"https:\/\/bambinoscorner.ma\/index.php?rest_route=\/wp\/v2\/product"}],"about":[{"href":"https:\/\/bambinoscorner.ma\/index.php?rest_route=\/wp\/v2\/types\/product"}],"replies":[{"embeddable":true,"href":"https:\/\/bambinoscorner.ma\/index.php?rest_route=%2Fwp%2Fv2%2Fcomments&post=2096"}],"version-history":[{"count":0,"href":"https:\/\/bambinoscorner.ma\/index.php?rest_route=\/wp\/v2\/product\/2096\/revisions"}],"wp:featuredmedia":[{"embeddable":true,"href":"https:\/\/bambinoscorner.ma\/index.php?rest_route=\/wp\/v2\/media\/2094"}],"wp:attachment":[{"href":"https:\/\/bambinoscorner.ma\/index.php?rest_route=%2Fwp%2Fv2%2Fmedia&parent=2096"}],"wp:term":[{"taxonomy":"product_cat","embeddable":true,"href":"https:\/\/bambinoscorner.ma\/index.php?rest_route=%2Fwp%2Fv2%2Fproduct_cat&post=2096"},{"taxonomy":"product_tag","embeddable":true,"href":"https:\/\/bambinoscorner.ma\/index.php?rest_route=%2Fwp%2Fv2%2Fproduct_tag&post=2096"}],"curies":[{"name":"wp","href":"https:\/\/api.w.org\/{rel}","templated":true}]}}