{"id":2090,"date":"2025-09-12T22:16:02","date_gmt":"2025-09-12T22:16:02","guid":{"rendered":"https:\/\/bambinoscorner.ma\/?product=set-12-pots-de-conservation-valencia-miniland"},"modified":"2025-09-12T22:16:04","modified_gmt":"2025-09-12T22:16:04","slug":"set-12-pots-de-conservation-valencia-miniland","status":"publish","type":"product","link":"https:\/\/bambinoscorner.ma\/?product=set-12-pots-de-conservation-valencia-miniland","title":{"rendered":"SET 12 POTS DE CONSERVATION VALENCIA \u2013 MINILAND"},"content":{"rendered":"<p style=\"margin-bottom: 1.3em;margin-top: 0px;font-family: sans-serif;font-style: normal;font-weight: 400;letter-spacing: normal;text-align: start;text-indent: 0px;text-transform: none;text-decoration: none\">Ensemble de 12 r\u00e9cipients herm\u00e9tiques pour conserver, congeler et transporter tous types d\u2019aliments solides et liquides pour votre b\u00e9b\u00e9. Dans cet ensemble pratique pour b\u00e9b\u00e9s, vous trouverez 4 pots gradu\u00e9s de 200 ml, 4 de 250 ml et 4 autres de 330 ml pour les plus gourmands. Il comprend \u00e9galement deux types de cuill\u00e8res pour enfants : une plus douce pour les plus petits afin de prot\u00e9ger leurs gencives et une plus dure pour les enfants plus \u00e2g\u00e9s. Les contenants sont id\u00e9aux pour congeler et d\u00e9congeler des aliments, des cr\u00e8mes ou du lait maternel.<\/p>\n","protected":false},"excerpt":{"rendered":"<p>Ensemble de 12 r\u00e9cipients herm\u00e9tiques pour conserver, congeler et transporter tous types d\u2019aliments solides et liquides pour votre b\u00e9b\u00e9. Dans cet ensemble pratique pour b\u00e9b\u00e9s, vous trouverez 4 pots gradu\u00e9s de 200 ml, 4 de 250 ml et 4 autres de 330 ml pour les plus gourmands. Il comprend \u00e9galement deux types de cuill\u00e8res pour [&hellip;]<\/p>\n","protected":false},"featured_media":2089,"comment_status":"open","ping_status":"closed","template":"","meta":{"site-sidebar-layout":"default","site-content-layout":"","ast-site-content-layout":"","site-content-style":"default","site-sidebar-style":"default","ast-global-header-display":"","ast-banner-title-visibility":"","ast-main-header-display":"","ast-hfb-above-header-display":"","ast-hfb-below-header-display":"","ast-hfb-mobile-header-display":"","site-post-title":"","ast-breadcrumbs-content":"","ast-featured-img":"","footer-sml-layout":"","theme-transparent-header-meta":"","adv-header-id-meta":"","stick-header-meta":"","header-above-stick-meta":"","header-main-stick-meta":"","header-below-stick-meta":"","astra-migrate-meta-layouts":"default","ast-page-background-enabled":"default","ast-page-background-meta":{"desktop":{"background-color":"var(--ast-global-color-4)","background-image":"","background-repeat":"repeat","background-position":"center center","background-size":"auto","background-attachment":"scroll","background-type":"","background-media":"","overlay-type":"","overlay-color":"","overlay-opacity":"","overlay-gradient":""},"tablet":{"background-color":"","background-image":"","background-repeat":"repeat","background-position":"center center","background-size":"auto","background-attachment":"scroll","background-type":"","background-media":"","overlay-type":"","overlay-color":"","overlay-opacity":"","overlay-gradient":""},"mobile":{"background-color":"","background-image":"","background-repeat":"repeat","background-position":"center center","background-size":"auto","background-attachment":"scroll","background-type":"","background-media":"","overlay-type":"","overlay-color":"","overlay-opacity":"","overlay-gradient":""}},"ast-content-background-meta":{"desktop":{"background-color":"var(--ast-global-color-5)","background-image":"","background-repeat":"repeat","background-position":"center center","background-size":"auto","background-attachment":"scroll","background-type":"","background-media":"","overlay-type":"","overlay-color":"","overlay-opacity":"","overlay-gradient":""},"tablet":{"background-color":"var(--ast-global-color-5)","background-image":"","background-repeat":"repeat","background-position":"center center","background-size":"auto","background-attachment":"scroll","background-type":"","background-media":"","overlay-type":"","overlay-color":"","overlay-opacity":"","overlay-gradient":""},"mobile":{"background-color":"var(--ast-global-color-5)","background-image":"","background-repeat":"repeat","background-position":"center center","background-size":"auto","background-attachment":"scroll","background-type":"","background-media":"","overlay-type":"","overlay-color":"","overlay-opacity":"","overlay-gradient":""}}},"product_cat":[57],"product_tag":[],"jetpack_sharing_enabled":true,"_links":{"self":[{"href":"https:\/\/bambinoscorner.ma\/index.php?rest_route=\/wp\/v2\/product\/2090"}],"collection":[{"href":"https:\/\/bambinoscorner.ma\/index.php?rest_route=\/wp\/v2\/product"}],"about":[{"href":"https:\/\/bambinoscorner.ma\/index.php?rest_route=\/wp\/v2\/types\/product"}],"replies":[{"embeddable":true,"href":"https:\/\/bambinoscorner.ma\/index.php?rest_route=%2Fwp%2Fv2%2Fcomments&post=2090"}],"version-history":[{"count":0,"href":"https:\/\/bambinoscorner.ma\/index.php?rest_route=\/wp\/v2\/product\/2090\/revisions"}],"wp:featuredmedia":[{"embeddable":true,"href":"https:\/\/bambinoscorner.ma\/index.php?rest_route=\/wp\/v2\/media\/2089"}],"wp:attachment":[{"href":"https:\/\/bambinoscorner.ma\/index.php?rest_route=%2Fwp%2Fv2%2Fmedia&parent=2090"}],"wp:term":[{"taxonomy":"product_cat","embeddable":true,"href":"https:\/\/bambinoscorner.ma\/index.php?rest_route=%2Fwp%2Fv2%2Fproduct_cat&post=2090"},{"taxonomy":"product_tag","embeddable":true,"href":"https:\/\/bambinoscorner.ma\/index.php?rest_route=%2Fwp%2Fv2%2Fproduct_tag&post=2090"}],"curies":[{"name":"wp","href":"https:\/\/api.w.org\/{rel}","templated":true}]}}