{"id":2086,"date":"2025-09-12T22:12:48","date_gmt":"2025-09-12T22:12:48","guid":{"rendered":"https:\/\/bambinoscorner.ma\/?product=set-de-4-pots-de-miniland-250-ml"},"modified":"2025-09-12T22:14:07","modified_gmt":"2025-09-12T22:14:07","slug":"set-de-4-pots-de-miniland-250-ml","status":"publish","type":"product","link":"https:\/\/bambinoscorner.ma\/?product=set-de-4-pots-de-miniland-250-ml","title":{"rendered":"Set de 4 pots de miniland 250 ml"},"content":{"rendered":"<p style=\"margin-top: 0px;margin-bottom: 1rem;font-size: 15px;font-weight: 400;line-height: 24px;font-family: Poppins, sans-serif;font-style: normal;letter-spacing: 1px;text-align: start;text-indent: 0px;text-transform: none;text-decoration: none\">Ensemble de 4 r\u00e9cipients herm\u00e9tiques d&#8217;une capacit\u00e9 de 250 ml, con\u00e7us pour congeler les boissons et les aliments de votre b\u00e9b\u00e9 de mani\u00e8re pratique, simple et rapide. \u00c9quip\u00e9s d&#8217;une \u00e9chelle lat\u00e9rale permettant de mesurer facilement les quantit\u00e9s et d&#8217;un espace pour noter la date et le nom, ils sont id\u00e9aux pour congeler et d\u00e9congeler le lait maternel dans le m\u00eame contenant herm\u00e9tique.<\/p>\n<p style=\"margin-top: 0px;margin-bottom: 1rem;font-size: 15px;font-weight: 400;line-height: 24px;font-family: Poppins, sans-serif;font-style: normal;letter-spacing: 1px;text-align: start;text-indent: 0px;text-transform: none;text-decoration: none\">Simplifiez le processus de stockage avec style et fonctionnalit\u00e9.<\/p>\n","protected":false},"excerpt":{"rendered":"<p>Ensemble de 4 r\u00e9cipients herm\u00e9tiques d&#8217;une capacit\u00e9 de 250 ml, con\u00e7us pour congeler les boissons et les aliments de votre b\u00e9b\u00e9 de mani\u00e8re pratique, simple et rapide. \u00c9quip\u00e9s d&#8217;une \u00e9chelle lat\u00e9rale permettant de mesurer facilement les quantit\u00e9s et d&#8217;un espace pour noter la date et le nom, ils sont id\u00e9aux pour congeler et d\u00e9congeler le [&hellip;]<\/p>\n","protected":false},"featured_media":2085,"comment_status":"open","ping_status":"closed","template":"","meta":{"site-sidebar-layout":"default","site-content-layout":"","ast-site-content-layout":"","site-content-style":"default","site-sidebar-style":"default","ast-global-header-display":"","ast-banner-title-visibility":"","ast-main-header-display":"","ast-hfb-above-header-display":"","ast-hfb-below-header-display":"","ast-hfb-mobile-header-display":"","site-post-title":"","ast-breadcrumbs-content":"","ast-featured-img":"","footer-sml-layout":"","theme-transparent-header-meta":"","adv-header-id-meta":"","stick-header-meta":"","header-above-stick-meta":"","header-main-stick-meta":"","header-below-stick-meta":"","astra-migrate-meta-layouts":"default","ast-page-background-enabled":"default","ast-page-background-meta":{"desktop":{"background-color":"var(--ast-global-color-4)","background-image":"","background-repeat":"repeat","background-position":"center center","background-size":"auto","background-attachment":"scroll","background-type":"","background-media":"","overlay-type":"","overlay-color":"","overlay-opacity":"","overlay-gradient":""},"tablet":{"background-color":"","background-image":"","background-repeat":"repeat","background-position":"center center","background-size":"auto","background-attachment":"scroll","background-type":"","background-media":"","overlay-type":"","overlay-color":"","overlay-opacity":"","overlay-gradient":""},"mobile":{"background-color":"","background-image":"","background-repeat":"repeat","background-position":"center center","background-size":"auto","background-attachment":"scroll","background-type":"","background-media":"","overlay-type":"","overlay-color":"","overlay-opacity":"","overlay-gradient":""}},"ast-content-background-meta":{"desktop":{"background-color":"var(--ast-global-color-5)","background-image":"","background-repeat":"repeat","background-position":"center center","background-size":"auto","background-attachment":"scroll","background-type":"","background-media":"","overlay-type":"","overlay-color":"","overlay-opacity":"","overlay-gradient":""},"tablet":{"background-color":"var(--ast-global-color-5)","background-image":"","background-repeat":"repeat","background-position":"center center","background-size":"auto","background-attachment":"scroll","background-type":"","background-media":"","overlay-type":"","overlay-color":"","overlay-opacity":"","overlay-gradient":""},"mobile":{"background-color":"var(--ast-global-color-5)","background-image":"","background-repeat":"repeat","background-position":"center center","background-size":"auto","background-attachment":"scroll","background-type":"","background-media":"","overlay-type":"","overlay-color":"","overlay-opacity":"","overlay-gradient":""}}},"product_cat":[41,57],"product_tag":[],"jetpack_sharing_enabled":true,"_links":{"self":[{"href":"https:\/\/bambinoscorner.ma\/index.php?rest_route=\/wp\/v2\/product\/2086"}],"collection":[{"href":"https:\/\/bambinoscorner.ma\/index.php?rest_route=\/wp\/v2\/product"}],"about":[{"href":"https:\/\/bambinoscorner.ma\/index.php?rest_route=\/wp\/v2\/types\/product"}],"replies":[{"embeddable":true,"href":"https:\/\/bambinoscorner.ma\/index.php?rest_route=%2Fwp%2Fv2%2Fcomments&post=2086"}],"version-history":[{"count":1,"href":"https:\/\/bambinoscorner.ma\/index.php?rest_route=\/wp\/v2\/product\/2086\/revisions"}],"predecessor-version":[{"id":2087,"href":"https:\/\/bambinoscorner.ma\/index.php?rest_route=\/wp\/v2\/product\/2086\/revisions\/2087"}],"wp:featuredmedia":[{"embeddable":true,"href":"https:\/\/bambinoscorner.ma\/index.php?rest_route=\/wp\/v2\/media\/2085"}],"wp:attachment":[{"href":"https:\/\/bambinoscorner.ma\/index.php?rest_route=%2Fwp%2Fv2%2Fmedia&parent=2086"}],"wp:term":[{"taxonomy":"product_cat","embeddable":true,"href":"https:\/\/bambinoscorner.ma\/index.php?rest_route=%2Fwp%2Fv2%2Fproduct_cat&post=2086"},{"taxonomy":"product_tag","embeddable":true,"href":"https:\/\/bambinoscorner.ma\/index.php?rest_route=%2Fwp%2Fv2%2Fproduct_tag&post=2086"}],"curies":[{"name":"wp","href":"https:\/\/api.w.org\/{rel}","templated":true}]}}