{"id":2050,"date":"2025-09-12T21:11:25","date_gmt":"2025-09-12T21:11:25","guid":{"rendered":"https:\/\/bambinoscorner.ma\/?product=ecodoo-liquide-vaisselle-bebe-hypoallergenique-500ml"},"modified":"2025-09-12T21:27:31","modified_gmt":"2025-09-12T21:27:31","slug":"ecodoo-liquide-vaisselle-bebe-hypoallergenique-500ml","status":"publish","type":"product","link":"https:\/\/bambinoscorner.ma\/?product=ecodoo-liquide-vaisselle-bebe-hypoallergenique-500ml","title":{"rendered":"Ecodoo Liquide Vaisselle B\u00e9b\u00e9 Hypoallerg\u00e9nique &#8211; 500ml"},"content":{"rendered":"<p style=\"margin: 0px 0px 1em;font-family: Montserrat;font-size: 13px;font-style: normal;font-weight: 400;letter-spacing: normal;text-align: start;text-indent: 0px;text-transform: none;text-decoration: none\"><strong>D\u00e9couvrez le&nbsp;Liquide Vaisselle B\u00e9b\u00e9 :&nbsp;<\/strong><\/p>\n<p style=\"margin: 0px 0px 1em;font-family: Montserrat;font-size: 13px;font-style: normal;font-weight: 400;letter-spacing: normal;text-align: start;text-indent: 0px;text-transform: none;text-decoration: none\">Il nettoie et d\u00e9graisse parfaitement tous les ustensiles de b\u00e9b\u00e9 (biberons, t\u00e9tines, sucettes, tire-lait, anneaux de dentition \u2026)<\/p>\n<p style=\"margin: 0px 0px 1em;font-family: Montserrat;font-size: 13px;font-style: normal;font-weight: 400;letter-spacing: normal;text-align: start;text-indent: 0px;text-transform: none;text-decoration: none\"><strong>Liquide vaisselle b\u00e9b\u00e9 :<span style=\"font-size: 13px !important\">&nbsp;<\/span><\/strong><span style=\"font-size: 13px !important\">Il nettoie et d\u00e9graisse parfaitement tous les ustensiles de b\u00e9b\u00e9 (biberons, t\u00e9tines, sucettes, tire-lait, anneaux de dentition \u2026).<\/span><\/p>\n<div class=\"col-12\" style=\"font-family: Montserrat;font-size: 13px;font-style: normal;font-weight: 400;letter-spacing: normal;text-align: start;text-indent: 0px;text-transform: none;text-decoration: none\">\n<p style=\"margin: 0px 0px 1em\">D\u00e9couvrez le<span style=\"font-size: 13px !important\">&nbsp;<\/span><strong>Liquide vaisselle b\u00e9b\u00e9 :&nbsp;&nbsp;<span style=\"font-size: 13px !important\">&nbsp;<\/span><\/strong>Il nettoie et d\u00e9graisse parfaitement tous les ustensiles de b\u00e9b\u00e9 (biberons, t\u00e9tines, sucettes, tire-lait, anneaux de dentition \u2026)<\/p>\n<p style=\"margin: 0px 0px 1em\"><strong>Il est :<\/strong><\/p>\n<ul style=\"margin: 0px;padding: 0px;padding-inline-start: 2rem;text-align: start\">\n<li style=\"padding-inline-start: 1.5em;margin-bottom: 0.5em\"><span class=\"Apple-converted-space\">&nbsp;<\/span><strong>Hypoallerg\u00e9nique :<\/strong>&nbsp;Minimise les risques de r\u00e9actions allergiques, sans allerg\u00e8ne, sans azurant optique, sans colorant.<\/li>\n<li style=\"padding-inline-start: 1.5em\">Sans parfum, sans huiles essentielles ne laisse aucune odeur sur la t\u00e9tine ou la sucette, pour un plaisir de succion inalt\u00e9r\u00e9!<\/li>\n<\/ul>\n<\/div>\n","protected":false},"excerpt":{"rendered":"<p>D\u00e9couvrez le&nbsp;Liquide Vaisselle B\u00e9b\u00e9 :&nbsp; Il nettoie et d\u00e9graisse parfaitement tous les ustensiles de b\u00e9b\u00e9 (biberons, t\u00e9tines, sucettes, tire-lait, anneaux de dentition \u2026) Liquide vaisselle b\u00e9b\u00e9 :&nbsp;Il nettoie et d\u00e9graisse parfaitement tous les ustensiles de b\u00e9b\u00e9 (biberons, t\u00e9tines, sucettes, tire-lait, anneaux de dentition \u2026). D\u00e9couvrez le&nbsp;Liquide vaisselle b\u00e9b\u00e9 :&nbsp;&nbsp;&nbsp;Il nettoie et d\u00e9graisse parfaitement tous les [&hellip;]<\/p>\n","protected":false},"featured_media":2048,"comment_status":"open","ping_status":"closed","template":"","meta":{"site-sidebar-layout":"default","site-content-layout":"","ast-site-content-layout":"","site-content-style":"default","site-sidebar-style":"default","ast-global-header-display":"","ast-banner-title-visibility":"","ast-main-header-display":"","ast-hfb-above-header-display":"","ast-hfb-below-header-display":"","ast-hfb-mobile-header-display":"","site-post-title":"","ast-breadcrumbs-content":"","ast-featured-img":"","footer-sml-layout":"","theme-transparent-header-meta":"","adv-header-id-meta":"","stick-header-meta":"","header-above-stick-meta":"","header-main-stick-meta":"","header-below-stick-meta":"","astra-migrate-meta-layouts":"default","ast-page-background-enabled":"default","ast-page-background-meta":{"desktop":{"background-color":"var(--ast-global-color-4)","background-image":"","background-repeat":"repeat","background-position":"center center","background-size":"auto","background-attachment":"scroll","background-type":"","background-media":"","overlay-type":"","overlay-color":"","overlay-opacity":"","overlay-gradient":""},"tablet":{"background-color":"","background-image":"","background-repeat":"repeat","background-position":"center center","background-size":"auto","background-attachment":"scroll","background-type":"","background-media":"","overlay-type":"","overlay-color":"","overlay-opacity":"","overlay-gradient":""},"mobile":{"background-color":"","background-image":"","background-repeat":"repeat","background-position":"center center","background-size":"auto","background-attachment":"scroll","background-type":"","background-media":"","overlay-type":"","overlay-color":"","overlay-opacity":"","overlay-gradient":""}},"ast-content-background-meta":{"desktop":{"background-color":"var(--ast-global-color-5)","background-image":"","background-repeat":"repeat","background-position":"center center","background-size":"auto","background-attachment":"scroll","background-type":"","background-media":"","overlay-type":"","overlay-color":"","overlay-opacity":"","overlay-gradient":""},"tablet":{"background-color":"var(--ast-global-color-5)","background-image":"","background-repeat":"repeat","background-position":"center center","background-size":"auto","background-attachment":"scroll","background-type":"","background-media":"","overlay-type":"","overlay-color":"","overlay-opacity":"","overlay-gradient":""},"mobile":{"background-color":"var(--ast-global-color-5)","background-image":"","background-repeat":"repeat","background-position":"center center","background-size":"auto","background-attachment":"scroll","background-type":"","background-media":"","overlay-type":"","overlay-color":"","overlay-opacity":"","overlay-gradient":""}}},"product_cat":[42,57],"product_tag":[],"jetpack_sharing_enabled":true,"_links":{"self":[{"href":"https:\/\/bambinoscorner.ma\/index.php?rest_route=\/wp\/v2\/product\/2050"}],"collection":[{"href":"https:\/\/bambinoscorner.ma\/index.php?rest_route=\/wp\/v2\/product"}],"about":[{"href":"https:\/\/bambinoscorner.ma\/index.php?rest_route=\/wp\/v2\/types\/product"}],"replies":[{"embeddable":true,"href":"https:\/\/bambinoscorner.ma\/index.php?rest_route=%2Fwp%2Fv2%2Fcomments&post=2050"}],"version-history":[{"count":1,"href":"https:\/\/bambinoscorner.ma\/index.php?rest_route=\/wp\/v2\/product\/2050\/revisions"}],"predecessor-version":[{"id":2065,"href":"https:\/\/bambinoscorner.ma\/index.php?rest_route=\/wp\/v2\/product\/2050\/revisions\/2065"}],"wp:featuredmedia":[{"embeddable":true,"href":"https:\/\/bambinoscorner.ma\/index.php?rest_route=\/wp\/v2\/media\/2048"}],"wp:attachment":[{"href":"https:\/\/bambinoscorner.ma\/index.php?rest_route=%2Fwp%2Fv2%2Fmedia&parent=2050"}],"wp:term":[{"taxonomy":"product_cat","embeddable":true,"href":"https:\/\/bambinoscorner.ma\/index.php?rest_route=%2Fwp%2Fv2%2Fproduct_cat&post=2050"},{"taxonomy":"product_tag","embeddable":true,"href":"https:\/\/bambinoscorner.ma\/index.php?rest_route=%2Fwp%2Fv2%2Fproduct_tag&post=2050"}],"curies":[{"name":"wp","href":"https:\/\/api.w.org\/{rel}","templated":true}]}}