{"id":2041,"date":"2025-09-12T21:00:48","date_gmt":"2025-09-12T21:00:48","guid":{"rendered":"https:\/\/bambinoscorner.ma\/?product=gilbert-baume-relipidant-400-ml"},"modified":"2025-09-12T21:00:50","modified_gmt":"2025-09-12T21:00:50","slug":"gilbert-baume-relipidant-400-ml","status":"publish","type":"product","link":"https:\/\/bambinoscorner.ma\/?product=gilbert-baume-relipidant-400-ml","title":{"rendered":"GILBERT BAUME RELIPIDANT 400 ML"},"content":{"rendered":"<p style=\"margin-top: 0px;margin-bottom: 15px;font-family: Roboto, Helvetica, Arial, sans-serif;font-size: 14px;font-style: normal;font-weight: 400;letter-spacing: normal;text-align: start;text-indent: 0px;text-transform: none;text-decoration: none\">Le baume relipidant est une cr\u00e8me anti-d\u00e9mangeaison, anti-dess\u00e8chement et anti-tiraillement pour le visage et le corps. Il apaise imm\u00e9diatement la peau, la nourrit intens\u00e9ment et diminue les s\u00e9cheresses s\u00e9v\u00e8res. Sa formule hypoallerg\u00e9nique2 aide \u00e0 renforcer la barri\u00e8re cutan\u00e9e. La peau est prot\u00e9g\u00e9e des agressions ext\u00e9rieures, assouplie et retrouve son confort. La texture riche et fondante du baume relipidant p\u00e9n\u00e8tre rapidement dans la peau et permet de s\u2019habiller rapidement apr\u00e8s l\u2019application.<\/p>\n<p style=\"margin-top: 0px;margin-bottom: 15px;font-family: Roboto, Helvetica, Arial, sans-serif;font-size: 14px;font-style: normal;font-weight: 400;letter-spacing: normal;text-align: start;text-indent: 0px;text-transform: none;text-decoration: none\"><strong style=\"font-weight: 700\">Conseils d&#8217;utilisation:<\/strong><\/p>\n<p style=\"margin-top: 0px;margin-bottom: 15px;font-family: Roboto, Helvetica, Arial, sans-serif;font-size: 14px;font-style: normal;font-weight: 400;letter-spacing: normal;text-align: start;text-indent: 0px;text-transform: none;text-decoration: none\">Appliquez sur l\u2019ensemble du visage et corps en massant d\u00e9licatement.<\/p>\n","protected":false},"excerpt":{"rendered":"<p>Le baume relipidant est une cr\u00e8me anti-d\u00e9mangeaison, anti-dess\u00e8chement et anti-tiraillement pour le visage et le corps. Il apaise imm\u00e9diatement la peau, la nourrit intens\u00e9ment et diminue les s\u00e9cheresses s\u00e9v\u00e8res. Sa formule hypoallerg\u00e9nique2 aide \u00e0 renforcer la barri\u00e8re cutan\u00e9e. La peau est prot\u00e9g\u00e9e des agressions ext\u00e9rieures, assouplie et retrouve son confort. La texture riche et fondante [&hellip;]<\/p>\n","protected":false},"featured_media":2040,"comment_status":"open","ping_status":"closed","template":"","meta":{"site-sidebar-layout":"default","site-content-layout":"","ast-site-content-layout":"","site-content-style":"default","site-sidebar-style":"default","ast-global-header-display":"","ast-banner-title-visibility":"","ast-main-header-display":"","ast-hfb-above-header-display":"","ast-hfb-below-header-display":"","ast-hfb-mobile-header-display":"","site-post-title":"","ast-breadcrumbs-content":"","ast-featured-img":"","footer-sml-layout":"","theme-transparent-header-meta":"","adv-header-id-meta":"","stick-header-meta":"","header-above-stick-meta":"","header-main-stick-meta":"","header-below-stick-meta":"","astra-migrate-meta-layouts":"default","ast-page-background-enabled":"default","ast-page-background-meta":{"desktop":{"background-color":"var(--ast-global-color-4)","background-image":"","background-repeat":"repeat","background-position":"center center","background-size":"auto","background-attachment":"scroll","background-type":"","background-media":"","overlay-type":"","overlay-color":"","overlay-opacity":"","overlay-gradient":""},"tablet":{"background-color":"","background-image":"","background-repeat":"repeat","background-position":"center center","background-size":"auto","background-attachment":"scroll","background-type":"","background-media":"","overlay-type":"","overlay-color":"","overlay-opacity":"","overlay-gradient":""},"mobile":{"background-color":"","background-image":"","background-repeat":"repeat","background-position":"center center","background-size":"auto","background-attachment":"scroll","background-type":"","background-media":"","overlay-type":"","overlay-color":"","overlay-opacity":"","overlay-gradient":""}},"ast-content-background-meta":{"desktop":{"background-color":"var(--ast-global-color-5)","background-image":"","background-repeat":"repeat","background-position":"center center","background-size":"auto","background-attachment":"scroll","background-type":"","background-media":"","overlay-type":"","overlay-color":"","overlay-opacity":"","overlay-gradient":""},"tablet":{"background-color":"var(--ast-global-color-5)","background-image":"","background-repeat":"repeat","background-position":"center center","background-size":"auto","background-attachment":"scroll","background-type":"","background-media":"","overlay-type":"","overlay-color":"","overlay-opacity":"","overlay-gradient":""},"mobile":{"background-color":"var(--ast-global-color-5)","background-image":"","background-repeat":"repeat","background-position":"center center","background-size":"auto","background-attachment":"scroll","background-type":"","background-media":"","overlay-type":"","overlay-color":"","overlay-opacity":"","overlay-gradient":""}}},"product_cat":[42],"product_tag":[],"jetpack_sharing_enabled":true,"_links":{"self":[{"href":"https:\/\/bambinoscorner.ma\/index.php?rest_route=\/wp\/v2\/product\/2041"}],"collection":[{"href":"https:\/\/bambinoscorner.ma\/index.php?rest_route=\/wp\/v2\/product"}],"about":[{"href":"https:\/\/bambinoscorner.ma\/index.php?rest_route=\/wp\/v2\/types\/product"}],"replies":[{"embeddable":true,"href":"https:\/\/bambinoscorner.ma\/index.php?rest_route=%2Fwp%2Fv2%2Fcomments&post=2041"}],"version-history":[{"count":0,"href":"https:\/\/bambinoscorner.ma\/index.php?rest_route=\/wp\/v2\/product\/2041\/revisions"}],"wp:featuredmedia":[{"embeddable":true,"href":"https:\/\/bambinoscorner.ma\/index.php?rest_route=\/wp\/v2\/media\/2040"}],"wp:attachment":[{"href":"https:\/\/bambinoscorner.ma\/index.php?rest_route=%2Fwp%2Fv2%2Fmedia&parent=2041"}],"wp:term":[{"taxonomy":"product_cat","embeddable":true,"href":"https:\/\/bambinoscorner.ma\/index.php?rest_route=%2Fwp%2Fv2%2Fproduct_cat&post=2041"},{"taxonomy":"product_tag","embeddable":true,"href":"https:\/\/bambinoscorner.ma\/index.php?rest_route=%2Fwp%2Fv2%2Fproduct_tag&post=2041"}],"curies":[{"name":"wp","href":"https:\/\/api.w.org\/{rel}","templated":true}]}}