{"id":2035,"date":"2025-09-12T20:55:33","date_gmt":"2025-09-12T20:55:33","guid":{"rendered":"https:\/\/bambinoscorner.ma\/?product=gilbert-gel-nettoyant-douceur-3-en-1-400-ml"},"modified":"2025-09-12T21:01:21","modified_gmt":"2025-09-12T21:01:21","slug":"gilbert-gel-nettoyant-douceur-3-en-1-400-ml","status":"publish","type":"product","link":"https:\/\/bambinoscorner.ma\/?product=gilbert-gel-nettoyant-douceur-3-en-1-400-ml","title":{"rendered":"Gilbert gel nettoyant douceur 3 en 1 400 ml"},"content":{"rendered":"<p><span style=\"font-family: Poppins, Questrial;font-size: 14.8564px;font-style: normal;font-weight: 400;letter-spacing: -0.222846px;text-align: start;text-indent: 0px;text-transform: none;text-decoration: none;float: none\">D\u00e9couvrez Gilbert Gel Nettoyant Douceur, un gel lavant sp\u00e9cialement con\u00e7u pour prot\u00e9ger la peau et le cuir chevelu d\u00e9licats des b\u00e9b\u00e9s. Sa formule haute tol\u00e9rance au pH neutre permet de compenser les effets dess\u00e9chants du bain, laissant la peau douce et les cheveux soyeux, faciles \u00e0 d\u00e9m\u00ealer<\/span><\/p>\n","protected":false},"excerpt":{"rendered":"<p>D\u00e9couvrez Gilbert Gel Nettoyant Douceur, un gel lavant sp\u00e9cialement con\u00e7u pour prot\u00e9ger la peau et le cuir chevelu d\u00e9licats des b\u00e9b\u00e9s. Sa formule haute tol\u00e9rance au pH neutre permet de compenser les effets dess\u00e9chants du bain, laissant la peau douce et les cheveux soyeux, faciles \u00e0 d\u00e9m\u00ealer<\/p>\n","protected":false},"featured_media":2034,"comment_status":"open","ping_status":"closed","template":"","meta":{"site-sidebar-layout":"default","site-content-layout":"","ast-site-content-layout":"","site-content-style":"default","site-sidebar-style":"default","ast-global-header-display":"","ast-banner-title-visibility":"","ast-main-header-display":"","ast-hfb-above-header-display":"","ast-hfb-below-header-display":"","ast-hfb-mobile-header-display":"","site-post-title":"","ast-breadcrumbs-content":"","ast-featured-img":"","footer-sml-layout":"","theme-transparent-header-meta":"","adv-header-id-meta":"","stick-header-meta":"","header-above-stick-meta":"","header-main-stick-meta":"","header-below-stick-meta":"","astra-migrate-meta-layouts":"default","ast-page-background-enabled":"default","ast-page-background-meta":{"desktop":{"background-color":"var(--ast-global-color-4)","background-image":"","background-repeat":"repeat","background-position":"center center","background-size":"auto","background-attachment":"scroll","background-type":"","background-media":"","overlay-type":"","overlay-color":"","overlay-opacity":"","overlay-gradient":""},"tablet":{"background-color":"","background-image":"","background-repeat":"repeat","background-position":"center center","background-size":"auto","background-attachment":"scroll","background-type":"","background-media":"","overlay-type":"","overlay-color":"","overlay-opacity":"","overlay-gradient":""},"mobile":{"background-color":"","background-image":"","background-repeat":"repeat","background-position":"center center","background-size":"auto","background-attachment":"scroll","background-type":"","background-media":"","overlay-type":"","overlay-color":"","overlay-opacity":"","overlay-gradient":""}},"ast-content-background-meta":{"desktop":{"background-color":"var(--ast-global-color-5)","background-image":"","background-repeat":"repeat","background-position":"center center","background-size":"auto","background-attachment":"scroll","background-type":"","background-media":"","overlay-type":"","overlay-color":"","overlay-opacity":"","overlay-gradient":""},"tablet":{"background-color":"var(--ast-global-color-5)","background-image":"","background-repeat":"repeat","background-position":"center center","background-size":"auto","background-attachment":"scroll","background-type":"","background-media":"","overlay-type":"","overlay-color":"","overlay-opacity":"","overlay-gradient":""},"mobile":{"background-color":"var(--ast-global-color-5)","background-image":"","background-repeat":"repeat","background-position":"center center","background-size":"auto","background-attachment":"scroll","background-type":"","background-media":"","overlay-type":"","overlay-color":"","overlay-opacity":"","overlay-gradient":""}}},"product_cat":[42,41],"product_tag":[],"jetpack_sharing_enabled":true,"_links":{"self":[{"href":"https:\/\/bambinoscorner.ma\/index.php?rest_route=\/wp\/v2\/product\/2035"}],"collection":[{"href":"https:\/\/bambinoscorner.ma\/index.php?rest_route=\/wp\/v2\/product"}],"about":[{"href":"https:\/\/bambinoscorner.ma\/index.php?rest_route=\/wp\/v2\/types\/product"}],"replies":[{"embeddable":true,"href":"https:\/\/bambinoscorner.ma\/index.php?rest_route=%2Fwp%2Fv2%2Fcomments&post=2035"}],"version-history":[{"count":1,"href":"https:\/\/bambinoscorner.ma\/index.php?rest_route=\/wp\/v2\/product\/2035\/revisions"}],"predecessor-version":[{"id":2043,"href":"https:\/\/bambinoscorner.ma\/index.php?rest_route=\/wp\/v2\/product\/2035\/revisions\/2043"}],"wp:featuredmedia":[{"embeddable":true,"href":"https:\/\/bambinoscorner.ma\/index.php?rest_route=\/wp\/v2\/media\/2034"}],"wp:attachment":[{"href":"https:\/\/bambinoscorner.ma\/index.php?rest_route=%2Fwp%2Fv2%2Fmedia&parent=2035"}],"wp:term":[{"taxonomy":"product_cat","embeddable":true,"href":"https:\/\/bambinoscorner.ma\/index.php?rest_route=%2Fwp%2Fv2%2Fproduct_cat&post=2035"},{"taxonomy":"product_tag","embeddable":true,"href":"https:\/\/bambinoscorner.ma\/index.php?rest_route=%2Fwp%2Fv2%2Fproduct_tag&post=2035"}],"curies":[{"name":"wp","href":"https:\/\/api.w.org\/{rel}","templated":true}]}}