{"id":2033,"date":"2025-09-12T20:48:21","date_gmt":"2025-09-12T20:48:21","guid":{"rendered":"https:\/\/bambinoscorner.ma\/?product=chauffe-biberon-et-sterilisateur-warmy-advanced-miniland"},"modified":"2025-09-12T20:48:23","modified_gmt":"2025-09-12T20:48:23","slug":"chauffe-biberon-et-sterilisateur-warmy-advanced-miniland","status":"publish","type":"product","link":"https:\/\/bambinoscorner.ma\/?product=chauffe-biberon-et-sterilisateur-warmy-advanced-miniland","title":{"rendered":"Chauffe-biberon et st\u00e9rilisateur warmy advanced \u2013 Miniland"},"content":{"rendered":"<p><span style=\"font-family: sans-serif;font-size: medium;font-style: normal;font-weight: 400;letter-spacing: normal;text-align: start;text-indent: 0px;text-transform: none;text-decoration: none;float: none\">Chauffe-biberon et st\u00e9rilisateur warmy advanced \u2013 Miniland&nbsp; Intelligent, tout en un. Pour la maison et la voiture. Warmy Advancedvous permet de chauffer et de st\u00e9riliser naturellement les biberons enutilisant de la vapeur d\u2019eau \u00e0 haute temp\u00e9rature. Il permet \u00e9galement dechauffer le lait maternel et les biberons, de st\u00e9riliser les accessoires et ded\u00e9congeler. En outre, il calcule automatiquement le temps de fonctionnementn\u00e9cessaire \u00e0 partir de la temp\u00e9rature initiale, du type et du volume d\u2019alimentsque vous voulez pr\u00e9parer pour obtenir un chauffage rapide et uniforme \u00e0 labonne temp\u00e9rature. Il comprend \u00e9galement un adaptateur pour la voiture.<\/span><\/p>\n","protected":false},"excerpt":{"rendered":"<p><span style=\"font-family: sans-serif;font-size: medium;font-style: normal;font-weight: 400;letter-spacing: normal;text-align: start;text-indent: 0px;text-transform: none;text-decoration: none;float: none\">Chauffe-biberon et st\u00e9rilisateur warmy advanced \u2013 Miniland&nbsp; Intelligent, tout en un. Pour la maison et la voiture. Warmy Advancedvous permet de chauffer et de st\u00e9riliser naturellement les biberons enutilisant de la vapeur d\u2019eau \u00e0 haute temp\u00e9rature. Il permet \u00e9galement dechauffer le lait maternel et les biberons, de st\u00e9riliser les accessoires et ded\u00e9congeler. En outre, il calcule automatiquement le temps de fonctionnementn\u00e9cessaire \u00e0 partir de la temp\u00e9rature initiale, du type et du volume d\u2019alimentsque vous voulez pr\u00e9parer pour obtenir un chauffage rapide et uniforme \u00e0 labonne temp\u00e9rature. Il comprend \u00e9galement un adaptateur pour la voiture.<\/span><\/p>\n","protected":false},"featured_media":2031,"comment_status":"open","ping_status":"closed","template":"","meta":{"site-sidebar-layout":"default","site-content-layout":"","ast-site-content-layout":"","site-content-style":"default","site-sidebar-style":"default","ast-global-header-display":"","ast-banner-title-visibility":"","ast-main-header-display":"","ast-hfb-above-header-display":"","ast-hfb-below-header-display":"","ast-hfb-mobile-header-display":"","site-post-title":"","ast-breadcrumbs-content":"","ast-featured-img":"","footer-sml-layout":"","theme-transparent-header-meta":"","adv-header-id-meta":"","stick-header-meta":"","header-above-stick-meta":"","header-main-stick-meta":"","header-below-stick-meta":"","astra-migrate-meta-layouts":"default","ast-page-background-enabled":"default","ast-page-background-meta":{"desktop":{"background-color":"var(--ast-global-color-4)","background-image":"","background-repeat":"repeat","background-position":"center center","background-size":"auto","background-attachment":"scroll","background-type":"","background-media":"","overlay-type":"","overlay-color":"","overlay-opacity":"","overlay-gradient":""},"tablet":{"background-color":"","background-image":"","background-repeat":"repeat","background-position":"center center","background-size":"auto","background-attachment":"scroll","background-type":"","background-media":"","overlay-type":"","overlay-color":"","overlay-opacity":"","overlay-gradient":""},"mobile":{"background-color":"","background-image":"","background-repeat":"repeat","background-position":"center center","background-size":"auto","background-attachment":"scroll","background-type":"","background-media":"","overlay-type":"","overlay-color":"","overlay-opacity":"","overlay-gradient":""}},"ast-content-background-meta":{"desktop":{"background-color":"var(--ast-global-color-5)","background-image":"","background-repeat":"repeat","background-position":"center center","background-size":"auto","background-attachment":"scroll","background-type":"","background-media":"","overlay-type":"","overlay-color":"","overlay-opacity":"","overlay-gradient":""},"tablet":{"background-color":"var(--ast-global-color-5)","background-image":"","background-repeat":"repeat","background-position":"center center","background-size":"auto","background-attachment":"scroll","background-type":"","background-media":"","overlay-type":"","overlay-color":"","overlay-opacity":"","overlay-gradient":""},"mobile":{"background-color":"var(--ast-global-color-5)","background-image":"","background-repeat":"repeat","background-position":"center center","background-size":"auto","background-attachment":"scroll","background-type":"","background-media":"","overlay-type":"","overlay-color":"","overlay-opacity":"","overlay-gradient":""}}},"product_cat":[57],"product_tag":[],"jetpack_sharing_enabled":true,"_links":{"self":[{"href":"https:\/\/bambinoscorner.ma\/index.php?rest_route=\/wp\/v2\/product\/2033"}],"collection":[{"href":"https:\/\/bambinoscorner.ma\/index.php?rest_route=\/wp\/v2\/product"}],"about":[{"href":"https:\/\/bambinoscorner.ma\/index.php?rest_route=\/wp\/v2\/types\/product"}],"replies":[{"embeddable":true,"href":"https:\/\/bambinoscorner.ma\/index.php?rest_route=%2Fwp%2Fv2%2Fcomments&post=2033"}],"version-history":[{"count":0,"href":"https:\/\/bambinoscorner.ma\/index.php?rest_route=\/wp\/v2\/product\/2033\/revisions"}],"wp:featuredmedia":[{"embeddable":true,"href":"https:\/\/bambinoscorner.ma\/index.php?rest_route=\/wp\/v2\/media\/2031"}],"wp:attachment":[{"href":"https:\/\/bambinoscorner.ma\/index.php?rest_route=%2Fwp%2Fv2%2Fmedia&parent=2033"}],"wp:term":[{"taxonomy":"product_cat","embeddable":true,"href":"https:\/\/bambinoscorner.ma\/index.php?rest_route=%2Fwp%2Fv2%2Fproduct_cat&post=2033"},{"taxonomy":"product_tag","embeddable":true,"href":"https:\/\/bambinoscorner.ma\/index.php?rest_route=%2Fwp%2Fv2%2Fproduct_tag&post=2033"}],"curies":[{"name":"wp","href":"https:\/\/api.w.org\/{rel}","templated":true}]}}