{"id":2027,"date":"2025-09-12T20:45:25","date_gmt":"2025-09-12T20:45:25","guid":{"rendered":"https:\/\/bambinoscorner.ma\/?product=chauffe-biberon-miniland"},"modified":"2025-09-12T20:45:27","modified_gmt":"2025-09-12T20:45:27","slug":"chauffe-biberon-miniland","status":"publish","type":"product","link":"https:\/\/bambinoscorner.ma\/?product=chauffe-biberon-miniland","title":{"rendered":"Chauffe biberon Miniland"},"content":{"rendered":"<p style=\"margin-top: 0px;margin-bottom: 0.8rem;font-family: Nunito, sans-serif;font-size: 14px;font-style: normal;font-weight: 400;letter-spacing: normal;text-align: start;text-indent: 0px;text-transform: none;text-decoration: none\">Miniland Chauffe-biberon est tr\u00e8s rapide, il permet en quelques minutes de r\u00e9chauffer \u00e0 la temp\u00e9rature parfaite tous les types de biberons et petits pots. le repas du b\u00e9b\u00e9 sera pr\u00eat en un instant.<\/p>\n<p style=\"margin-top: 0px;margin-bottom: 0px;font-family: Nunito, sans-serif;font-size: 14px;font-style: normal;font-weight: 400;letter-spacing: normal;text-align: start;text-indent: 0px;text-transform: none;text-decoration: none\">Chauffe biberon \u00e0 temp\u00e9rature ajustable, possibilit\u00e9 de voir le temps restant et d\u2019\u00eatre alert\u00e9 quand le biberon est pr\u00eat. Les accessoires se d\u00e9tachent pour pouvoir \u00eatre lav\u00e9s facilement. R\u00e9chauffe rapidement biberons et petits pots uniform\u00e9ment, id\u00e9al pour r\u00e9chauffer le lait maternel.<\/p>\n","protected":false},"excerpt":{"rendered":"<p>Miniland Chauffe biberon.<\/p>\n<p style=\"margin-top: 0px;margin-bottom: 0.8rem;font-family: Nunito, sans-serif;font-size: 14px;font-style: normal;font-weight: 400;letter-spacing: normal;text-align: start;text-indent: 0px;text-transform: none;text-decoration: none\">Miniland Chauffe-biberon est tr\u00e8s rapide, il permet en quelques minutes de r\u00e9chauffer \u00e0 la temp\u00e9rature parfaite tous les types de biberons et petits pots. le repas du b\u00e9b\u00e9 sera pr\u00eat en un instant.<\/p>\n<p style=\"margin-top: 0px;margin-bottom: 0px;font-family: Nunito, sans-serif;font-size: 14px;font-style: normal;font-weight: 400;letter-spacing: normal;text-align: start;text-indent: 0px;text-transform: none;text-decoration: none\">Chauffe biberon \u00e0 temp\u00e9rature ajustable, possibilit\u00e9 de voir le temps restant et d\u2019\u00eatre alert\u00e9 quand le biberon est pr\u00eat. Les accessoires se d\u00e9tachent pour pouvoir \u00eatre lav\u00e9s facilement. R\u00e9chauffe rapidement biberons et petits pots uniform\u00e9ment, id\u00e9al pour r\u00e9chauffer le lait maternel.<\/p>\n","protected":false},"featured_media":2025,"comment_status":"open","ping_status":"closed","template":"","meta":{"site-sidebar-layout":"default","site-content-layout":"","ast-site-content-layout":"","site-content-style":"default","site-sidebar-style":"default","ast-global-header-display":"","ast-banner-title-visibility":"","ast-main-header-display":"","ast-hfb-above-header-display":"","ast-hfb-below-header-display":"","ast-hfb-mobile-header-display":"","site-post-title":"","ast-breadcrumbs-content":"","ast-featured-img":"","footer-sml-layout":"","theme-transparent-header-meta":"","adv-header-id-meta":"","stick-header-meta":"","header-above-stick-meta":"","header-main-stick-meta":"","header-below-stick-meta":"","astra-migrate-meta-layouts":"default","ast-page-background-enabled":"default","ast-page-background-meta":{"desktop":{"background-color":"var(--ast-global-color-4)","background-image":"","background-repeat":"repeat","background-position":"center center","background-size":"auto","background-attachment":"scroll","background-type":"","background-media":"","overlay-type":"","overlay-color":"","overlay-opacity":"","overlay-gradient":""},"tablet":{"background-color":"","background-image":"","background-repeat":"repeat","background-position":"center center","background-size":"auto","background-attachment":"scroll","background-type":"","background-media":"","overlay-type":"","overlay-color":"","overlay-opacity":"","overlay-gradient":""},"mobile":{"background-color":"","background-image":"","background-repeat":"repeat","background-position":"center center","background-size":"auto","background-attachment":"scroll","background-type":"","background-media":"","overlay-type":"","overlay-color":"","overlay-opacity":"","overlay-gradient":""}},"ast-content-background-meta":{"desktop":{"background-color":"var(--ast-global-color-5)","background-image":"","background-repeat":"repeat","background-position":"center center","background-size":"auto","background-attachment":"scroll","background-type":"","background-media":"","overlay-type":"","overlay-color":"","overlay-opacity":"","overlay-gradient":""},"tablet":{"background-color":"var(--ast-global-color-5)","background-image":"","background-repeat":"repeat","background-position":"center center","background-size":"auto","background-attachment":"scroll","background-type":"","background-media":"","overlay-type":"","overlay-color":"","overlay-opacity":"","overlay-gradient":""},"mobile":{"background-color":"var(--ast-global-color-5)","background-image":"","background-repeat":"repeat","background-position":"center center","background-size":"auto","background-attachment":"scroll","background-type":"","background-media":"","overlay-type":"","overlay-color":"","overlay-opacity":"","overlay-gradient":""}}},"product_cat":[57],"product_tag":[],"jetpack_sharing_enabled":true,"_links":{"self":[{"href":"https:\/\/bambinoscorner.ma\/index.php?rest_route=\/wp\/v2\/product\/2027"}],"collection":[{"href":"https:\/\/bambinoscorner.ma\/index.php?rest_route=\/wp\/v2\/product"}],"about":[{"href":"https:\/\/bambinoscorner.ma\/index.php?rest_route=\/wp\/v2\/types\/product"}],"replies":[{"embeddable":true,"href":"https:\/\/bambinoscorner.ma\/index.php?rest_route=%2Fwp%2Fv2%2Fcomments&post=2027"}],"version-history":[{"count":0,"href":"https:\/\/bambinoscorner.ma\/index.php?rest_route=\/wp\/v2\/product\/2027\/revisions"}],"wp:featuredmedia":[{"embeddable":true,"href":"https:\/\/bambinoscorner.ma\/index.php?rest_route=\/wp\/v2\/media\/2025"}],"wp:attachment":[{"href":"https:\/\/bambinoscorner.ma\/index.php?rest_route=%2Fwp%2Fv2%2Fmedia&parent=2027"}],"wp:term":[{"taxonomy":"product_cat","embeddable":true,"href":"https:\/\/bambinoscorner.ma\/index.php?rest_route=%2Fwp%2Fv2%2Fproduct_cat&post=2027"},{"taxonomy":"product_tag","embeddable":true,"href":"https:\/\/bambinoscorner.ma\/index.php?rest_route=%2Fwp%2Fv2%2Fproduct_tag&post=2027"}],"curies":[{"name":"wp","href":"https:\/\/api.w.org\/{rel}","templated":true}]}}