{"id":2014,"date":"2025-09-12T20:19:39","date_gmt":"2025-09-12T20:19:39","guid":{"rendered":"https:\/\/bambinoscorner.ma\/?product=smart-remote-telecommande"},"modified":"2025-09-12T20:19:42","modified_gmt":"2025-09-12T20:19:42","slug":"smart-remote-telecommande","status":"publish","type":"product","link":"https:\/\/bambinoscorner.ma\/?product=smart-remote-telecommande","title":{"rendered":"Smart remote &#8211; t\u00e9l\u00e9commande"},"content":{"rendered":"<p><span style=\"font-family: Poppins;font-size: 14px;font-style: normal;font-weight: 400;letter-spacing: 0.035px;text-align: start;text-indent: 0px;text-transform: none;text-decoration: none;float: none\">Il s\u2019agit d\u2019une t\u00e9l\u00e9commande avec des sons et des touches. Elle am\u00e9liore la capacit\u00e9 mentale \u00e0 reconna\u00eetre les sons de diff\u00e9rentes choses comme les serrures de voiture, les klaxons de voiture et les sons de d\u00e9marrage de voiture. C\u2019est aussi un hochet pour les tout-petits.<\/span><\/p>\n","protected":false},"excerpt":{"rendered":"<p><span style=\"font-family: Poppins;font-size: 14px;font-style: normal;font-weight: 400;letter-spacing: 0.035px;text-align: start;text-indent: 0px;text-transform: none;text-decoration: none;float: none\">Il s\u2019agit d\u2019une t\u00e9l\u00e9commande avec des sons et des touches. Elle am\u00e9liore la capacit\u00e9 mentale \u00e0 reconna\u00eetre les sons de diff\u00e9rentes choses comme les serrures de voiture, les klaxons de voiture et les sons de d\u00e9marrage de voiture. C\u2019est aussi un hochet pour les tout-petits.<\/span><\/p>\n","protected":false},"featured_media":2013,"comment_status":"open","ping_status":"closed","template":"","meta":{"site-sidebar-layout":"default","site-content-layout":"","ast-site-content-layout":"","site-content-style":"default","site-sidebar-style":"default","ast-global-header-display":"","ast-banner-title-visibility":"","ast-main-header-display":"","ast-hfb-above-header-display":"","ast-hfb-below-header-display":"","ast-hfb-mobile-header-display":"","site-post-title":"","ast-breadcrumbs-content":"","ast-featured-img":"","footer-sml-layout":"","theme-transparent-header-meta":"","adv-header-id-meta":"","stick-header-meta":"","header-above-stick-meta":"","header-main-stick-meta":"","header-below-stick-meta":"","astra-migrate-meta-layouts":"default","ast-page-background-enabled":"default","ast-page-background-meta":{"desktop":{"background-color":"var(--ast-global-color-4)","background-image":"","background-repeat":"repeat","background-position":"center center","background-size":"auto","background-attachment":"scroll","background-type":"","background-media":"","overlay-type":"","overlay-color":"","overlay-opacity":"","overlay-gradient":""},"tablet":{"background-color":"","background-image":"","background-repeat":"repeat","background-position":"center center","background-size":"auto","background-attachment":"scroll","background-type":"","background-media":"","overlay-type":"","overlay-color":"","overlay-opacity":"","overlay-gradient":""},"mobile":{"background-color":"","background-image":"","background-repeat":"repeat","background-position":"center center","background-size":"auto","background-attachment":"scroll","background-type":"","background-media":"","overlay-type":"","overlay-color":"","overlay-opacity":"","overlay-gradient":""}},"ast-content-background-meta":{"desktop":{"background-color":"var(--ast-global-color-5)","background-image":"","background-repeat":"repeat","background-position":"center center","background-size":"auto","background-attachment":"scroll","background-type":"","background-media":"","overlay-type":"","overlay-color":"","overlay-opacity":"","overlay-gradient":""},"tablet":{"background-color":"var(--ast-global-color-5)","background-image":"","background-repeat":"repeat","background-position":"center center","background-size":"auto","background-attachment":"scroll","background-type":"","background-media":"","overlay-type":"","overlay-color":"","overlay-opacity":"","overlay-gradient":""},"mobile":{"background-color":"var(--ast-global-color-5)","background-image":"","background-repeat":"repeat","background-position":"center center","background-size":"auto","background-attachment":"scroll","background-type":"","background-media":"","overlay-type":"","overlay-color":"","overlay-opacity":"","overlay-gradient":""}}},"product_cat":[58],"product_tag":[],"jetpack_sharing_enabled":true,"_links":{"self":[{"href":"https:\/\/bambinoscorner.ma\/index.php?rest_route=\/wp\/v2\/product\/2014"}],"collection":[{"href":"https:\/\/bambinoscorner.ma\/index.php?rest_route=\/wp\/v2\/product"}],"about":[{"href":"https:\/\/bambinoscorner.ma\/index.php?rest_route=\/wp\/v2\/types\/product"}],"replies":[{"embeddable":true,"href":"https:\/\/bambinoscorner.ma\/index.php?rest_route=%2Fwp%2Fv2%2Fcomments&post=2014"}],"version-history":[{"count":0,"href":"https:\/\/bambinoscorner.ma\/index.php?rest_route=\/wp\/v2\/product\/2014\/revisions"}],"wp:featuredmedia":[{"embeddable":true,"href":"https:\/\/bambinoscorner.ma\/index.php?rest_route=\/wp\/v2\/media\/2013"}],"wp:attachment":[{"href":"https:\/\/bambinoscorner.ma\/index.php?rest_route=%2Fwp%2Fv2%2Fmedia&parent=2014"}],"wp:term":[{"taxonomy":"product_cat","embeddable":true,"href":"https:\/\/bambinoscorner.ma\/index.php?rest_route=%2Fwp%2Fv2%2Fproduct_cat&post=2014"},{"taxonomy":"product_tag","embeddable":true,"href":"https:\/\/bambinoscorner.ma\/index.php?rest_route=%2Fwp%2Fv2%2Fproduct_tag&post=2014"}],"curies":[{"name":"wp","href":"https:\/\/api.w.org\/{rel}","templated":true}]}}