{"id":2009,"date":"2025-09-12T20:15:15","date_gmt":"2025-09-12T20:15:15","guid":{"rendered":"https:\/\/bambinoscorner.ma\/?product=piscine-bebe"},"modified":"2025-09-12T20:15:52","modified_gmt":"2025-09-12T20:15:52","slug":"piscine-bebe","status":"publish","type":"product","link":"https:\/\/bambinoscorner.ma\/?product=piscine-bebe","title":{"rendered":"Piscine b\u00e9b\u00e9"},"content":{"rendered":"<h4 style=\"margin-top: 0px;margin-right: 0px;margin-bottom: var(--wd-tags-mb);margin-left: 0px;padding: 0px;border: 0px;vertical-align: baseline;font-style: normal;font-weight: var(--wd-title-font-weight);line-height: 1.4;font-family: Nunito, Arial, Helvetica, sans-serif;font-size: 18px;text-transform: none;letter-spacing: normal;text-align: start;text-indent: 0px;text-decoration: none\">Piscine gonflable de 70 cm de diam\u00e8tre x 24 cm d\u00b4hauteur.<\/h4>\n<h4 style=\"margin-top: 0px;margin-right: 0px;margin-bottom: var(--wd-tags-mb);margin-left: 0px;padding: 0px;border: 0px;vertical-align: baseline;font-style: normal;font-weight: var(--wd-title-font-weight);line-height: 1.4;font-family: Nunito, Arial, Helvetica, sans-serif;font-size: 18px;text-transform: none;letter-spacing: normal;text-align: start;text-indent: 0px;text-decoration: none\">Id\u00e9al pour les plus petits de la maison.<\/h4>\n<h4 style=\"margin-top: 0px;margin-right: 0px;margin-bottom: var(--wd-tags-mb);margin-left: 0px;padding: 0px;border: 0px;vertical-align: baseline;font-style: normal;font-weight: var(--wd-title-font-weight);line-height: 1.4;font-family: Nunito, Arial, Helvetica, sans-serif;font-size: 18px;text-transform: none;letter-spacing: normal;text-align: start;text-indent: 0px;text-decoration: none\">La piscine color\u00e9e pour b\u00e9b\u00e9s de Bestway offre des heures de plaisir aquatique \u00e0 la maison. Elle est con\u00e7ue en plastique \u00e9pais et durable pour une utilisation prolong\u00e9e en ext\u00e9rieur.<br \/>\nCadeau d\u2019\u00e9t\u00e9 sympa pour les 3 ans et plus<\/h4>\n","protected":false},"excerpt":{"rendered":"<h4 style=\"margin-top: 0px;margin-right: 0px;margin-bottom: var(--wd-tags-mb);margin-left: 0px;padding: 0px;border: 0px;vertical-align: baseline;font-style: normal;font-weight: var(--wd-title-font-weight);line-height: 1.4;font-family: Nunito, Arial, Helvetica, sans-serif;font-size: 18px;text-transform: none;letter-spacing: normal;text-align: start;text-indent: 0px;text-decoration: none\">Piscine gonflable de 70 cm de diam\u00e8tre x 24 cm d\u00b4hauteur.<\/h4>\n<h4 style=\"margin-top: 0px;margin-right: 0px;margin-bottom: var(--wd-tags-mb);margin-left: 0px;padding: 0px;border: 0px;vertical-align: baseline;font-style: normal;font-weight: var(--wd-title-font-weight);line-height: 1.4;font-family: Nunito, Arial, Helvetica, sans-serif;font-size: 18px;text-transform: none;letter-spacing: normal;text-align: start;text-indent: 0px;text-decoration: none\">Id\u00e9al pour les plus petits de la maison.<\/h4>\n<h4 style=\"margin-top: 0px;margin-right: 0px;margin-bottom: var(--wd-tags-mb);margin-left: 0px;padding: 0px;border: 0px;vertical-align: baseline;font-style: normal;font-weight: var(--wd-title-font-weight);line-height: 1.4;font-family: Nunito, Arial, Helvetica, sans-serif;font-size: 18px;text-transform: none;letter-spacing: normal;text-align: start;text-indent: 0px;text-decoration: none\">La piscine color\u00e9e pour b\u00e9b\u00e9s de Bestway offre des heures de plaisir aquatique \u00e0 la maison. Elle est con\u00e7ue en plastique \u00e9pais et durable pour une utilisation prolong\u00e9e en ext\u00e9rieur.<br \/>\nCadeau d\u2019\u00e9t\u00e9 sympa pour les 3 ans et plus<\/h4>\n","protected":false},"featured_media":2008,"comment_status":"open","ping_status":"closed","template":"","meta":{"site-sidebar-layout":"default","site-content-layout":"","ast-site-content-layout":"","site-content-style":"default","site-sidebar-style":"default","ast-global-header-display":"","ast-banner-title-visibility":"","ast-main-header-display":"","ast-hfb-above-header-display":"","ast-hfb-below-header-display":"","ast-hfb-mobile-header-display":"","site-post-title":"","ast-breadcrumbs-content":"","ast-featured-img":"","footer-sml-layout":"","theme-transparent-header-meta":"","adv-header-id-meta":"","stick-header-meta":"","header-above-stick-meta":"","header-main-stick-meta":"","header-below-stick-meta":"","astra-migrate-meta-layouts":"default","ast-page-background-enabled":"default","ast-page-background-meta":{"desktop":{"background-color":"var(--ast-global-color-4)","background-image":"","background-repeat":"repeat","background-position":"center center","background-size":"auto","background-attachment":"scroll","background-type":"","background-media":"","overlay-type":"","overlay-color":"","overlay-opacity":"","overlay-gradient":""},"tablet":{"background-color":"","background-image":"","background-repeat":"repeat","background-position":"center center","background-size":"auto","background-attachment":"scroll","background-type":"","background-media":"","overlay-type":"","overlay-color":"","overlay-opacity":"","overlay-gradient":""},"mobile":{"background-color":"","background-image":"","background-repeat":"repeat","background-position":"center center","background-size":"auto","background-attachment":"scroll","background-type":"","background-media":"","overlay-type":"","overlay-color":"","overlay-opacity":"","overlay-gradient":""}},"ast-content-background-meta":{"desktop":{"background-color":"var(--ast-global-color-5)","background-image":"","background-repeat":"repeat","background-position":"center center","background-size":"auto","background-attachment":"scroll","background-type":"","background-media":"","overlay-type":"","overlay-color":"","overlay-opacity":"","overlay-gradient":""},"tablet":{"background-color":"var(--ast-global-color-5)","background-image":"","background-repeat":"repeat","background-position":"center center","background-size":"auto","background-attachment":"scroll","background-type":"","background-media":"","overlay-type":"","overlay-color":"","overlay-opacity":"","overlay-gradient":""},"mobile":{"background-color":"var(--ast-global-color-5)","background-image":"","background-repeat":"repeat","background-position":"center center","background-size":"auto","background-attachment":"scroll","background-type":"","background-media":"","overlay-type":"","overlay-color":"","overlay-opacity":"","overlay-gradient":""}}},"product_cat":[58],"product_tag":[],"jetpack_sharing_enabled":true,"_links":{"self":[{"href":"https:\/\/bambinoscorner.ma\/index.php?rest_route=\/wp\/v2\/product\/2009"}],"collection":[{"href":"https:\/\/bambinoscorner.ma\/index.php?rest_route=\/wp\/v2\/product"}],"about":[{"href":"https:\/\/bambinoscorner.ma\/index.php?rest_route=\/wp\/v2\/types\/product"}],"replies":[{"embeddable":true,"href":"https:\/\/bambinoscorner.ma\/index.php?rest_route=%2Fwp%2Fv2%2Fcomments&post=2009"}],"version-history":[{"count":1,"href":"https:\/\/bambinoscorner.ma\/index.php?rest_route=\/wp\/v2\/product\/2009\/revisions"}],"predecessor-version":[{"id":2010,"href":"https:\/\/bambinoscorner.ma\/index.php?rest_route=\/wp\/v2\/product\/2009\/revisions\/2010"}],"wp:featuredmedia":[{"embeddable":true,"href":"https:\/\/bambinoscorner.ma\/index.php?rest_route=\/wp\/v2\/media\/2008"}],"wp:attachment":[{"href":"https:\/\/bambinoscorner.ma\/index.php?rest_route=%2Fwp%2Fv2%2Fmedia&parent=2009"}],"wp:term":[{"taxonomy":"product_cat","embeddable":true,"href":"https:\/\/bambinoscorner.ma\/index.php?rest_route=%2Fwp%2Fv2%2Fproduct_cat&post=2009"},{"taxonomy":"product_tag","embeddable":true,"href":"https:\/\/bambinoscorner.ma\/index.php?rest_route=%2Fwp%2Fv2%2Fproduct_tag&post=2009"}],"curies":[{"name":"wp","href":"https:\/\/api.w.org\/{rel}","templated":true}]}}