{"id":2002,"date":"2025-09-12T20:06:53","date_gmt":"2025-09-12T20:06:53","guid":{"rendered":"https:\/\/bambinoscorner.ma\/?product=tapis-piano-huanger"},"modified":"2025-09-12T20:06:55","modified_gmt":"2025-09-12T20:06:55","slug":"tapis-piano-huanger","status":"publish","type":"product","link":"https:\/\/bambinoscorner.ma\/?product=tapis-piano-huanger","title":{"rendered":"Tapis piano HUANGER"},"content":{"rendered":"<p style=\"margin-bottom: 1.3em;margin-top: 0px;font-family: Montserrat, sans-serif;font-size: 16px;font-style: normal;font-weight: 400;letter-spacing: normal;text-align: start;text-indent: 0px;text-transform: none;text-decoration: none\">Le tapis piano \u00e9veil Huanger est sp\u00e9cialement con\u00e7u pour les b\u00e9b\u00e9s d\u00e8s la naissance. Il offre suffisamment d\u2019espace pour que votre b\u00e9b\u00e9 puisse grandir et d\u00e9velopper ses comp\u00e9tences motrices en toute s\u00e9curit\u00e9. Il est \u00e9galement aliment\u00e9 par 2 piles AA (non incluses), ce qui vous permet d\u2019utiliser le tapis o\u00f9 vous le souhaitez, sans avoir besoin d\u2019une prise de courant.<\/p>\n<ul data-pm-slice=\"3 3 []\" style=\"margin-top: 0px;padding: 0px;margin-bottom: 1.3em;font-family: Montserrat, sans-serif;font-size: 16px;font-style: normal;font-weight: 400;letter-spacing: normal;text-align: start;text-indent: 0px;text-transform: none;text-decoration: none\">\n<li style=\"margin-bottom: 0.6em;margin-left: 1.3em\">\u00c9veillez l\u2019imagination de votre b\u00e9b\u00e9<\/li>\n<li style=\"margin-bottom: 0.6em;margin-left: 1.3em\">Un tapis d\u2019\u00e9veil complet avec trois modes de jeu<\/li>\n<li style=\"margin-bottom: 0.6em;margin-left: 1.3em\">De la naissance jusqu\u2019aux premiers pas de votre b\u00e9b\u00e9<\/li>\n<\/ul>\n","protected":false},"excerpt":{"rendered":"<p style=\"margin-bottom: 1.3em;margin-top: 0px;font-family: Montserrat, sans-serif;font-size: 16px;font-style: normal;font-weight: 400;letter-spacing: normal;text-align: start;text-indent: 0px;text-transform: none;text-decoration: none\">Le tapis piano \u00e9veil Huanger est sp\u00e9cialement con\u00e7u pour les b\u00e9b\u00e9s d\u00e8s la naissance. Il offre suffisamment d\u2019espace pour que votre b\u00e9b\u00e9 puisse grandir et d\u00e9velopper ses comp\u00e9tences motrices en toute s\u00e9curit\u00e9. Il est \u00e9galement aliment\u00e9 par 2 piles AA (non incluses), ce qui vous permet d\u2019utiliser le tapis o\u00f9 vous le souhaitez, sans avoir besoin d\u2019une prise de courant.<\/p>\n<ul data-pm-slice=\"3 3 []\" style=\"margin-top: 0px;padding: 0px;margin-bottom: 1.3em;font-family: Montserrat, sans-serif;font-size: 16px;font-style: normal;font-weight: 400;letter-spacing: normal;text-align: start;text-indent: 0px;text-transform: none;text-decoration: none\">\n<li style=\"margin-bottom: 0.6em;margin-left: 1.3em\">\u00c9veillez l\u2019imagination de votre b\u00e9b\u00e9<\/li>\n<li style=\"margin-bottom: 0.6em;margin-left: 1.3em\">Un tapis d\u2019\u00e9veil complet avec trois modes de jeu<\/li>\n<li style=\"margin-bottom: 0.6em;margin-left: 1.3em\">De la naissance jusqu\u2019aux premiers pas de votre b\u00e9b\u00e9<\/li>\n<\/ul>\n","protected":false},"featured_media":2001,"comment_status":"open","ping_status":"closed","template":"","meta":{"site-sidebar-layout":"default","site-content-layout":"","ast-site-content-layout":"","site-content-style":"default","site-sidebar-style":"default","ast-global-header-display":"","ast-banner-title-visibility":"","ast-main-header-display":"","ast-hfb-above-header-display":"","ast-hfb-below-header-display":"","ast-hfb-mobile-header-display":"","site-post-title":"","ast-breadcrumbs-content":"","ast-featured-img":"","footer-sml-layout":"","theme-transparent-header-meta":"","adv-header-id-meta":"","stick-header-meta":"","header-above-stick-meta":"","header-main-stick-meta":"","header-below-stick-meta":"","astra-migrate-meta-layouts":"default","ast-page-background-enabled":"default","ast-page-background-meta":{"desktop":{"background-color":"var(--ast-global-color-4)","background-image":"","background-repeat":"repeat","background-position":"center center","background-size":"auto","background-attachment":"scroll","background-type":"","background-media":"","overlay-type":"","overlay-color":"","overlay-opacity":"","overlay-gradient":""},"tablet":{"background-color":"","background-image":"","background-repeat":"repeat","background-position":"center center","background-size":"auto","background-attachment":"scroll","background-type":"","background-media":"","overlay-type":"","overlay-color":"","overlay-opacity":"","overlay-gradient":""},"mobile":{"background-color":"","background-image":"","background-repeat":"repeat","background-position":"center center","background-size":"auto","background-attachment":"scroll","background-type":"","background-media":"","overlay-type":"","overlay-color":"","overlay-opacity":"","overlay-gradient":""}},"ast-content-background-meta":{"desktop":{"background-color":"var(--ast-global-color-5)","background-image":"","background-repeat":"repeat","background-position":"center center","background-size":"auto","background-attachment":"scroll","background-type":"","background-media":"","overlay-type":"","overlay-color":"","overlay-opacity":"","overlay-gradient":""},"tablet":{"background-color":"var(--ast-global-color-5)","background-image":"","background-repeat":"repeat","background-position":"center center","background-size":"auto","background-attachment":"scroll","background-type":"","background-media":"","overlay-type":"","overlay-color":"","overlay-opacity":"","overlay-gradient":""},"mobile":{"background-color":"var(--ast-global-color-5)","background-image":"","background-repeat":"repeat","background-position":"center center","background-size":"auto","background-attachment":"scroll","background-type":"","background-media":"","overlay-type":"","overlay-color":"","overlay-opacity":"","overlay-gradient":""}}},"product_cat":[58],"product_tag":[],"jetpack_sharing_enabled":true,"_links":{"self":[{"href":"https:\/\/bambinoscorner.ma\/index.php?rest_route=\/wp\/v2\/product\/2002"}],"collection":[{"href":"https:\/\/bambinoscorner.ma\/index.php?rest_route=\/wp\/v2\/product"}],"about":[{"href":"https:\/\/bambinoscorner.ma\/index.php?rest_route=\/wp\/v2\/types\/product"}],"replies":[{"embeddable":true,"href":"https:\/\/bambinoscorner.ma\/index.php?rest_route=%2Fwp%2Fv2%2Fcomments&post=2002"}],"version-history":[{"count":0,"href":"https:\/\/bambinoscorner.ma\/index.php?rest_route=\/wp\/v2\/product\/2002\/revisions"}],"wp:featuredmedia":[{"embeddable":true,"href":"https:\/\/bambinoscorner.ma\/index.php?rest_route=\/wp\/v2\/media\/2001"}],"wp:attachment":[{"href":"https:\/\/bambinoscorner.ma\/index.php?rest_route=%2Fwp%2Fv2%2Fmedia&parent=2002"}],"wp:term":[{"taxonomy":"product_cat","embeddable":true,"href":"https:\/\/bambinoscorner.ma\/index.php?rest_route=%2Fwp%2Fv2%2Fproduct_cat&post=2002"},{"taxonomy":"product_tag","embeddable":true,"href":"https:\/\/bambinoscorner.ma\/index.php?rest_route=%2Fwp%2Fv2%2Fproduct_tag&post=2002"}],"curies":[{"name":"wp","href":"https:\/\/api.w.org\/{rel}","templated":true}]}}