{"id":1928,"date":"2024-10-31T23:23:46","date_gmt":"2024-10-31T23:23:46","guid":{"rendered":"https:\/\/bambinoscorner.ma\/produit\/lot-de-2-paniers-de-rangements\/"},"modified":"2025-04-17T08:56:14","modified_gmt":"2025-04-17T08:56:14","slug":"lot-de-2-paniers-de-rangements","status":"publish","type":"product","link":"https:\/\/bambinoscorner.ma\/?product=lot-de-2-paniers-de-rangements","title":{"rendered":"Lot de 2 paniers de rangements"},"content":{"rendered":"","protected":false},"excerpt":{"rendered":"<p>Lot de 2 paniers de rangement r\u00e9versibles imprim\u00e9s.<\/p>\n<ul>\n<li>Le plus grand panier est id\u00e9al pour y ranger les couches de b\u00e9b\u00e9, lingettes, coton&#8230;<\/li>\n<\/ul>\n<ul>\n<li>Le plus petit est tr\u00e8s pratique pour y mettre les n\u00e9cessaires b\u00e9b\u00e9s.<\/li>\n<\/ul>\n<p>Nid d&#8217;abeille + doublure 100% coton Oeko Tex Classe 100.<\/p>\n<p><em>Articles fabriqu\u00e9 avec amour dans notre atelier @bybambinos corner.<\/em><\/p>\n","protected":false},"featured_media":1926,"comment_status":"open","ping_status":"closed","template":"","meta":{"site-sidebar-layout":"default","site-content-layout":"","ast-site-content-layout":"","site-content-style":"default","site-sidebar-style":"default","ast-global-header-display":"","ast-banner-title-visibility":"","ast-main-header-display":"","ast-hfb-above-header-display":"","ast-hfb-below-header-display":"","ast-hfb-mobile-header-display":"","site-post-title":"","ast-breadcrumbs-content":"","ast-featured-img":"","footer-sml-layout":"","theme-transparent-header-meta":"","adv-header-id-meta":"","stick-header-meta":"","header-above-stick-meta":"","header-main-stick-meta":"","header-below-stick-meta":"","astra-migrate-meta-layouts":"default","ast-page-background-enabled":"default","ast-page-background-meta":{"desktop":{"background-color":"var(--ast-global-color-4)","background-image":"","background-repeat":"repeat","background-position":"center center","background-size":"auto","background-attachment":"scroll","background-type":"","background-media":"","overlay-type":"","overlay-color":"","overlay-opacity":"","overlay-gradient":""},"tablet":{"background-color":"","background-image":"","background-repeat":"repeat","background-position":"center center","background-size":"auto","background-attachment":"scroll","background-type":"","background-media":"","overlay-type":"","overlay-color":"","overlay-opacity":"","overlay-gradient":""},"mobile":{"background-color":"","background-image":"","background-repeat":"repeat","background-position":"center center","background-size":"auto","background-attachment":"scroll","background-type":"","background-media":"","overlay-type":"","overlay-color":"","overlay-opacity":"","overlay-gradient":""}},"ast-content-background-meta":{"desktop":{"background-color":"var(--ast-global-color-5)","background-image":"","background-repeat":"repeat","background-position":"center center","background-size":"auto","background-attachment":"scroll","background-type":"","background-media":"","overlay-type":"","overlay-color":"","overlay-opacity":"","overlay-gradient":""},"tablet":{"background-color":"var(--ast-global-color-5)","background-image":"","background-repeat":"repeat","background-position":"center center","background-size":"auto","background-attachment":"scroll","background-type":"","background-media":"","overlay-type":"","overlay-color":"","overlay-opacity":"","overlay-gradient":""},"mobile":{"background-color":"var(--ast-global-color-5)","background-image":"","background-repeat":"repeat","background-position":"center center","background-size":"auto","background-attachment":"scroll","background-type":"","background-media":"","overlay-type":"","overlay-color":"","overlay-opacity":"","overlay-gradient":""}}},"product_cat":[41,61],"product_tag":[],"jetpack_sharing_enabled":true,"_links":{"self":[{"href":"https:\/\/bambinoscorner.ma\/index.php?rest_route=\/wp\/v2\/product\/1928"}],"collection":[{"href":"https:\/\/bambinoscorner.ma\/index.php?rest_route=\/wp\/v2\/product"}],"about":[{"href":"https:\/\/bambinoscorner.ma\/index.php?rest_route=\/wp\/v2\/types\/product"}],"replies":[{"embeddable":true,"href":"https:\/\/bambinoscorner.ma\/index.php?rest_route=%2Fwp%2Fv2%2Fcomments&post=1928"}],"version-history":[{"count":1,"href":"https:\/\/bambinoscorner.ma\/index.php?rest_route=\/wp\/v2\/product\/1928\/revisions"}],"predecessor-version":[{"id":1929,"href":"https:\/\/bambinoscorner.ma\/index.php?rest_route=\/wp\/v2\/product\/1928\/revisions\/1929"}],"wp:featuredmedia":[{"embeddable":true,"href":"https:\/\/bambinoscorner.ma\/index.php?rest_route=\/wp\/v2\/media\/1926"}],"wp:attachment":[{"href":"https:\/\/bambinoscorner.ma\/index.php?rest_route=%2Fwp%2Fv2%2Fmedia&parent=1928"}],"wp:term":[{"taxonomy":"product_cat","embeddable":true,"href":"https:\/\/bambinoscorner.ma\/index.php?rest_route=%2Fwp%2Fv2%2Fproduct_cat&post=1928"},{"taxonomy":"product_tag","embeddable":true,"href":"https:\/\/bambinoscorner.ma\/index.php?rest_route=%2Fwp%2Fv2%2Fproduct_tag&post=1928"}],"curies":[{"name":"wp","href":"https:\/\/api.w.org\/{rel}","templated":true}]}}