{"id":1895,"date":"2024-09-02T21:16:48","date_gmt":"2024-09-02T21:16:48","guid":{"rendered":"https:\/\/bambinoscorner.ma\/produit\/camilia\/"},"modified":"2025-04-17T08:57:35","modified_gmt":"2025-04-17T08:57:35","slug":"camilia","status":"publish","type":"product","link":"https:\/\/bambinoscorner.ma\/?product=camilia","title":{"rendered":"Camilia"},"content":{"rendered":"","protected":false},"excerpt":{"rendered":"<p style=\"margin-bottom: 1.3em;margin-top: 0px;font-family: Lato, sans-serif;font-size: 16px;font-style: normal;font-weight: 400;letter-spacing: normal;text-align: start;text-indent: 0px;text-transform: none;text-decoration: none\">Camilia dent est un soin hom\u00e9opathique utilis\u00e9 pour le traitement des<span class=\"Apple-converted-space\">&nbsp;<\/span><strong style=\"font-weight: bolder\">douleurs dentaires<\/strong><span class=\"Apple-converted-space\">&nbsp;<\/span>et des troubles associ\u00e9s chez les<span class=\"Apple-converted-space\">&nbsp;<\/span><strong style=\"font-weight: bolder\">nourrissons et les enfants<\/strong>. Il est formul\u00e9 \u00e0 partir d\u2019ingr\u00e9dients naturels et est sans sucre, sans colorants et sans conservateurs.<\/p>\n<p style=\"margin-bottom: 1.3em;margin-top: 0px;font-family: Lato, sans-serif;font-size: 16px;font-style: normal;font-weight: 400;letter-spacing: normal;text-align: start;text-indent: 0px;text-transform: none;text-decoration: none\">Tout d\u2019abord, Camilia est utilis\u00e9 pour traiter les douleurs dentaires chez les<span class=\"Apple-converted-space\">&nbsp;<\/span><strong style=\"font-weight: bolder\">nourrissons et les enfants<\/strong>, qui peuvent survenir pendant la pouss\u00e9e dentaire. Il peut \u00e9galement aider \u00e0 soulager les douleurs, les irritations et les inflammations de la gencive associ\u00e9es \u00e0 la pouss\u00e9e dentaire.<\/p>\n<p style=\"margin-bottom: 1.3em;margin-top: 0px;font-family: Lato, sans-serif;font-size: 16px;font-style: normal;font-weight: 400;letter-spacing: normal;text-align: start;text-indent: 0px;text-transform: none;text-decoration: none\">Ensuite, les ingr\u00e9dients actifs dans Camilia comprennent<span class=\"Apple-converted-space\">&nbsp;<\/span><strong style=\"font-weight: bolder\">Chamomilla,<\/strong><span class=\"Apple-converted-space\">&nbsp;<\/span>qui est utilis\u00e9 pour calmer l\u2019irritabilit\u00e9 et les douleurs dentaires, et<span class=\"Apple-converted-space\">&nbsp;<\/span><strong style=\"font-weight: bolder\">Phytolacca decandra<\/strong>, qui aide \u00e0 soulager les douleurs de la gorge et les inflammations.<\/p>\n<p style=\"margin-bottom: 1.3em;margin-top: 0px;font-family: Lato, sans-serif;font-size: 16px;font-style: normal;font-weight: 400;letter-spacing: normal;text-align: start;text-indent: 0px;text-transform: none;text-decoration: none\">Camilia est facile \u00e0 utiliser et est pr\u00e9sent\u00e9 en unidose, ce qui le rend pratique pour les parents et les aidants. Il peut \u00eatre administr\u00e9 directement dans la bouche de l\u2019enfant, sans n\u00e9cessiter d\u2019eau ou de nourriture suppl\u00e9mentaire.<\/p>\n<p style=\"margin-bottom: 1.3em;margin-top: 0px;font-family: Lato, sans-serif;font-size: 16px;font-style: normal;font-weight: 400;letter-spacing: normal;text-align: start;text-indent: 0px;text-transform: none;text-decoration: none\">Enfin, Camilia est un soin hom\u00e9opathique reconnu pour son efficacit\u00e9 dans le traitement des douleurs dentaires chez les nourrissons et les enfants. Il est sans danger et sans effets secondaires connus. Si les sympt\u00f4mes persistent, il est recommand\u00e9 de consulter un m\u00e9decin.<\/p>\n","protected":false},"featured_media":1894,"comment_status":"open","ping_status":"closed","template":"","meta":{"site-sidebar-layout":"default","site-content-layout":"","ast-site-content-layout":"","site-content-style":"default","site-sidebar-style":"default","ast-global-header-display":"","ast-banner-title-visibility":"","ast-main-header-display":"","ast-hfb-above-header-display":"","ast-hfb-below-header-display":"","ast-hfb-mobile-header-display":"","site-post-title":"","ast-breadcrumbs-content":"","ast-featured-img":"","footer-sml-layout":"","theme-transparent-header-meta":"","adv-header-id-meta":"","stick-header-meta":"","header-above-stick-meta":"","header-main-stick-meta":"","header-below-stick-meta":"","astra-migrate-meta-layouts":"default","ast-page-background-enabled":"default","ast-page-background-meta":{"desktop":{"background-color":"var(--ast-global-color-4)","background-image":"","background-repeat":"repeat","background-position":"center center","background-size":"auto","background-attachment":"scroll","background-type":"","background-media":"","overlay-type":"","overlay-color":"","overlay-opacity":"","overlay-gradient":""},"tablet":{"background-color":"","background-image":"","background-repeat":"repeat","background-position":"center center","background-size":"auto","background-attachment":"scroll","background-type":"","background-media":"","overlay-type":"","overlay-color":"","overlay-opacity":"","overlay-gradient":""},"mobile":{"background-color":"","background-image":"","background-repeat":"repeat","background-position":"center center","background-size":"auto","background-attachment":"scroll","background-type":"","background-media":"","overlay-type":"","overlay-color":"","overlay-opacity":"","overlay-gradient":""}},"ast-content-background-meta":{"desktop":{"background-color":"var(--ast-global-color-5)","background-image":"","background-repeat":"repeat","background-position":"center center","background-size":"auto","background-attachment":"scroll","background-type":"","background-media":"","overlay-type":"","overlay-color":"","overlay-opacity":"","overlay-gradient":""},"tablet":{"background-color":"var(--ast-global-color-5)","background-image":"","background-repeat":"repeat","background-position":"center center","background-size":"auto","background-attachment":"scroll","background-type":"","background-media":"","overlay-type":"","overlay-color":"","overlay-opacity":"","overlay-gradient":""},"mobile":{"background-color":"var(--ast-global-color-5)","background-image":"","background-repeat":"repeat","background-position":"center center","background-size":"auto","background-attachment":"scroll","background-type":"","background-media":"","overlay-type":"","overlay-color":"","overlay-opacity":"","overlay-gradient":""}}},"product_cat":[41],"product_tag":[],"jetpack_sharing_enabled":true,"_links":{"self":[{"href":"https:\/\/bambinoscorner.ma\/index.php?rest_route=\/wp\/v2\/product\/1895"}],"collection":[{"href":"https:\/\/bambinoscorner.ma\/index.php?rest_route=\/wp\/v2\/product"}],"about":[{"href":"https:\/\/bambinoscorner.ma\/index.php?rest_route=\/wp\/v2\/types\/product"}],"replies":[{"embeddable":true,"href":"https:\/\/bambinoscorner.ma\/index.php?rest_route=%2Fwp%2Fv2%2Fcomments&post=1895"}],"version-history":[{"count":1,"href":"https:\/\/bambinoscorner.ma\/index.php?rest_route=\/wp\/v2\/product\/1895\/revisions"}],"predecessor-version":[{"id":1993,"href":"https:\/\/bambinoscorner.ma\/index.php?rest_route=\/wp\/v2\/product\/1895\/revisions\/1993"}],"wp:featuredmedia":[{"embeddable":true,"href":"https:\/\/bambinoscorner.ma\/index.php?rest_route=\/wp\/v2\/media\/1894"}],"wp:attachment":[{"href":"https:\/\/bambinoscorner.ma\/index.php?rest_route=%2Fwp%2Fv2%2Fmedia&parent=1895"}],"wp:term":[{"taxonomy":"product_cat","embeddable":true,"href":"https:\/\/bambinoscorner.ma\/index.php?rest_route=%2Fwp%2Fv2%2Fproduct_cat&post=1895"},{"taxonomy":"product_tag","embeddable":true,"href":"https:\/\/bambinoscorner.ma\/index.php?rest_route=%2Fwp%2Fv2%2Fproduct_tag&post=1895"}],"curies":[{"name":"wp","href":"https:\/\/api.w.org\/{rel}","templated":true}]}}