{"id":1878,"date":"2024-09-02T20:12:49","date_gmt":"2024-09-02T20:12:49","guid":{"rendered":"https:\/\/bambinoscorner.ma\/produit\/chauffe-biberon-sterilisateur-miniland\/"},"modified":"2025-04-17T08:58:02","modified_gmt":"2025-04-17T08:58:02","slug":"chauffe-biberon-sterilisateur-miniland","status":"publish","type":"product","link":"https:\/\/bambinoscorner.ma\/?product=chauffe-biberon-sterilisateur-miniland","title":{"rendered":"Chauffe biberon + st\u00e9rilisateur Miniland"},"content":{"rendered":"","protected":false},"excerpt":{"rendered":"<p><span data-mce-fragment=\"1\" style=\"font-size: initial;padding-bottom: 5px\">Chauffe et st\u00e9rilise les biberons, de mani\u00e8re simple et naturelle.<\/span><\/p>\n<p><span data-mce-fragment=\"1\" style=\"font-size: initial;padding-bottom: 5px\">Il&nbsp;chauffe les biberons et les petits pots en un temps record (3min) de mani\u00e8re naturelle en utilisant de la vapeur d\u2019 eau \u00e0&nbsp;haute temp\u00e9rature. Gr\u00e2ce \u00e0&nbsp;son chauffage doux et r\u00e9gulier, vous pouvez \u00e9galement chauffer votre lait maternel sans perdre aucune de ses propri\u00e9t\u00e9s nutritionnelles. Il comprend&nbsp;<\/span><span data-mce-fragment=\"1\" style=\"font-size: initial;padding-bottom: 5px\">\u00e9galement la fonction de st\u00e9rilisation des biberons et des accessoires.<\/span><\/p>\n","protected":false},"featured_media":1883,"comment_status":"open","ping_status":"closed","template":"","meta":{"site-sidebar-layout":"default","site-content-layout":"","ast-site-content-layout":"","site-content-style":"default","site-sidebar-style":"default","ast-global-header-display":"","ast-banner-title-visibility":"","ast-main-header-display":"","ast-hfb-above-header-display":"","ast-hfb-below-header-display":"","ast-hfb-mobile-header-display":"","site-post-title":"","ast-breadcrumbs-content":"","ast-featured-img":"","footer-sml-layout":"","theme-transparent-header-meta":"","adv-header-id-meta":"","stick-header-meta":"","header-above-stick-meta":"","header-main-stick-meta":"","header-below-stick-meta":"","astra-migrate-meta-layouts":"default","ast-page-background-enabled":"default","ast-page-background-meta":{"desktop":{"background-color":"var(--ast-global-color-4)","background-image":"","background-repeat":"repeat","background-position":"center center","background-size":"auto","background-attachment":"scroll","background-type":"","background-media":"","overlay-type":"","overlay-color":"","overlay-opacity":"","overlay-gradient":""},"tablet":{"background-color":"","background-image":"","background-repeat":"repeat","background-position":"center center","background-size":"auto","background-attachment":"scroll","background-type":"","background-media":"","overlay-type":"","overlay-color":"","overlay-opacity":"","overlay-gradient":""},"mobile":{"background-color":"","background-image":"","background-repeat":"repeat","background-position":"center center","background-size":"auto","background-attachment":"scroll","background-type":"","background-media":"","overlay-type":"","overlay-color":"","overlay-opacity":"","overlay-gradient":""}},"ast-content-background-meta":{"desktop":{"background-color":"var(--ast-global-color-5)","background-image":"","background-repeat":"repeat","background-position":"center center","background-size":"auto","background-attachment":"scroll","background-type":"","background-media":"","overlay-type":"","overlay-color":"","overlay-opacity":"","overlay-gradient":""},"tablet":{"background-color":"var(--ast-global-color-5)","background-image":"","background-repeat":"repeat","background-position":"center center","background-size":"auto","background-attachment":"scroll","background-type":"","background-media":"","overlay-type":"","overlay-color":"","overlay-opacity":"","overlay-gradient":""},"mobile":{"background-color":"var(--ast-global-color-5)","background-image":"","background-repeat":"repeat","background-position":"center center","background-size":"auto","background-attachment":"scroll","background-type":"","background-media":"","overlay-type":"","overlay-color":"","overlay-opacity":"","overlay-gradient":""}}},"product_cat":[41,57],"product_tag":[],"jetpack_sharing_enabled":true,"_links":{"self":[{"href":"https:\/\/bambinoscorner.ma\/index.php?rest_route=\/wp\/v2\/product\/1878"}],"collection":[{"href":"https:\/\/bambinoscorner.ma\/index.php?rest_route=\/wp\/v2\/product"}],"about":[{"href":"https:\/\/bambinoscorner.ma\/index.php?rest_route=\/wp\/v2\/types\/product"}],"replies":[{"embeddable":true,"href":"https:\/\/bambinoscorner.ma\/index.php?rest_route=%2Fwp%2Fv2%2Fcomments&post=1878"}],"version-history":[{"count":1,"href":"https:\/\/bambinoscorner.ma\/index.php?rest_route=\/wp\/v2\/product\/1878\/revisions"}],"predecessor-version":[{"id":1879,"href":"https:\/\/bambinoscorner.ma\/index.php?rest_route=\/wp\/v2\/product\/1878\/revisions\/1879"}],"wp:featuredmedia":[{"embeddable":true,"href":"https:\/\/bambinoscorner.ma\/index.php?rest_route=\/wp\/v2\/media\/1883"}],"wp:attachment":[{"href":"https:\/\/bambinoscorner.ma\/index.php?rest_route=%2Fwp%2Fv2%2Fmedia&parent=1878"}],"wp:term":[{"taxonomy":"product_cat","embeddable":true,"href":"https:\/\/bambinoscorner.ma\/index.php?rest_route=%2Fwp%2Fv2%2Fproduct_cat&post=1878"},{"taxonomy":"product_tag","embeddable":true,"href":"https:\/\/bambinoscorner.ma\/index.php?rest_route=%2Fwp%2Fv2%2Fproduct_tag&post=1878"}],"curies":[{"name":"wp","href":"https:\/\/api.w.org\/{rel}","templated":true}]}}