{"id":1866,"date":"2024-09-02T20:03:05","date_gmt":"2024-09-02T20:03:05","guid":{"rendered":"https:\/\/bambinoscorner.ma\/produit\/trousse-de-soin-bebe-miniland-mint\/"},"modified":"2024-09-02T20:04:13","modified_gmt":"2024-09-02T20:04:13","slug":"trousse-de-soin-bebe-miniland-mint","status":"publish","type":"product","link":"https:\/\/bambinoscorner.ma\/?product=trousse-de-soin-bebe-miniland-mint","title":{"rendered":"Trousse de soin &#8211; toilette b\u00e9b\u00e9 Miniland &#8211; Mint"},"content":{"rendered":"","protected":false},"excerpt":{"rendered":"<h2 style=\"margin-top: 20px;margin-bottom: 10px;font-weight: 500;line-height: 1.1;font-size: 18px;font-family: Poppins, sans-serif;float: left;width: 370px;font-style: normal;letter-spacing: normal;text-align: left;text-indent: 0px;text-transform: none;text-decoration: none\">Description<\/h2>\n<p style=\"margin: 0px 0px 10px;font-family: Poppins, sans-serif;font-size: 13px;line-height: 20px;float: left;width: 370px;font-style: normal;font-weight: 400;letter-spacing: normal;text-align: left;text-indent: 0px;text-transform: none;text-decoration: none\">De quoi un nouveau-n\u00e9 a-t-il besoin ?<\/p>\n<p style=\"margin: 0px 0px 10px;font-family: Poppins, sans-serif;font-size: 13px;line-height: 20px;float: left;width: 370px;font-style: normal;font-weight: 400;letter-spacing: normal;text-align: left;text-indent: 0px;text-transform: none;text-decoration: none\">Eh bien, s\u00fbrement un kit comme celui-ci! Le kit b\u00e9b\u00e9 comprend 6 accessoires indispensables pour les soins et l\u2019hygi\u00e8ne de votre b\u00e9b\u00e9. Un pack beau et simple, sur le th\u00e8me d\u2019une douce couleur, qui est \u00e9galement imperm\u00e9able.<\/p>\n<p style=\"margin: 0px 0px 10px;font-family: Poppins, sans-serif;font-size: 13px;line-height: 20px;float: left;width: 370px;font-style: normal;font-weight: 400;letter-spacing: normal;text-align: left;text-indent: 0px;text-transform: none;text-decoration: none\">La meilleure fa\u00e7on d\u2019avoir toujours les bases de la pu\u00e9riculture \u00e0 port\u00e9e de main. Un peigne, une brosse douce, des ciseaux, un coupe-ongles pour b\u00e9b\u00e9, une brosse \u00e0 dents en silicone pour leurs gencives et des limes pour prendre soin de leurs ongles, le tout fait de mat\u00e9riaux de haute qualit\u00e9, pour que vous puissiez l\u2019utiliser pendant de nombreuses ann\u00e9es.<\/p>\n","protected":false},"featured_media":1865,"comment_status":"open","ping_status":"closed","template":"","meta":{"site-sidebar-layout":"default","site-content-layout":"","ast-site-content-layout":"","site-content-style":"default","site-sidebar-style":"default","ast-global-header-display":"","ast-banner-title-visibility":"","ast-main-header-display":"","ast-hfb-above-header-display":"","ast-hfb-below-header-display":"","ast-hfb-mobile-header-display":"","site-post-title":"","ast-breadcrumbs-content":"","ast-featured-img":"","footer-sml-layout":"","theme-transparent-header-meta":"","adv-header-id-meta":"","stick-header-meta":"","header-above-stick-meta":"","header-main-stick-meta":"","header-below-stick-meta":"","astra-migrate-meta-layouts":"default","ast-page-background-enabled":"default","ast-page-background-meta":{"desktop":{"background-color":"var(--ast-global-color-4)","background-image":"","background-repeat":"repeat","background-position":"center center","background-size":"auto","background-attachment":"scroll","background-type":"","background-media":"","overlay-type":"","overlay-color":"","overlay-opacity":"","overlay-gradient":""},"tablet":{"background-color":"","background-image":"","background-repeat":"repeat","background-position":"center center","background-size":"auto","background-attachment":"scroll","background-type":"","background-media":"","overlay-type":"","overlay-color":"","overlay-opacity":"","overlay-gradient":""},"mobile":{"background-color":"","background-image":"","background-repeat":"repeat","background-position":"center center","background-size":"auto","background-attachment":"scroll","background-type":"","background-media":"","overlay-type":"","overlay-color":"","overlay-opacity":"","overlay-gradient":""}},"ast-content-background-meta":{"desktop":{"background-color":"var(--ast-global-color-5)","background-image":"","background-repeat":"repeat","background-position":"center center","background-size":"auto","background-attachment":"scroll","background-type":"","background-media":"","overlay-type":"","overlay-color":"","overlay-opacity":"","overlay-gradient":""},"tablet":{"background-color":"var(--ast-global-color-5)","background-image":"","background-repeat":"repeat","background-position":"center center","background-size":"auto","background-attachment":"scroll","background-type":"","background-media":"","overlay-type":"","overlay-color":"","overlay-opacity":"","overlay-gradient":""},"mobile":{"background-color":"var(--ast-global-color-5)","background-image":"","background-repeat":"repeat","background-position":"center center","background-size":"auto","background-attachment":"scroll","background-type":"","background-media":"","overlay-type":"","overlay-color":"","overlay-opacity":"","overlay-gradient":""}}},"product_cat":[41],"product_tag":[],"jetpack_sharing_enabled":true,"_links":{"self":[{"href":"https:\/\/bambinoscorner.ma\/index.php?rest_route=\/wp\/v2\/product\/1866"}],"collection":[{"href":"https:\/\/bambinoscorner.ma\/index.php?rest_route=\/wp\/v2\/product"}],"about":[{"href":"https:\/\/bambinoscorner.ma\/index.php?rest_route=\/wp\/v2\/types\/product"}],"replies":[{"embeddable":true,"href":"https:\/\/bambinoscorner.ma\/index.php?rest_route=%2Fwp%2Fv2%2Fcomments&post=1866"}],"version-history":[{"count":1,"href":"https:\/\/bambinoscorner.ma\/index.php?rest_route=\/wp\/v2\/product\/1866\/revisions"}],"predecessor-version":[{"id":1867,"href":"https:\/\/bambinoscorner.ma\/index.php?rest_route=\/wp\/v2\/product\/1866\/revisions\/1867"}],"wp:featuredmedia":[{"embeddable":true,"href":"https:\/\/bambinoscorner.ma\/index.php?rest_route=\/wp\/v2\/media\/1865"}],"wp:attachment":[{"href":"https:\/\/bambinoscorner.ma\/index.php?rest_route=%2Fwp%2Fv2%2Fmedia&parent=1866"}],"wp:term":[{"taxonomy":"product_cat","embeddable":true,"href":"https:\/\/bambinoscorner.ma\/index.php?rest_route=%2Fwp%2Fv2%2Fproduct_cat&post=1866"},{"taxonomy":"product_tag","embeddable":true,"href":"https:\/\/bambinoscorner.ma\/index.php?rest_route=%2Fwp%2Fv2%2Fproduct_tag&post=1866"}],"curies":[{"name":"wp","href":"https:\/\/api.w.org\/{rel}","templated":true}]}}