{"id":1860,"date":"2024-09-02T19:25:29","date_gmt":"2024-09-02T19:25:29","guid":{"rendered":"https:\/\/bambinoscorner.ma\/produit\/thermos-miniland-500-ml-valencia\/"},"modified":"2024-09-02T19:28:47","modified_gmt":"2024-09-02T19:28:47","slug":"thermos-miniland-500-ml-valencia","status":"publish","type":"product","link":"https:\/\/bambinoscorner.ma\/?product=thermos-miniland-500-ml-valencia","title":{"rendered":"Thermos Miniland 500 ml Valencia"},"content":{"rendered":"<p><span style=\"font-family: Catamaran, sans-serif;font-size: 16px;font-style: normal;font-weight: 400;letter-spacing: normal;text-align: left;text-indent: 0px;text-transform: none;text-decoration: none;float: none\">Thermos Valencia 500ml \u2013 Miniland offre une grande r\u00e9sistance et efficacit\u00e9 gr\u00e2ce \u00e0 leur double paroi en acier avec une couche de cuivre exclusive et leur chambre \u00e0 vide.<\/span><\/p>\n<ul style=\"margin: 0px;padding: 0px;border: 0px;font-family: Catamaran, sans-serif;font-size: 16px;font-style: normal;font-weight: 400;line-height: inherit;vertical-align: baseline;padding-inline-start: 1.7em;background-attachment: scroll !important;letter-spacing: normal;text-indent: 0px;text-transform: none;text-decoration: none;text-align: left\">\n<li style=\"margin: 0px;padding: 0px;border: 0px;font-family: inherit;font-size: inherit;font-style: inherit;font-weight: inherit;line-height: inherit;vertical-align: baseline;background-attachment: scroll !important;text-align: left\">\n<div id=\"details-accordion\" style=\"margin: 0px;padding: 0px;border: 0px;font-family: inherit;font-size: inherit;font-style: inherit;font-weight: inherit;line-height: inherit;vertical-align: baseline;background-attachment: scroll !important\">\n<div class=\"product-detail-ad\" style=\"margin: 0px;padding: 0px;border: 0px;font-family: inherit;font-size: inherit;font-style: inherit;font-weight: inherit;line-height: inherit;vertical-align: baseline;background-attachment: scroll !important\">\n<div class=\"product-detail-ad__content\" style=\"margin: 0px;padding: 0px;border: 0px;font-family: inherit;font-size: inherit;font-style: inherit;font-weight: inherit;line-height: inherit;vertical-align: baseline;background-attachment: scroll !important\">Maintient la temp\u00e9rature des liquides pendant plus de 24 heures<\/div>\n<\/div>\n<\/div>\n<\/li>\n<li style=\"margin: 0px;padding: 0px;border: 0px;font-family: inherit;font-size: inherit;font-style: inherit;font-weight: inherit;line-height: inherit;vertical-align: baseline;background-attachment: scroll !important;text-align: left\">Un design amusant et original pour bebe<\/li>\n<li style=\"margin: 0px;padding: 0px;border: 0px;font-family: inherit;font-size: inherit;font-style: inherit;font-weight: inherit;line-height: inherit;vertical-align: baseline;background-attachment: scroll !important;text-align: left\">Syst\u00e8me de versement facile<\/li>\n<li style=\"margin: 0px;padding: 0px;border: 0px;font-family: inherit;font-size: inherit;font-style: inherit;font-weight: inherit;line-height: inherit;vertical-align: baseline;background-attachment: scroll !important;text-align: left\">Fabriqu\u00e9 en acier 18\/8 (acier 304)<\/li>\n<li style=\"margin: 0px;padding: 0px;border: 0px;font-family: inherit;font-size: inherit;font-style: inherit;font-weight: inherit;line-height: inherit;vertical-align: baseline;background-attachment: scroll !important;text-align: left\">A un tr\u00e8s faible conductivit\u00e9 thermique et une tr\u00e8s bonne r\u00e9sistance aux temp\u00e9ratures \u00e9lev\u00e9es<\/li>\n<li style=\"margin: 0px;padding: 0px;border: 0px;font-family: inherit;font-size: inherit;font-style: inherit;font-weight: inherit;line-height: inherit;vertical-align: baseline;background-attachment: scroll !important;text-align: left\">Le plus appropri\u00e9 pour la conservation des aliments<\/li>\n<li style=\"margin: 0px;padding: 0px;border: 0px;font-family: inherit;font-size: inherit;font-style: inherit;font-weight: inherit;line-height: inherit;vertical-align: baseline;background-attachment: scroll !important;text-align: left\">Couvercle peut \u00eatre utilis\u00e9 comme un verre<\/li>\n<li style=\"margin: 0px;padding: 0px;border: 0px;font-family: inherit;font-size: inherit;font-style: inherit;font-weight: inherit;line-height: inherit;vertical-align: baseline;background-attachment: scroll !important;text-align: left\">Nettoyage facile de tous les composants.<\/li>\n<li style=\"margin: 0px;padding: 0px;border: 0px;font-family: inherit;font-size: inherit;font-style: inherit;font-weight: inherit;line-height: inherit;vertical-align: baseline;background-attachment: scroll !important;text-align: left\">Syst\u00e8me de fermeture par pulsation<\/li>\n<li style=\"margin: 0px;padding: 0px;border: 0px;font-family: inherit;font-size: inherit;font-style: inherit;font-weight: inherit;line-height: inherit;vertical-align: baseline;background-attachment: scroll !important;text-align: left\">Sans bisph\u00e9nol A \/ Sans BPA<\/li>\n<li style=\"margin: 0px;padding: 0px;border: 0px;font-family: inherit;font-size: inherit;font-style: inherit;font-weight: inherit;line-height: inherit;vertical-align: baseline;background-attachment: scroll !important;text-align: left\"><span style=\"margin: 0px;padding: 0px;border: 0px;font-family: inherit;font-size: inherit;font-style: inherit;font-weight: inherit;line-height: inherit;vertical-align: baseline;background-attachment: scroll !important;color: var(--vamtam-widget-text-lighter);letter-spacing: var(--vamtam-primary-font-letter-spacing-desktop,normal);text-transform: var(--vamtam-primary-font-transform,none)\">Thermos Valencia 500ml&nbsp; Miniland<\/span><\/li>\n<\/ul>\n","protected":false},"excerpt":{"rendered":"<p><span style=\"font-family: Catamaran, sans-serif;font-size: 16px;font-style: normal;font-weight: 400;letter-spacing: normal;text-align: left;text-indent: 0px;text-transform: none;text-decoration: none;float: none\">Thermos Valencia 500ml \u2013 Miniland offre une grande r\u00e9sistance et efficacit\u00e9 gr\u00e2ce \u00e0 leur double paroi en acier avec une couche de cuivre exclusive et leur chambre \u00e0 vide.<\/span><\/p>\n<ul style=\"margin: 0px;padding: 0px;border: 0px;font-family: Catamaran, sans-serif;font-size: 16px;font-style: normal;font-weight: 400;line-height: inherit;vertical-align: baseline;padding-inline-start: 1.7em;background-attachment: scroll !important;letter-spacing: normal;text-indent: 0px;text-transform: none;text-decoration: none;text-align: left\">\n<li style=\"margin: 0px;padding: 0px;border: 0px;font-family: inherit;font-size: inherit;font-style: inherit;font-weight: inherit;line-height: inherit;vertical-align: baseline;background-attachment: scroll !important;text-align: left\">\n<div id=\"details-accordion\" style=\"margin: 0px;padding: 0px;border: 0px;font-family: inherit;font-size: inherit;font-style: inherit;font-weight: inherit;line-height: inherit;vertical-align: baseline;background-attachment: scroll !important\">\n<div class=\"product-detail-ad\" style=\"margin: 0px;padding: 0px;border: 0px;font-family: inherit;font-size: inherit;font-style: inherit;font-weight: inherit;line-height: inherit;vertical-align: baseline;background-attachment: scroll !important\">\n<div class=\"product-detail-ad__content\" style=\"margin: 0px;padding: 0px;border: 0px;font-family: inherit;font-size: inherit;font-style: inherit;font-weight: inherit;line-height: inherit;vertical-align: baseline;background-attachment: scroll !important\">Maintient la temp\u00e9rature des liquides pendant plus de 24 heures<\/div>\n<\/div>\n<\/div>\n<\/li>\n<li style=\"margin: 0px;padding: 0px;border: 0px;font-family: inherit;font-size: inherit;font-style: inherit;font-weight: inherit;line-height: inherit;vertical-align: baseline;background-attachment: scroll !important;text-align: left\">Un design amusant et original pour bebe<\/li>\n<li style=\"margin: 0px;padding: 0px;border: 0px;font-family: inherit;font-size: inherit;font-style: inherit;font-weight: inherit;line-height: inherit;vertical-align: baseline;background-attachment: scroll !important;text-align: left\">Syst\u00e8me de versement facile<\/li>\n<li style=\"margin: 0px;padding: 0px;border: 0px;font-family: inherit;font-size: inherit;font-style: inherit;font-weight: inherit;line-height: inherit;vertical-align: baseline;background-attachment: scroll !important;text-align: left\">Fabriqu\u00e9 en acier 18\/8 (acier 304)<\/li>\n<li style=\"margin: 0px;padding: 0px;border: 0px;font-family: inherit;font-size: inherit;font-style: inherit;font-weight: inherit;line-height: inherit;vertical-align: baseline;background-attachment: scroll !important;text-align: left\">A un tr\u00e8s faible conductivit\u00e9 thermique et une tr\u00e8s bonne r\u00e9sistance aux temp\u00e9ratures \u00e9lev\u00e9es<\/li>\n<li style=\"margin: 0px;padding: 0px;border: 0px;font-family: inherit;font-size: inherit;font-style: inherit;font-weight: inherit;line-height: inherit;vertical-align: baseline;background-attachment: scroll !important;text-align: left\">Le plus appropri\u00e9 pour la conservation des aliments<\/li>\n<li style=\"margin: 0px;padding: 0px;border: 0px;font-family: inherit;font-size: inherit;font-style: inherit;font-weight: inherit;line-height: inherit;vertical-align: baseline;background-attachment: scroll !important;text-align: left\">Couvercle peut \u00eatre utilis\u00e9 comme un verre<\/li>\n<li style=\"margin: 0px;padding: 0px;border: 0px;font-family: inherit;font-size: inherit;font-style: inherit;font-weight: inherit;line-height: inherit;vertical-align: baseline;background-attachment: scroll !important;text-align: left\">Nettoyage facile de tous les composants.<\/li>\n<li style=\"margin: 0px;padding: 0px;border: 0px;font-family: inherit;font-size: inherit;font-style: inherit;font-weight: inherit;line-height: inherit;vertical-align: baseline;background-attachment: scroll !important;text-align: left\">Syst\u00e8me de fermeture par pulsation<\/li>\n<li style=\"margin: 0px;padding: 0px;border: 0px;font-family: inherit;font-size: inherit;font-style: inherit;font-weight: inherit;line-height: inherit;vertical-align: baseline;background-attachment: scroll !important;text-align: left\">Sans bisph\u00e9nol A \/ Sans BPA<\/li>\n<li style=\"margin: 0px;padding: 0px;border: 0px;font-family: inherit;font-size: inherit;font-style: inherit;font-weight: inherit;line-height: inherit;vertical-align: baseline;background-attachment: scroll !important;text-align: left\"><span style=\"margin: 0px;padding: 0px;border: 0px;font-family: inherit;font-size: inherit;font-style: inherit;font-weight: inherit;line-height: inherit;vertical-align: baseline;background-attachment: scroll !important;color: var(--vamtam-widget-text-lighter);letter-spacing: var(--vamtam-primary-font-letter-spacing-desktop,normal);text-transform: var(--vamtam-primary-font-transform,none)\">Thermos Valencia 500ml&nbsp; Miniland<\/span><\/li>\n<\/ul>\n","protected":false},"featured_media":1856,"comment_status":"open","ping_status":"closed","template":"","meta":{"site-sidebar-layout":"default","site-content-layout":"","ast-site-content-layout":"","site-content-style":"default","site-sidebar-style":"default","ast-global-header-display":"","ast-banner-title-visibility":"","ast-main-header-display":"","ast-hfb-above-header-display":"","ast-hfb-below-header-display":"","ast-hfb-mobile-header-display":"","site-post-title":"","ast-breadcrumbs-content":"","ast-featured-img":"","footer-sml-layout":"","theme-transparent-header-meta":"","adv-header-id-meta":"","stick-header-meta":"","header-above-stick-meta":"","header-main-stick-meta":"","header-below-stick-meta":"","astra-migrate-meta-layouts":"default","ast-page-background-enabled":"default","ast-page-background-meta":{"desktop":{"background-color":"var(--ast-global-color-4)","background-image":"","background-repeat":"repeat","background-position":"center center","background-size":"auto","background-attachment":"scroll","background-type":"","background-media":"","overlay-type":"","overlay-color":"","overlay-opacity":"","overlay-gradient":""},"tablet":{"background-color":"","background-image":"","background-repeat":"repeat","background-position":"center center","background-size":"auto","background-attachment":"scroll","background-type":"","background-media":"","overlay-type":"","overlay-color":"","overlay-opacity":"","overlay-gradient":""},"mobile":{"background-color":"","background-image":"","background-repeat":"repeat","background-position":"center center","background-size":"auto","background-attachment":"scroll","background-type":"","background-media":"","overlay-type":"","overlay-color":"","overlay-opacity":"","overlay-gradient":""}},"ast-content-background-meta":{"desktop":{"background-color":"var(--ast-global-color-5)","background-image":"","background-repeat":"repeat","background-position":"center center","background-size":"auto","background-attachment":"scroll","background-type":"","background-media":"","overlay-type":"","overlay-color":"","overlay-opacity":"","overlay-gradient":""},"tablet":{"background-color":"var(--ast-global-color-5)","background-image":"","background-repeat":"repeat","background-position":"center center","background-size":"auto","background-attachment":"scroll","background-type":"","background-media":"","overlay-type":"","overlay-color":"","overlay-opacity":"","overlay-gradient":""},"mobile":{"background-color":"var(--ast-global-color-5)","background-image":"","background-repeat":"repeat","background-position":"center center","background-size":"auto","background-attachment":"scroll","background-type":"","background-media":"","overlay-type":"","overlay-color":"","overlay-opacity":"","overlay-gradient":""}}},"product_cat":[41,57],"product_tag":[],"jetpack_sharing_enabled":true,"_links":{"self":[{"href":"https:\/\/bambinoscorner.ma\/index.php?rest_route=\/wp\/v2\/product\/1860"}],"collection":[{"href":"https:\/\/bambinoscorner.ma\/index.php?rest_route=\/wp\/v2\/product"}],"about":[{"href":"https:\/\/bambinoscorner.ma\/index.php?rest_route=\/wp\/v2\/types\/product"}],"replies":[{"embeddable":true,"href":"https:\/\/bambinoscorner.ma\/index.php?rest_route=%2Fwp%2Fv2%2Fcomments&post=1860"}],"version-history":[{"count":2,"href":"https:\/\/bambinoscorner.ma\/index.php?rest_route=\/wp\/v2\/product\/1860\/revisions"}],"predecessor-version":[{"id":1862,"href":"https:\/\/bambinoscorner.ma\/index.php?rest_route=\/wp\/v2\/product\/1860\/revisions\/1862"}],"wp:featuredmedia":[{"embeddable":true,"href":"https:\/\/bambinoscorner.ma\/index.php?rest_route=\/wp\/v2\/media\/1856"}],"wp:attachment":[{"href":"https:\/\/bambinoscorner.ma\/index.php?rest_route=%2Fwp%2Fv2%2Fmedia&parent=1860"}],"wp:term":[{"taxonomy":"product_cat","embeddable":true,"href":"https:\/\/bambinoscorner.ma\/index.php?rest_route=%2Fwp%2Fv2%2Fproduct_cat&post=1860"},{"taxonomy":"product_tag","embeddable":true,"href":"https:\/\/bambinoscorner.ma\/index.php?rest_route=%2Fwp%2Fv2%2Fproduct_tag&post=1860"}],"curies":[{"name":"wp","href":"https:\/\/api.w.org\/{rel}","templated":true}]}}