{"id":1854,"date":"2024-09-02T19:19:04","date_gmt":"2024-09-02T19:19:04","guid":{"rendered":"https:\/\/bambinoscorner.ma\/produit\/thermos-miniland-500-ml-candy\/"},"modified":"2024-09-02T19:19:21","modified_gmt":"2024-09-02T19:19:21","slug":"thermos-miniland-500-ml-candy","status":"publish","type":"product","link":"https:\/\/bambinoscorner.ma\/?product=thermos-miniland-500-ml-candy","title":{"rendered":"Thermos Miniland 500 ml Candy"},"content":{"rendered":"","protected":false},"excerpt":{"rendered":"<ul style=\"margin-top: 0px;margin-right: 0px;margin-bottom: var(--list-mb);margin-left: 0px;padding-top: 0px;padding-right: 0px;padding-bottom: 0px;padding-left: var(--li-pl);border: 0px;vertical-align: baseline;font-family: Lato, Arial, Helvetica, sans-serif;font-style: normal;font-weight: 400;line-height: inherit;font-size: 16px;--list-mb: 20px;--li-mb: 10px;--li-pl: 17px;letter-spacing: normal;text-align: start;text-indent: 0px;text-transform: none;text-decoration: none\">\n<li style=\"margin-top: 0px;margin-right: 0px;margin-bottom: var(--li-mb);margin-left: 0px;padding: 0px;border: 0px;vertical-align: baseline;font-family: inherit;font-style: inherit;font-weight: inherit;line-height: inherit;font-size: 16px\">Tr\u00e8s efficace; triple couche isolante; ne fuit pas; id\u00e9al pour nourrir les b\u00e9b\u00e9s; syst\u00e8me de coul\u00e9e facile; quelque part; qualit\u00e9 exceptionnelle; facile \u00e0 nettoyer; toucher doux<\/li>\n<li style=\"margin-top: 0px;margin-right: 0px;margin-bottom: var(--li-mb);margin-left: 0px;padding: 0px;border: 0px;vertical-align: baseline;font-family: inherit;font-style: inherit;font-weight: inherit;line-height: inherit;font-size: 16px\">Maintient la temp\u00e9rature des liquides pendant plus de 24 heures. Les thermos MINILAND sont tr\u00e8s r\u00e9sistants et efficaces gr\u00e2ce \u00e0 leur double paroi en acier avec rev\u00eatement en cuivre exclusif et chambre \u00e0 vide.<\/li>\n<li style=\"margin-top: 0px;margin-right: 0px;margin-bottom: var(--li-mb);margin-left: 0px;padding: 0px;border: 0px;vertical-align: baseline;font-family: inherit;font-style: inherit;font-weight: inherit;line-height: inherit;font-size: 16px\">Une option de cadeau parfaite pour les nouveau-n\u00e9s. Les thermos MINILAND ont des designs amusants et originaux \u00e0 choisir selon les go\u00fbts des parents. Ils se sentent tous doux et \u00e9lastiques \u00e0 l\u2019ext\u00e9rieur.<\/li>\n<li style=\"margin-top: 0px;margin-right: 0px;margin-bottom: var(--li-mb);margin-left: 0px;padding: 0px;border: 0px;vertical-align: baseline;font-family: inherit;font-style: inherit;font-weight: inherit;line-height: inherit;font-size: 16px\">Des mat\u00e9riaux d\u2019une qualit\u00e9 exceptionnelle. Fabriqu\u00e9 en acier 18\/8 (acier 304), avec une tr\u00e8s faible conductivit\u00e9 thermique et une tr\u00e8s bonne r\u00e9sistance aux temp\u00e9ratures \u00e9lev\u00e9es, le plus appropri\u00e9 pour la conservation des aliments.<\/li>\n<li style=\"margin: 0px;padding: 0px;border: 0px;vertical-align: baseline;font-family: inherit;font-style: inherit;font-weight: inherit;line-height: inherit;font-size: 16px\">Syst\u00e8me de vidage facile. Avec les thermos, les parents ne renversent pas une goutte du contenu gr\u00e2ce \u00e0 son syst\u00e8me Easy verse and push-lock qui vous permet d\u2019ouvrir et de fermer le thermos avec un seul doigt et sans d\u00e9visser le bouchon int\u00e9rieur.<\/li>\n<\/ul>\n","protected":false},"featured_media":1853,"comment_status":"open","ping_status":"closed","template":"","meta":{"site-sidebar-layout":"default","site-content-layout":"","ast-site-content-layout":"","site-content-style":"default","site-sidebar-style":"default","ast-global-header-display":"","ast-banner-title-visibility":"","ast-main-header-display":"","ast-hfb-above-header-display":"","ast-hfb-below-header-display":"","ast-hfb-mobile-header-display":"","site-post-title":"","ast-breadcrumbs-content":"","ast-featured-img":"","footer-sml-layout":"","theme-transparent-header-meta":"","adv-header-id-meta":"","stick-header-meta":"","header-above-stick-meta":"","header-main-stick-meta":"","header-below-stick-meta":"","astra-migrate-meta-layouts":"default","ast-page-background-enabled":"default","ast-page-background-meta":{"desktop":{"background-color":"var(--ast-global-color-4)","background-image":"","background-repeat":"repeat","background-position":"center center","background-size":"auto","background-attachment":"scroll","background-type":"","background-media":"","overlay-type":"","overlay-color":"","overlay-opacity":"","overlay-gradient":""},"tablet":{"background-color":"","background-image":"","background-repeat":"repeat","background-position":"center center","background-size":"auto","background-attachment":"scroll","background-type":"","background-media":"","overlay-type":"","overlay-color":"","overlay-opacity":"","overlay-gradient":""},"mobile":{"background-color":"","background-image":"","background-repeat":"repeat","background-position":"center center","background-size":"auto","background-attachment":"scroll","background-type":"","background-media":"","overlay-type":"","overlay-color":"","overlay-opacity":"","overlay-gradient":""}},"ast-content-background-meta":{"desktop":{"background-color":"var(--ast-global-color-5)","background-image":"","background-repeat":"repeat","background-position":"center center","background-size":"auto","background-attachment":"scroll","background-type":"","background-media":"","overlay-type":"","overlay-color":"","overlay-opacity":"","overlay-gradient":""},"tablet":{"background-color":"var(--ast-global-color-5)","background-image":"","background-repeat":"repeat","background-position":"center center","background-size":"auto","background-attachment":"scroll","background-type":"","background-media":"","overlay-type":"","overlay-color":"","overlay-opacity":"","overlay-gradient":""},"mobile":{"background-color":"var(--ast-global-color-5)","background-image":"","background-repeat":"repeat","background-position":"center center","background-size":"auto","background-attachment":"scroll","background-type":"","background-media":"","overlay-type":"","overlay-color":"","overlay-opacity":"","overlay-gradient":""}}},"product_cat":[41,57],"product_tag":[],"jetpack_sharing_enabled":true,"_links":{"self":[{"href":"https:\/\/bambinoscorner.ma\/index.php?rest_route=\/wp\/v2\/product\/1854"}],"collection":[{"href":"https:\/\/bambinoscorner.ma\/index.php?rest_route=\/wp\/v2\/product"}],"about":[{"href":"https:\/\/bambinoscorner.ma\/index.php?rest_route=\/wp\/v2\/types\/product"}],"replies":[{"embeddable":true,"href":"https:\/\/bambinoscorner.ma\/index.php?rest_route=%2Fwp%2Fv2%2Fcomments&post=1854"}],"version-history":[{"count":1,"href":"https:\/\/bambinoscorner.ma\/index.php?rest_route=\/wp\/v2\/product\/1854\/revisions"}],"predecessor-version":[{"id":1855,"href":"https:\/\/bambinoscorner.ma\/index.php?rest_route=\/wp\/v2\/product\/1854\/revisions\/1855"}],"wp:featuredmedia":[{"embeddable":true,"href":"https:\/\/bambinoscorner.ma\/index.php?rest_route=\/wp\/v2\/media\/1853"}],"wp:attachment":[{"href":"https:\/\/bambinoscorner.ma\/index.php?rest_route=%2Fwp%2Fv2%2Fmedia&parent=1854"}],"wp:term":[{"taxonomy":"product_cat","embeddable":true,"href":"https:\/\/bambinoscorner.ma\/index.php?rest_route=%2Fwp%2Fv2%2Fproduct_cat&post=1854"},{"taxonomy":"product_tag","embeddable":true,"href":"https:\/\/bambinoscorner.ma\/index.php?rest_route=%2Fwp%2Fv2%2Fproduct_tag&post=1854"}],"curies":[{"name":"wp","href":"https:\/\/api.w.org\/{rel}","templated":true}]}}