{"id":1848,"date":"2024-09-02T19:11:18","date_gmt":"2024-09-02T19:11:18","guid":{"rendered":"https:\/\/bambinoscorner.ma\/produit\/thermos-miniland-500-ml-mint\/"},"modified":"2024-09-02T19:14:40","modified_gmt":"2024-09-02T19:14:40","slug":"thermos-miniland-500-ml-mint","status":"publish","type":"product","link":"https:\/\/bambinoscorner.ma\/?product=thermos-miniland-500-ml-mint","title":{"rendered":"Thermos miniland 500 ML mint"},"content":{"rendered":"","protected":false},"excerpt":{"rendered":"<p style=\"margin-bottom: 0px;font-family: Lato;font-size: 14px;font-style: normal;font-weight: 400;letter-spacing: 0.28px;text-align: start;text-indent: 0px;text-transform: none;text-decoration: none\"><span>Toujours pr\u00eats pour les repas de b\u00e9b\u00e9 ! Thermy Mint est un thermos con\u00e7u pour transporter les liquides de votre b\u00e9b\u00e9, d&#8217;une capacit\u00e9 de 500 ml et d&#8217;une grande r\u00e9sistance pour maintenir la temp\u00e9rature.<\/span><span><span class=\"Apple-converted-space\">&nbsp;<\/span><\/span><\/p>\n<p style=\"margin-bottom: 0px;margin-top: 17px;font-family: Lato;font-size: 14px;font-style: normal;font-weight: 400;letter-spacing: 0.28px;text-align: start;text-indent: 0px;text-transform: none;text-decoration: none\"><span>Vous pouvez aller n&#8217;importe o\u00f9 et garder le contenu chaud pendant plus de 24 heures ! Comment fait-il ? Gr\u00e2ce \u00e0 sa triple couche isolante avec chambre \u00e0 vide. Il est aussi facile \u00e0 nettoyer qu&#8217;\u00e0 utiliser, car il dispose d&#8217;un syst\u00e8me de bouton anti-goutte que vous pouvez mettre et enlever selon vos besoins.<\/span><span><span class=\"Apple-converted-space\">&nbsp;<\/span><\/span><\/p>\n<p style=\"margin-bottom: 0px;margin-top: 17px;font-family: Lato;font-size: 14px;font-style: normal;font-weight: 400;letter-spacing: 0.28px;text-align: start;text-indent: 0px;text-transform: none;text-decoration: none\"><span>De plus, vous pouvez utiliser le couvercle comme tasse ! Avez-vous encore besoin de plus de raisons pour en obtenir un ?<\/span><\/p>\n<p style=\"margin-bottom: 0px;margin-top: 17px;font-family: Lato;font-size: 14px;font-style: normal;font-weight: 400;letter-spacing: 0.28px;text-align: start;text-indent: 0px;text-transform: none;text-decoration: none\"><span>Maintient la temp\u00e9rature des liquides pendant plus de 24 heures.&nbsp;<\/span><span>Les thermos Miniland offrent une grande r\u00e9sistance et efficacit\u00e9 gr\u00e2ce \u00e0 leur double paroi en acier avec une couche de cuivre exclusive et leur chambre \u00e0 vide.<\/span><\/p>\n<p style=\"margin-bottom: 0px;margin-top: 17px;font-family: Lato;font-size: 14px;font-style: normal;font-weight: 400;letter-spacing: 0.28px;text-align: start;text-indent: 0px;text-transform: none;text-decoration: none\"><strong>Syst\u00e8me de versement facile<\/strong><\/p>\n<p style=\"margin-bottom: 0px;margin-top: 17px;font-family: Lato;font-size: 14px;font-style: normal;font-weight: 400;letter-spacing: 0.28px;text-align: start;text-indent: 0px;text-transform: none;text-decoration: none\"><span>Avec le thermos Mint de miniland, les parents ne verseront pas une seule goutte du contenu gr\u00e2ce \u00e0 son syst\u00e8me de versement facile et \u00e0 sa fermeture par pression qui permet d\u2019ouvrir et de fermer le thermos d\u2019un seul doigt sans avoir besoin de d\u00e9visser le bouchon interne.<\/span><\/p>\n<p style=\"margin-bottom: 0px;margin-top: 17px;font-family: Lato;font-size: 14px;font-style: normal;font-weight: 400;letter-spacing: 0.28px;text-align: start;text-indent: 0px;text-transform: none;text-decoration: none\"><strong>Mat\u00e9riaux d\u2019une qualit\u00e9 exceptionnelle<\/strong><\/p>\n<p style=\"margin-bottom: 0px;margin-top: 17px;font-family: Lato;font-size: 14px;font-style: normal;font-weight: 400;letter-spacing: 0.28px;text-align: start;text-indent: 0px;text-transform: none;text-decoration: none\"><span>Fabriqu\u00e9 avec de l\u2019acier 18\/8 (acier 304), qui pr\u00e9sente une tr\u00e8s faible conductivit\u00e9 thermique et une tr\u00e8s bonne r\u00e9sistance aux hautes temp\u00e9ratures, il est le plus adapt\u00e9 pour la conservation des aliments.<\/span><\/p>\n<p style=\"margin-bottom: 0px;margin-top: 17px;font-family: Lato;font-size: 14px;font-style: normal;font-weight: 400;letter-spacing: 0.28px;text-align: start;text-indent: 0px;text-transform: none;text-decoration: none\"><strong>Les repas de b\u00e9b\u00e9 toujours pr\u00eats<\/strong><\/p>\n<p style=\"margin-bottom: 0px;margin-top: 17px;font-family: Lato;font-size: 14px;font-style: normal;font-weight: 400;letter-spacing: 0.28px;text-align: start;text-indent: 0px;text-transform: none;text-decoration: none\"><span>Les parents peuvent pr\u00e9parer les repas de b\u00e9b\u00e9 \u00e0 la maison et les emporter partout, en maintenant la temp\u00e9rature souhait\u00e9e pendant de nombreuses heures.<\/span><\/p>\n<p style=\"margin-bottom: 0px;margin-top: 17px;font-family: Lato;font-size: 14px;font-style: normal;font-weight: 400;letter-spacing: 0.28px;text-align: start;text-indent: 0px;text-transform: none;text-decoration: none\"><strong>Un cadeau parfait pour les nouveau-n\u00e9s<\/strong><\/p>\n<p style=\"margin-bottom: 0px;margin-top: 17px;font-family: Lato;font-size: 14px;font-style: normal;font-weight: 400;letter-spacing: 0.28px;text-align: start;text-indent: 0px;text-transform: none;text-decoration: none\"><span>Les thermos de Miniland ont un design chaleureux et original inspir\u00e9 des couleurs douces de la for\u00eat m\u00e9diterran\u00e9enne. Les deux mod\u00e8les ont une finition ext\u00e9rieure au toucher doux en caoutchouc.<\/span><\/p>\n<p style=\"margin-bottom: 0px;margin-top: 17px;font-family: Lato;font-size: 14px;font-style: normal;font-weight: 400;letter-spacing: 0.28px;text-align: start;text-indent: 0px;text-transform: none;text-decoration: none\"><strong>D\u00e9montable et facile \u00e0 nettoyer<\/strong><\/p>\n<p style=\"margin-bottom: 0px;margin-top: 17px;font-family: Lato;font-size: 14px;font-style: normal;font-weight: 400;letter-spacing: 0.28px;text-align: start;text-indent: 0px;text-transform: none;text-decoration: none\"><span>Tant le capuchon du thermos, qui peut \u00eatre utilis\u00e9 comme gobelet, que la valve sont d\u00e9vissables, facilitant le nettoyage de tous les composants.<\/span><\/p>\n<p style=\"margin-bottom: 0px;margin-top: 17px;font-family: Lato;font-size: 14px;font-style: normal;font-weight: 400;letter-spacing: 0.28px;text-align: start;text-indent: 0px;text-transform: none;text-decoration: none\"><span>Sans bisph\u00e9nol A<\/span><span>100% sans BPA.<\/span><\/p>\n","protected":false},"featured_media":1849,"comment_status":"open","ping_status":"closed","template":"","meta":{"site-sidebar-layout":"default","site-content-layout":"","ast-site-content-layout":"","site-content-style":"default","site-sidebar-style":"default","ast-global-header-display":"","ast-banner-title-visibility":"","ast-main-header-display":"","ast-hfb-above-header-display":"","ast-hfb-below-header-display":"","ast-hfb-mobile-header-display":"","site-post-title":"","ast-breadcrumbs-content":"","ast-featured-img":"","footer-sml-layout":"","theme-transparent-header-meta":"","adv-header-id-meta":"","stick-header-meta":"","header-above-stick-meta":"","header-main-stick-meta":"","header-below-stick-meta":"","astra-migrate-meta-layouts":"default","ast-page-background-enabled":"default","ast-page-background-meta":{"desktop":{"background-color":"var(--ast-global-color-4)","background-image":"","background-repeat":"repeat","background-position":"center center","background-size":"auto","background-attachment":"scroll","background-type":"","background-media":"","overlay-type":"","overlay-color":"","overlay-opacity":"","overlay-gradient":""},"tablet":{"background-color":"","background-image":"","background-repeat":"repeat","background-position":"center center","background-size":"auto","background-attachment":"scroll","background-type":"","background-media":"","overlay-type":"","overlay-color":"","overlay-opacity":"","overlay-gradient":""},"mobile":{"background-color":"","background-image":"","background-repeat":"repeat","background-position":"center center","background-size":"auto","background-attachment":"scroll","background-type":"","background-media":"","overlay-type":"","overlay-color":"","overlay-opacity":"","overlay-gradient":""}},"ast-content-background-meta":{"desktop":{"background-color":"var(--ast-global-color-5)","background-image":"","background-repeat":"repeat","background-position":"center center","background-size":"auto","background-attachment":"scroll","background-type":"","background-media":"","overlay-type":"","overlay-color":"","overlay-opacity":"","overlay-gradient":""},"tablet":{"background-color":"var(--ast-global-color-5)","background-image":"","background-repeat":"repeat","background-position":"center center","background-size":"auto","background-attachment":"scroll","background-type":"","background-media":"","overlay-type":"","overlay-color":"","overlay-opacity":"","overlay-gradient":""},"mobile":{"background-color":"var(--ast-global-color-5)","background-image":"","background-repeat":"repeat","background-position":"center center","background-size":"auto","background-attachment":"scroll","background-type":"","background-media":"","overlay-type":"","overlay-color":"","overlay-opacity":"","overlay-gradient":""}}},"product_cat":[57],"product_tag":[],"jetpack_sharing_enabled":true,"_links":{"self":[{"href":"https:\/\/bambinoscorner.ma\/index.php?rest_route=\/wp\/v2\/product\/1848"}],"collection":[{"href":"https:\/\/bambinoscorner.ma\/index.php?rest_route=\/wp\/v2\/product"}],"about":[{"href":"https:\/\/bambinoscorner.ma\/index.php?rest_route=\/wp\/v2\/types\/product"}],"replies":[{"embeddable":true,"href":"https:\/\/bambinoscorner.ma\/index.php?rest_route=%2Fwp%2Fv2%2Fcomments&post=1848"}],"version-history":[{"count":1,"href":"https:\/\/bambinoscorner.ma\/index.php?rest_route=\/wp\/v2\/product\/1848\/revisions"}],"predecessor-version":[{"id":1852,"href":"https:\/\/bambinoscorner.ma\/index.php?rest_route=\/wp\/v2\/product\/1848\/revisions\/1852"}],"wp:featuredmedia":[{"embeddable":true,"href":"https:\/\/bambinoscorner.ma\/index.php?rest_route=\/wp\/v2\/media\/1849"}],"wp:attachment":[{"href":"https:\/\/bambinoscorner.ma\/index.php?rest_route=%2Fwp%2Fv2%2Fmedia&parent=1848"}],"wp:term":[{"taxonomy":"product_cat","embeddable":true,"href":"https:\/\/bambinoscorner.ma\/index.php?rest_route=%2Fwp%2Fv2%2Fproduct_cat&post=1848"},{"taxonomy":"product_tag","embeddable":true,"href":"https:\/\/bambinoscorner.ma\/index.php?rest_route=%2Fwp%2Fv2%2Fproduct_tag&post=1848"}],"curies":[{"name":"wp","href":"https:\/\/api.w.org\/{rel}","templated":true}]}}