{"id":1833,"date":"2024-09-01T18:28:34","date_gmt":"2024-09-01T18:28:34","guid":{"rendered":"https:\/\/bambinoscorner.ma\/produit\/mustela-eau-de-soin-musti-50-ml-sans-alcool\/"},"modified":"2025-09-12T20:40:18","modified_gmt":"2025-09-12T20:40:18","slug":"mustela-eau-de-soin-musti-50-ml-sans-alcool","status":"publish","type":"product","link":"https:\/\/bambinoscorner.ma\/?product=mustela-eau-de-soin-musti-50-ml-sans-alcool","title":{"rendered":"MUSTELA EAU DE SOIN MUSTI 50 ML SANS ALCOOL"},"content":{"rendered":"<p><span style=\"font-family: Roboto, Helvetica, Arial, sans-serif;font-size: 14px;font-style: normal;font-weight: 400;letter-spacing: normal;text-align: start;text-indent: 0px;text-transform: none;text-decoration: none;float: none\">Parfume d\u00e9licatement votre b\u00e9b\u00e9 d\u00e8s la naissance*.<\/span><\/p>\n<p><span style=\"font-family: Roboto, Helvetica, Arial, sans-serif;font-size: 14px;font-style: normal;font-weight: 400;letter-spacing: normal;text-align: start;text-indent: 0px;text-transform: none;text-decoration: none;float: none\">Sp\u00e9cifiquement formul\u00e9e pour une utilisation d\u00e8s la naissance*, l\u2019Eau de soin Musti est une eau de senteur sans alcool aux extraits de bleuet et de tilleul au d\u00e9licieux parfum tendre et l\u00e9ger. Elle parfume d\u00e9licatement votre b\u00e9b\u00e9 et favorise son \u00e9veil sensoriel. Chaque utilisation est l\u2019occasion d\u2019un tendre moment de complicit\u00e9 entre vous et votre b\u00e9b\u00e9.<\/span><\/p>\n<p><span style=\"font-family: Roboto, Helvetica, Arial, sans-serif;font-size: 14px;font-style: normal;font-weight: 400;letter-spacing: normal;text-align: start;text-indent: 0px;text-transform: none;text-decoration: none;float: none\">Soin tendresse et plaisir, l\u2019Eau de soin Musti apporte bien-\u00eatre et fra\u00eecheur \u00e0 votre b\u00e9b\u00e9 \u00e0 tout moment de la journ\u00e9e. Son parfum d\u00e9licat et agr\u00e9able contribue \u00e0 son \u00e9veil olfactif.<\/span><\/p>\n<p><span style=\"font-family: Roboto, Helvetica, Arial, sans-serif;font-size: 14px;font-style: normal;font-weight: 400;letter-spacing: normal;text-align: start;text-indent: 0px;text-transform: none;text-decoration: none;float: none\">* Y compris b\u00e9b\u00e9s sortis de n\u00e9onatalit\u00e9.<\/span><br \/>\n<span style=\"font-family: Roboto, Helvetica, Arial, sans-serif;font-size: 14px;font-style: normal;font-weight: 400;letter-spacing: normal;text-align: start;text-indent: 0px;text-transform: none;text-decoration: none;float: none\">*Formul\u00e9 pour minimiser les risques de r\u00e9actions allergiques.<\/span><\/p>\n","protected":false},"excerpt":{"rendered":"<p><span style=\"font-family: Roboto, Helvetica, Arial, sans-serif;font-size: 14px;font-style: normal;font-weight: 400;letter-spacing: normal;text-align: start;text-indent: 0px;text-transform: none;text-decoration: none;float: none\">Parfume d\u00e9licatement votre b\u00e9b\u00e9 d\u00e8s la naissance*.<\/span><\/p>\n<p><span style=\"font-family: Roboto, Helvetica, Arial, sans-serif;font-size: 14px;font-style: normal;font-weight: 400;letter-spacing: normal;text-align: start;text-indent: 0px;text-transform: none;text-decoration: none;float: none\">Sp\u00e9cifiquement formul\u00e9e pour une utilisation d\u00e8s la naissance*, l\u2019Eau de soin Musti est une eau de senteur sans alcool aux extraits de bleuet et de tilleul au d\u00e9licieux parfum tendre et l\u00e9ger. Elle parfume d\u00e9licatement votre b\u00e9b\u00e9 et favorise son \u00e9veil sensoriel. Chaque utilisation est l\u2019occasion d\u2019un tendre moment de complicit\u00e9 entre vous et votre b\u00e9b\u00e9.<\/span><\/p>\n<p><span style=\"font-family: Roboto, Helvetica, Arial, sans-serif;font-size: 14px;font-style: normal;font-weight: 400;letter-spacing: normal;text-align: start;text-indent: 0px;text-transform: none;text-decoration: none;float: none\">Soin tendresse et plaisir, l\u2019Eau de soin Musti apporte bien-\u00eatre et fra\u00eecheur \u00e0 votre b\u00e9b\u00e9 \u00e0 tout moment de la journ\u00e9e. Son parfum d\u00e9licat et agr\u00e9able contribue \u00e0 son \u00e9veil olfactif.<\/span><\/p>\n<p><span style=\"font-family: Roboto, Helvetica, Arial, sans-serif;font-size: 14px;font-style: normal;font-weight: 400;letter-spacing: normal;text-align: start;text-indent: 0px;text-transform: none;text-decoration: none;float: none\">* Y compris b\u00e9b\u00e9s sortis de n\u00e9onatalit\u00e9.<\/span><br \/>\n<span style=\"font-family: Roboto, Helvetica, Arial, sans-serif;font-size: 14px;font-style: normal;font-weight: 400;letter-spacing: normal;text-align: start;text-indent: 0px;text-transform: none;text-decoration: none;float: none\">*Formul\u00e9 pour minimiser les risques de r\u00e9actions allergiques.<\/span><\/p>\n","protected":false},"featured_media":1832,"comment_status":"open","ping_status":"closed","template":"","meta":{"site-sidebar-layout":"default","site-content-layout":"","ast-site-content-layout":"","site-content-style":"default","site-sidebar-style":"default","ast-global-header-display":"","ast-banner-title-visibility":"","ast-main-header-display":"","ast-hfb-above-header-display":"","ast-hfb-below-header-display":"","ast-hfb-mobile-header-display":"","site-post-title":"","ast-breadcrumbs-content":"","ast-featured-img":"","footer-sml-layout":"","theme-transparent-header-meta":"","adv-header-id-meta":"","stick-header-meta":"","header-above-stick-meta":"","header-main-stick-meta":"","header-below-stick-meta":"","astra-migrate-meta-layouts":"default","ast-page-background-enabled":"default","ast-page-background-meta":{"desktop":{"background-color":"var(--ast-global-color-4)","background-image":"","background-repeat":"repeat","background-position":"center center","background-size":"auto","background-attachment":"scroll","background-type":"","background-media":"","overlay-type":"","overlay-color":"","overlay-opacity":"","overlay-gradient":""},"tablet":{"background-color":"","background-image":"","background-repeat":"repeat","background-position":"center center","background-size":"auto","background-attachment":"scroll","background-type":"","background-media":"","overlay-type":"","overlay-color":"","overlay-opacity":"","overlay-gradient":""},"mobile":{"background-color":"","background-image":"","background-repeat":"repeat","background-position":"center center","background-size":"auto","background-attachment":"scroll","background-type":"","background-media":"","overlay-type":"","overlay-color":"","overlay-opacity":"","overlay-gradient":""}},"ast-content-background-meta":{"desktop":{"background-color":"var(--ast-global-color-5)","background-image":"","background-repeat":"repeat","background-position":"center center","background-size":"auto","background-attachment":"scroll","background-type":"","background-media":"","overlay-type":"","overlay-color":"","overlay-opacity":"","overlay-gradient":""},"tablet":{"background-color":"var(--ast-global-color-5)","background-image":"","background-repeat":"repeat","background-position":"center center","background-size":"auto","background-attachment":"scroll","background-type":"","background-media":"","overlay-type":"","overlay-color":"","overlay-opacity":"","overlay-gradient":""},"mobile":{"background-color":"var(--ast-global-color-5)","background-image":"","background-repeat":"repeat","background-position":"center center","background-size":"auto","background-attachment":"scroll","background-type":"","background-media":"","overlay-type":"","overlay-color":"","overlay-opacity":"","overlay-gradient":""}}},"product_cat":[42],"product_tag":[],"jetpack_sharing_enabled":true,"_links":{"self":[{"href":"https:\/\/bambinoscorner.ma\/index.php?rest_route=\/wp\/v2\/product\/1833"}],"collection":[{"href":"https:\/\/bambinoscorner.ma\/index.php?rest_route=\/wp\/v2\/product"}],"about":[{"href":"https:\/\/bambinoscorner.ma\/index.php?rest_route=\/wp\/v2\/types\/product"}],"replies":[{"embeddable":true,"href":"https:\/\/bambinoscorner.ma\/index.php?rest_route=%2Fwp%2Fv2%2Fcomments&post=1833"}],"version-history":[{"count":1,"href":"https:\/\/bambinoscorner.ma\/index.php?rest_route=\/wp\/v2\/product\/1833\/revisions"}],"predecessor-version":[{"id":2022,"href":"https:\/\/bambinoscorner.ma\/index.php?rest_route=\/wp\/v2\/product\/1833\/revisions\/2022"}],"wp:featuredmedia":[{"embeddable":true,"href":"https:\/\/bambinoscorner.ma\/index.php?rest_route=\/wp\/v2\/media\/1832"}],"wp:attachment":[{"href":"https:\/\/bambinoscorner.ma\/index.php?rest_route=%2Fwp%2Fv2%2Fmedia&parent=1833"}],"wp:term":[{"taxonomy":"product_cat","embeddable":true,"href":"https:\/\/bambinoscorner.ma\/index.php?rest_route=%2Fwp%2Fv2%2Fproduct_cat&post=1833"},{"taxonomy":"product_tag","embeddable":true,"href":"https:\/\/bambinoscorner.ma\/index.php?rest_route=%2Fwp%2Fv2%2Fproduct_tag&post=1833"}],"curies":[{"name":"wp","href":"https:\/\/api.w.org\/{rel}","templated":true}]}}