{"id":1831,"date":"2024-09-01T18:14:57","date_gmt":"2024-09-01T18:14:57","guid":{"rendered":"https:\/\/bambinoscorner.ma\/produit\/mustela-eau-rafraichissante-et-coiffante-200ml-sans-alcool\/"},"modified":"2024-09-01T18:34:59","modified_gmt":"2024-09-01T18:34:59","slug":"mustela-eau-rafraichissante-et-coiffante-200ml-sans-alcool","status":"publish","type":"product","link":"https:\/\/bambinoscorner.ma\/?product=mustela-eau-rafraichissante-et-coiffante-200ml-sans-alcool","title":{"rendered":"MUSTELA EAU RAFRAICHISSANTE ET COIFFANTE 200ML SANS ALCOOL"},"content":{"rendered":"<p><span>Mustela Eau Rafra\u00eechissante et Coiffante 200 ml rafra\u00eechit le corps et facilite le coiffage des cheveux de b\u00e9b\u00e9 d\u00e8s la naissance. Id\u00e9ale au quotidien, elle parfume b\u00e9b\u00e9 en laissant la peau tr\u00e8s douce. 97% d\u2019ingr\u00e9dients sont d\u2019origine naturelle. Formul\u00e9e pour minimiser les risques d\u2019allergies.<\/span><\/p>\n","protected":false},"excerpt":{"rendered":"<p>Mustela Eau Rafra\u00eechissante et Coiffante 200 ml rafra\u00eechit le corps et facilite le coiffage des cheveux de b\u00e9b\u00e9 d\u00e8s la naissance. Id\u00e9ale au quotidien, elle parfume b\u00e9b\u00e9 en laissant la peau tr\u00e8s douce. 97% d\u2019ingr\u00e9dients sont d\u2019origine naturelle. Formul\u00e9e pour minimiser les risques d\u2019allergies.<\/p>\n","protected":false},"featured_media":1834,"comment_status":"open","ping_status":"closed","template":"","meta":{"site-sidebar-layout":"default","site-content-layout":"","ast-site-content-layout":"","site-content-style":"default","site-sidebar-style":"default","ast-global-header-display":"","ast-banner-title-visibility":"","ast-main-header-display":"","ast-hfb-above-header-display":"","ast-hfb-below-header-display":"","ast-hfb-mobile-header-display":"","site-post-title":"","ast-breadcrumbs-content":"","ast-featured-img":"","footer-sml-layout":"","theme-transparent-header-meta":"","adv-header-id-meta":"","stick-header-meta":"","header-above-stick-meta":"","header-main-stick-meta":"","header-below-stick-meta":"","astra-migrate-meta-layouts":"default","ast-page-background-enabled":"default","ast-page-background-meta":{"desktop":{"background-color":"var(--ast-global-color-4)","background-image":"","background-repeat":"repeat","background-position":"center center","background-size":"auto","background-attachment":"scroll","background-type":"","background-media":"","overlay-type":"","overlay-color":"","overlay-opacity":"","overlay-gradient":""},"tablet":{"background-color":"","background-image":"","background-repeat":"repeat","background-position":"center center","background-size":"auto","background-attachment":"scroll","background-type":"","background-media":"","overlay-type":"","overlay-color":"","overlay-opacity":"","overlay-gradient":""},"mobile":{"background-color":"","background-image":"","background-repeat":"repeat","background-position":"center center","background-size":"auto","background-attachment":"scroll","background-type":"","background-media":"","overlay-type":"","overlay-color":"","overlay-opacity":"","overlay-gradient":""}},"ast-content-background-meta":{"desktop":{"background-color":"var(--ast-global-color-5)","background-image":"","background-repeat":"repeat","background-position":"center center","background-size":"auto","background-attachment":"scroll","background-type":"","background-media":"","overlay-type":"","overlay-color":"","overlay-opacity":"","overlay-gradient":""},"tablet":{"background-color":"var(--ast-global-color-5)","background-image":"","background-repeat":"repeat","background-position":"center center","background-size":"auto","background-attachment":"scroll","background-type":"","background-media":"","overlay-type":"","overlay-color":"","overlay-opacity":"","overlay-gradient":""},"mobile":{"background-color":"var(--ast-global-color-5)","background-image":"","background-repeat":"repeat","background-position":"center center","background-size":"auto","background-attachment":"scroll","background-type":"","background-media":"","overlay-type":"","overlay-color":"","overlay-opacity":"","overlay-gradient":""}}},"product_cat":[41],"product_tag":[],"jetpack_sharing_enabled":true,"_links":{"self":[{"href":"https:\/\/bambinoscorner.ma\/index.php?rest_route=\/wp\/v2\/product\/1831"}],"collection":[{"href":"https:\/\/bambinoscorner.ma\/index.php?rest_route=\/wp\/v2\/product"}],"about":[{"href":"https:\/\/bambinoscorner.ma\/index.php?rest_route=\/wp\/v2\/types\/product"}],"replies":[{"embeddable":true,"href":"https:\/\/bambinoscorner.ma\/index.php?rest_route=%2Fwp%2Fv2%2Fcomments&post=1831"}],"version-history":[{"count":0,"href":"https:\/\/bambinoscorner.ma\/index.php?rest_route=\/wp\/v2\/product\/1831\/revisions"}],"wp:featuredmedia":[{"embeddable":true,"href":"https:\/\/bambinoscorner.ma\/index.php?rest_route=\/wp\/v2\/media\/1834"}],"wp:attachment":[{"href":"https:\/\/bambinoscorner.ma\/index.php?rest_route=%2Fwp%2Fv2%2Fmedia&parent=1831"}],"wp:term":[{"taxonomy":"product_cat","embeddable":true,"href":"https:\/\/bambinoscorner.ma\/index.php?rest_route=%2Fwp%2Fv2%2Fproduct_cat&post=1831"},{"taxonomy":"product_tag","embeddable":true,"href":"https:\/\/bambinoscorner.ma\/index.php?rest_route=%2Fwp%2Fv2%2Fproduct_tag&post=1831"}],"curies":[{"name":"wp","href":"https:\/\/api.w.org\/{rel}","templated":true}]}}