{"id":1829,"date":"2024-09-01T18:11:30","date_gmt":"2024-09-01T18:11:30","guid":{"rendered":"https:\/\/bambinoscorner.ma\/produit\/mustela-lait-de-toilette-sans-rincage-200-ml\/"},"modified":"2024-09-01T18:39:55","modified_gmt":"2024-09-01T18:39:55","slug":"mustela-lait-de-toilette-sans-rincage-200-ml","status":"publish","type":"product","link":"https:\/\/bambinoscorner.ma\/?product=mustela-lait-de-toilette-sans-rincage-200-ml","title":{"rendered":"MUSTELA LAIT DE TOILETTE SANS RINCAGE 200 ML"},"content":{"rendered":"","protected":false},"excerpt":{"rendered":"<p style=\"margin-top: 0px;margin-bottom: 15px;font-family: Roboto, Helvetica, Arial, sans-serif;font-size: 14px;font-style: normal;font-weight: 400;letter-spacing: normal;text-align: start;text-indent: 0px;text-transform: none;text-decoration: none\">Le<span class=\"Apple-converted-space\">&nbsp;<\/span><strong style=\"font-weight: 700\">Lait de Toilette Sans Rin\u00e7age<\/strong><span class=\"Apple-converted-space\">&nbsp;<\/span>de<span class=\"Apple-converted-space\">&nbsp;<\/span><strong style=\"font-weight: 700\">Mustela<\/strong><span class=\"Apple-converted-space\">&nbsp;<\/span>est destin\u00e9 aux b\u00e9b\u00e9s d\u00e8s la sortie de n\u00e9onatologie ainsi qu\u2019aux jeunes enfants. Il permet de d\u00e9barrasser la peau des impuret\u00e9s sans utiliser d\u2019eau et sans dess\u00e9cher la peau :<\/p>\n<ul style=\"margin-bottom: 15px;margin-top: 0px;padding: 0px 0px 0px 12px;font-family: Roboto, Helvetica, Arial, sans-serif;font-size: 14px;font-style: normal;font-weight: 400;letter-spacing: normal;text-align: start;text-indent: 0px;text-transform: none;text-decoration: none\">\n<li>Il \u00e9limine les r\u00e9sidus en douceur.<\/li>\n<li>Il pr\u00e9vient la s\u00e9cheresse de la peau.<\/li>\n<li>Il participe \u00e0 une bonne hydratation.<\/li>\n<li>Il adoucit la peau.<\/li>\n<\/ul>\n<p style=\"margin-top: 0px;margin-bottom: 15px;font-family: Roboto, Helvetica, Arial, sans-serif;font-size: 14px;font-style: normal;font-weight: 400;letter-spacing: normal;text-align: start;text-indent: 0px;text-transform: none;text-decoration: none\">Adapt\u00e9 au nettoyage du<span class=\"Apple-converted-space\">&nbsp;<\/span><strong style=\"font-weight: 700\">visage<\/strong><span class=\"Apple-converted-space\">&nbsp;<\/span>et du<span class=\"Apple-converted-space\">&nbsp;<\/span><strong style=\"font-weight: 700\">si\u00e8ge<\/strong>, ce produit nettoyant pour b\u00e9b\u00e9 est facile \u00e0 utiliser o\u00f9 que vous soyez.<\/p>\n","protected":false},"featured_media":1835,"comment_status":"open","ping_status":"closed","template":"","meta":{"site-sidebar-layout":"default","site-content-layout":"","ast-site-content-layout":"","site-content-style":"default","site-sidebar-style":"default","ast-global-header-display":"","ast-banner-title-visibility":"","ast-main-header-display":"","ast-hfb-above-header-display":"","ast-hfb-below-header-display":"","ast-hfb-mobile-header-display":"","site-post-title":"","ast-breadcrumbs-content":"","ast-featured-img":"","footer-sml-layout":"","theme-transparent-header-meta":"","adv-header-id-meta":"","stick-header-meta":"","header-above-stick-meta":"","header-main-stick-meta":"","header-below-stick-meta":"","astra-migrate-meta-layouts":"default","ast-page-background-enabled":"default","ast-page-background-meta":{"desktop":{"background-color":"var(--ast-global-color-4)","background-image":"","background-repeat":"repeat","background-position":"center center","background-size":"auto","background-attachment":"scroll","background-type":"","background-media":"","overlay-type":"","overlay-color":"","overlay-opacity":"","overlay-gradient":""},"tablet":{"background-color":"","background-image":"","background-repeat":"repeat","background-position":"center center","background-size":"auto","background-attachment":"scroll","background-type":"","background-media":"","overlay-type":"","overlay-color":"","overlay-opacity":"","overlay-gradient":""},"mobile":{"background-color":"","background-image":"","background-repeat":"repeat","background-position":"center center","background-size":"auto","background-attachment":"scroll","background-type":"","background-media":"","overlay-type":"","overlay-color":"","overlay-opacity":"","overlay-gradient":""}},"ast-content-background-meta":{"desktop":{"background-color":"var(--ast-global-color-5)","background-image":"","background-repeat":"repeat","background-position":"center center","background-size":"auto","background-attachment":"scroll","background-type":"","background-media":"","overlay-type":"","overlay-color":"","overlay-opacity":"","overlay-gradient":""},"tablet":{"background-color":"var(--ast-global-color-5)","background-image":"","background-repeat":"repeat","background-position":"center center","background-size":"auto","background-attachment":"scroll","background-type":"","background-media":"","overlay-type":"","overlay-color":"","overlay-opacity":"","overlay-gradient":""},"mobile":{"background-color":"var(--ast-global-color-5)","background-image":"","background-repeat":"repeat","background-position":"center center","background-size":"auto","background-attachment":"scroll","background-type":"","background-media":"","overlay-type":"","overlay-color":"","overlay-opacity":"","overlay-gradient":""}}},"product_cat":[41],"product_tag":[],"jetpack_sharing_enabled":true,"_links":{"self":[{"href":"https:\/\/bambinoscorner.ma\/index.php?rest_route=\/wp\/v2\/product\/1829"}],"collection":[{"href":"https:\/\/bambinoscorner.ma\/index.php?rest_route=\/wp\/v2\/product"}],"about":[{"href":"https:\/\/bambinoscorner.ma\/index.php?rest_route=\/wp\/v2\/types\/product"}],"replies":[{"embeddable":true,"href":"https:\/\/bambinoscorner.ma\/index.php?rest_route=%2Fwp%2Fv2%2Fcomments&post=1829"}],"version-history":[{"count":1,"href":"https:\/\/bambinoscorner.ma\/index.php?rest_route=\/wp\/v2\/product\/1829\/revisions"}],"predecessor-version":[{"id":1836,"href":"https:\/\/bambinoscorner.ma\/index.php?rest_route=\/wp\/v2\/product\/1829\/revisions\/1836"}],"wp:featuredmedia":[{"embeddable":true,"href":"https:\/\/bambinoscorner.ma\/index.php?rest_route=\/wp\/v2\/media\/1835"}],"wp:attachment":[{"href":"https:\/\/bambinoscorner.ma\/index.php?rest_route=%2Fwp%2Fv2%2Fmedia&parent=1829"}],"wp:term":[{"taxonomy":"product_cat","embeddable":true,"href":"https:\/\/bambinoscorner.ma\/index.php?rest_route=%2Fwp%2Fv2%2Fproduct_cat&post=1829"},{"taxonomy":"product_tag","embeddable":true,"href":"https:\/\/bambinoscorner.ma\/index.php?rest_route=%2Fwp%2Fv2%2Fproduct_tag&post=1829"}],"curies":[{"name":"wp","href":"https:\/\/api.w.org\/{rel}","templated":true}]}}