{"id":252,"date":"2024-07-11T21:31:57","date_gmt":"2024-07-11T21:31:57","guid":{"rendered":"https:\/\/bambinoscorner.ma\/about\/"},"modified":"2024-07-18T00:05:33","modified_gmt":"2024-07-18T00:05:33","slug":"about","status":"publish","type":"page","link":"https:\/\/bambinoscorner.ma\/?page_id=252","title":{"rendered":"\u00c0 Propos de Nous"},"content":{"rendered":"\t\t<div data-elementor-type=\"wp-page\" data-elementor-id=\"252\" class=\"elementor elementor-252\">\n\t\t\t\t<div class=\"elementor-element elementor-element-d98598e e-flex e-con-boxed e-con e-parent\" data-id=\"d98598e\" data-element_type=\"container\" data-settings=\"{&quot;background_background&quot;:&quot;classic&quot;}\">\n\t\t\t\t\t<div class=\"e-con-inner\">\n\t\t<div class=\"elementor-element elementor-element-8e35f02 e-con-full e-flex e-con e-child\" data-id=\"8e35f02\" data-element_type=\"container\">\n\t\t<div class=\"elementor-element elementor-element-dc8a5d1 e-con-full e-flex e-con e-child\" data-id=\"dc8a5d1\" data-element_type=\"container\">\n\t\t<div class=\"elementor-element elementor-element-456a062 e-con-full e-flex e-con e-child\" data-id=\"456a062\" data-element_type=\"container\">\n\t\t\t\t<div class=\"elementor-element elementor-element-2c153d6 elementor-widget elementor-widget-heading\" data-id=\"2c153d6\" data-element_type=\"widget\" data-widget_type=\"heading.default\">\n\t\t\t\t<div class=\"elementor-widget-container\">\n\t\t\t\t\t<h2 class=\"elementor-heading-title elementor-size-default\">\u00c0 Propos de Nous<\/h2>\t\t\t\t<\/div>\n\t\t\t\t<\/div>\n\t\t\t\t<\/div>\n\t\t<div class=\"elementor-element elementor-element-3fd0bca e-con-full e-flex e-con e-child\" data-id=\"3fd0bca\" data-element_type=\"container\">\n\t\t\t\t<div class=\"elementor-element elementor-element-4b0f8cb elementor-widget-divider--view-line elementor-widget elementor-widget-divider\" data-id=\"4b0f8cb\" data-element_type=\"widget\" data-widget_type=\"divider.default\">\n\t\t\t\t<div class=\"elementor-widget-container\">\n\t\t\t\t\t\t\t<div class=\"elementor-divider\">\n\t\t\t<span class=\"elementor-divider-separator\">\n\t\t\t\t\t\t<\/span>\n\t\t<\/div>\n\t\t\t\t\t\t<\/div>\n\t\t\t\t<\/div>\n\t\t\t\t<div class=\"elementor-element elementor-element-5d71d45 elementor-widget elementor-widget-heading\" data-id=\"5d71d45\" data-element_type=\"widget\" data-widget_type=\"heading.default\">\n\t\t\t\t<div class=\"elementor-widget-container\">\n\t\t\t\t\t<h3 class=\"elementor-heading-title elementor-size-default\">Bienvenue chez Bambinos Corner<\/h3>\t\t\t\t<\/div>\n\t\t\t\t<\/div>\n\t\t\t\t<div class=\"elementor-element elementor-element-b5f1814 elementor-widget elementor-widget-text-editor\" data-id=\"b5f1814\" data-element_type=\"widget\" data-widget_type=\"text-editor.default\">\n\t\t\t\t<div class=\"elementor-widget-container\">\n\t\t\t\t\t\t\t\t\t<p>Chez Bambinos Corner, nous croyons que chaque b\u00e9b\u00e9 m\u00e9rite le meilleur. Notre mission est de mettre \u00e0 votre disposition des v\u00eatements de b\u00e9b\u00e9 de haute qualit\u00e9 qui allient confort, style et durabilit\u00e9.<\/p>\t\t\t\t\t\t\t\t<\/div>\n\t\t\t\t<\/div>\n\t\t\t\t<\/div>\n\t\t\t\t<\/div>\n\t\t\t\t<div class=\"elementor-element elementor-element-3a07c3a elementor-widget elementor-widget-video\" data-id=\"3a07c3a\" data-element_type=\"widget\" data-settings=\"{&quot;youtube_url&quot;:&quot;https:\\\/\\\/www.youtube.com\\\/watch?v=yqWX86uT5jM&quot;,&quot;lazy_load&quot;:&quot;yes&quot;,&quot;show_image_overlay&quot;:&quot;yes&quot;,&quot;image_overlay&quot;:{&quot;url&quot;:&quot;https:\\\/\\\/bambinoscorner.ma\\\/wp-content\\\/uploads\\\/2024\\\/07\\\/q.png&quot;,&quot;id&quot;:1561,&quot;size&quot;:&quot;&quot;,&quot;alt&quot;:&quot;&quot;,&quot;source&quot;:&quot;library&quot;},&quot;video_type&quot;:&quot;youtube&quot;,&quot;controls&quot;:&quot;yes&quot;}\" data-widget_type=\"video.default\">\n\t\t\t\t<div class=\"elementor-widget-container\">\n\t\t\t\t\t\t\t<div class=\"elementor-wrapper elementor-open-inline\">\n\t\t\t<div class=\"elementor-video\"><\/div>\t\t\t\t<div class=\"elementor-custom-embed-image-overlay\" style=\"background-image: url(https:\/\/bambinoscorner.ma\/wp-content\/uploads\/2024\/07\/q.png);\">\n\t\t\t\t\t\t\t\t\t\t\t\t\t\t\t\t<div class=\"elementor-custom-embed-play\" role=\"button\" aria-label=\"Lire la vid\u00e9o\" tabindex=\"0\">\n\t\t\t\t\t\t\t<svg aria-hidden=\"true\" class=\"e-font-icon-svg e-eicon-play\" viewBox=\"0 0 1000 1000\" xmlns=\"http:\/\/www.w3.org\/2000\/svg\"><path d=\"M838 162C746 71 633 25 500 25 371 25 258 71 163 162 71 254 25 367 25 500 25 633 71 746 163 837 254 929 367 979 500 979 633 979 746 933 838 837 929 746 975 633 975 500 975 367 929 254 838 162M808 192C892 279 933 379 933 500 933 621 892 725 808 808 725 892 621 938 500 938 379 938 279 896 196 808 113 725 67 621 67 500 67 379 108 279 196 192 279 108 383 62 500 62 621 62 721 108 808 192M438 392V642L642 517 438 392Z\"><\/path><\/svg>\t\t\t\t\t\t<\/div>\n\t\t\t\t\t\t\t\t\t<\/div>\n\t\t\t\t\t<\/div>\n\t\t\t\t\t\t<\/div>\n\t\t\t\t<\/div>\n\t\t<div class=\"elementor-element elementor-element-e4cd48d e-con-full e-flex e-con e-child\" data-id=\"e4cd48d\" data-element_type=\"container\">\n\t\t<div class=\"elementor-element elementor-element-2dd0a9e e-con-full e-flex e-con e-child\" data-id=\"2dd0a9e\" data-element_type=\"container\">\n\t\t\t\t<div class=\"elementor-element elementor-element-376e3df elementor-widget elementor-widget-heading\" data-id=\"376e3df\" data-element_type=\"widget\" data-widget_type=\"heading.default\">\n\t\t\t\t<div class=\"elementor-widget-container\">\n\t\t\t\t\t<h6 class=\"elementor-heading-title elementor-size-default\">Notre boutique<\/h6>\t\t\t\t<\/div>\n\t\t\t\t<\/div>\n\t\t\t\t<\/div>\n\t\t<div class=\"elementor-element elementor-element-a9c5396 e-con-full e-flex e-con e-child\" data-id=\"a9c5396\" data-element_type=\"container\">\n\t\t\t\t<div class=\"elementor-element elementor-element-fa697a4 elementor-widget elementor-widget-text-editor\" data-id=\"fa697a4\" data-element_type=\"widget\" data-widget_type=\"text-editor.default\">\n\t\t\t\t<div class=\"elementor-widget-container\">\n\t\t\t\t\t\t\t\t\t<p>Fond\u00e9e par Soukaina Leemrani, Bambinos Corner est n\u00e9e de la passion de cr\u00e9er des v\u00eatements adorables et fonctionnels pour les tout-petits. Nous avons commenc\u00e9 avec une petite boutique en ligne et avons grandi gr\u00e2ce \u00e0 la confiance de nos clients.<\/p>\t\t\t\t\t\t\t\t<\/div>\n\t\t\t\t<\/div>\n\t\t\t\t<div class=\"elementor-element elementor-element-06c9711 elementor-view-default elementor-widget elementor-widget-icon\" data-id=\"06c9711\" data-element_type=\"widget\" data-widget_type=\"icon.default\">\n\t\t\t\t<div class=\"elementor-widget-container\">\n\t\t\t\t\t\t\t<div class=\"elementor-icon-wrapper\">\n\t\t\t<div class=\"elementor-icon\">\n\t\t\t<svg aria-hidden=\"true\" class=\"e-font-icon-svg e-fas-quote-left\" viewBox=\"0 0 512 512\" xmlns=\"http:\/\/www.w3.org\/2000\/svg\"><path d=\"M464 256h-80v-64c0-35.3 28.7-64 64-64h8c13.3 0 24-10.7 24-24V56c0-13.3-10.7-24-24-24h-8c-88.4 0-160 71.6-160 160v240c0 26.5 21.5 48 48 48h128c26.5 0 48-21.5 48-48V304c0-26.5-21.5-48-48-48zm-288 0H96v-64c0-35.3 28.7-64 64-64h8c13.3 0 24-10.7 24-24V56c0-13.3-10.7-24-24-24h-8C71.6 32 0 103.6 0 192v240c0 26.5 21.5 48 48 48h128c26.5 0 48-21.5 48-48V304c0-26.5-21.5-48-48-48z\"><\/path><\/svg>\t\t\t<\/div>\n\t\t<\/div>\n\t\t\t\t\t\t<\/div>\n\t\t\t\t<\/div>\n\t\t\t\t<div class=\"elementor-element elementor-element-82283db elementor-widget elementor-widget-testimonial\" data-id=\"82283db\" data-element_type=\"widget\" data-widget_type=\"testimonial.default\">\n\t\t\t\t<div class=\"elementor-widget-container\">\n\t\t\t\t\t\t\t<div class=\"elementor-testimonial-wrapper\">\n\t\t\t\t\t\t\t<div class=\"elementor-testimonial-content\">Bonjour et bienvenue chez Bambinos Corner ! Je suis Soukaina Leemrani, la fondatrice et propri\u00e9taire de cette merveilleuse aventure. En tant que m\u00e8re, je comprends l'importance de choisir des v\u00eatements qui allient confort, s\u00e9curit\u00e9 et style pour nos pr\u00e9cieux petits. Chaque pi\u00e8ce de notre s\u00e9lection d'articles est choisi avec amour et soin, en pensant \u00e0 vous et \u00e0 vos b\u00e9b\u00e9s. Merci de nous faire confiance pour habiller vos enfants avec douceur et \u00e9l\u00e9gance.<\/div>\n\t\t\t\n\t\t\t\t\t\t<div class=\"elementor-testimonial-meta elementor-has-image elementor-testimonial-image-position-aside\">\n\t\t\t\t<div class=\"elementor-testimonial-meta-inner\">\n\t\t\t\t\t\t\t\t\t\t\t<div class=\"elementor-testimonial-image\">\n\t\t\t\t\t\t\t<img fetchpriority=\"high\" decoding=\"async\" width=\"712\" height=\"762\" src=\"https:\/\/bambinoscorner.ma\/wp-content\/uploads\/2024\/07\/WhatsApp-Image-2024-07-17-at-21.50.24_1438dfa1-e1721261057994.jpg\" class=\"attachment-full size-full wp-image-1756\" alt=\"\" srcset=\"https:\/\/bambinoscorner.ma\/wp-content\/uploads\/2024\/07\/WhatsApp-Image-2024-07-17-at-21.50.24_1438dfa1-e1721261057994.jpg 712w, https:\/\/bambinoscorner.ma\/wp-content\/uploads\/2024\/07\/WhatsApp-Image-2024-07-17-at-21.50.24_1438dfa1-e1721261057994-280x300.jpg 280w, https:\/\/bambinoscorner.ma\/wp-content\/uploads\/2024\/07\/WhatsApp-Image-2024-07-17-at-21.50.24_1438dfa1-e1721261057994-600x642.jpg 600w, https:\/\/bambinoscorner.ma\/wp-content\/uploads\/2024\/07\/WhatsApp-Image-2024-07-17-at-21.50.24_1438dfa1-e1721261057994-64x68.jpg 64w\" sizes=\"(max-width: 712px) 100vw, 712px\" \/>\t\t\t\t\t\t<\/div>\n\t\t\t\t\t\n\t\t\t\t\t\t\t\t\t\t<div class=\"elementor-testimonial-details\">\n\t\t\t\t\t\t\t\t\t\t\t\t\t\t<div class=\"elementor-testimonial-name\">Soukaina Leemrani<\/div>\n\t\t\t\t\t\t\t\t\t\t\t\t\t\t\t\t\t\t\t\t\t\t<div class=\"elementor-testimonial-job\">Fondatrice, Propri\u00e9taire<\/div>\n\t\t\t\t\t\t\t\t\t\t\t\t\t<\/div>\n\t\t\t\t\t\t\t\t\t<\/div>\n\t\t\t<\/div>\n\t\t\t\t\t<\/div>\n\t\t\t\t\t\t<\/div>\n\t\t\t\t<\/div>\n\t\t\t\t<\/div>\n\t\t\t\t<\/div>\n\t\t\t\t<div class=\"elementor-element elementor-element-47a50b3 gallery-spacing-custom elementor-widget elementor-widget-image-gallery\" data-id=\"47a50b3\" data-element_type=\"widget\" data-widget_type=\"image-gallery.default\">\n\t\t\t\t<div class=\"elementor-widget-container\">\n\t\t\t\t\t\t\t<div class=\"elementor-image-gallery\">\n\t\t\t<div id='gallery-1' class='gallery galleryid-252 gallery-columns-3 gallery-size-full'><figure class='gallery-item'>\n\t\t\t<div class='gallery-icon landscape'>\n\t\t\t\t<a data-elementor-open-lightbox=\"yes\" data-elementor-lightbox-slideshow=\"47a50b3\" data-elementor-lightbox-title=\"6\" data-e-action-hash=\"#elementor-action%3Aaction%3Dlightbox%26settings%3DeyJpZCI6MTU1MSwidXJsIjoiaHR0cHM6XC9cL2JhbWJpbm9zY29ybmVyLm1hXC93cC1jb250ZW50XC91cGxvYWRzXC8yMDI0XC8wN1wvNi5wbmciLCJzbGlkZXNob3ciOiI0N2E1MGIzIn0%3D\" href='https:\/\/bambinoscorner.ma\/wp-content\/uploads\/2024\/07\/6.png'><img decoding=\"async\" width=\"2160\" height=\"2160\" src=\"https:\/\/bambinoscorner.ma\/wp-content\/uploads\/2024\/07\/6.png\" class=\"attachment-full size-full\" alt=\"\" srcset=\"https:\/\/bambinoscorner.ma\/wp-content\/uploads\/2024\/07\/6.png 2160w, https:\/\/bambinoscorner.ma\/wp-content\/uploads\/2024\/07\/6-300x300.png 300w, https:\/\/bambinoscorner.ma\/wp-content\/uploads\/2024\/07\/6-1024x1024.png 1024w, https:\/\/bambinoscorner.ma\/wp-content\/uploads\/2024\/07\/6-150x150.png 150w, https:\/\/bambinoscorner.ma\/wp-content\/uploads\/2024\/07\/6-768x768.png 768w, https:\/\/bambinoscorner.ma\/wp-content\/uploads\/2024\/07\/6-1536x1536.png 1536w, https:\/\/bambinoscorner.ma\/wp-content\/uploads\/2024\/07\/6-2048x2048.png 2048w, https:\/\/bambinoscorner.ma\/wp-content\/uploads\/2024\/07\/6-600x600.png 600w, https:\/\/bambinoscorner.ma\/wp-content\/uploads\/2024\/07\/6-100x100.png 100w\" sizes=\"(max-width: 2160px) 100vw, 2160px\" \/><\/a>\n\t\t\t<\/div><\/figure><figure class='gallery-item'>\n\t\t\t<div class='gallery-icon landscape'>\n\t\t\t\t<a data-elementor-open-lightbox=\"yes\" data-elementor-lightbox-slideshow=\"47a50b3\" data-elementor-lightbox-title=\"4\" data-e-action-hash=\"#elementor-action%3Aaction%3Dlightbox%26settings%3DeyJpZCI6MTU1MiwidXJsIjoiaHR0cHM6XC9cL2JhbWJpbm9zY29ybmVyLm1hXC93cC1jb250ZW50XC91cGxvYWRzXC8yMDI0XC8wN1wvNC0xLnBuZyIsInNsaWRlc2hvdyI6IjQ3YTUwYjMifQ%3D%3D\" href='https:\/\/bambinoscorner.ma\/wp-content\/uploads\/2024\/07\/4-1.png'><img decoding=\"async\" width=\"2160\" height=\"2160\" src=\"https:\/\/bambinoscorner.ma\/wp-content\/uploads\/2024\/07\/4-1.png\" class=\"attachment-full size-full\" alt=\"\" srcset=\"https:\/\/bambinoscorner.ma\/wp-content\/uploads\/2024\/07\/4-1.png 2160w, https:\/\/bambinoscorner.ma\/wp-content\/uploads\/2024\/07\/4-1-300x300.png 300w, https:\/\/bambinoscorner.ma\/wp-content\/uploads\/2024\/07\/4-1-1024x1024.png 1024w, https:\/\/bambinoscorner.ma\/wp-content\/uploads\/2024\/07\/4-1-150x150.png 150w, https:\/\/bambinoscorner.ma\/wp-content\/uploads\/2024\/07\/4-1-768x768.png 768w, https:\/\/bambinoscorner.ma\/wp-content\/uploads\/2024\/07\/4-1-1536x1536.png 1536w, https:\/\/bambinoscorner.ma\/wp-content\/uploads\/2024\/07\/4-1-2048x2048.png 2048w, https:\/\/bambinoscorner.ma\/wp-content\/uploads\/2024\/07\/4-1-600x600.png 600w, https:\/\/bambinoscorner.ma\/wp-content\/uploads\/2024\/07\/4-1-100x100.png 100w\" sizes=\"(max-width: 2160px) 100vw, 2160px\" \/><\/a>\n\t\t\t<\/div><\/figure><figure class='gallery-item'>\n\t\t\t<div class='gallery-icon landscape'>\n\t\t\t\t<a data-elementor-open-lightbox=\"yes\" data-elementor-lightbox-slideshow=\"47a50b3\" data-elementor-lightbox-title=\"5\" data-e-action-hash=\"#elementor-action%3Aaction%3Dlightbox%26settings%3DeyJpZCI6MTU1MywidXJsIjoiaHR0cHM6XC9cL2JhbWJpbm9zY29ybmVyLm1hXC93cC1jb250ZW50XC91cGxvYWRzXC8yMDI0XC8wN1wvNS5wbmciLCJzbGlkZXNob3ciOiI0N2E1MGIzIn0%3D\" href='https:\/\/bambinoscorner.ma\/wp-content\/uploads\/2024\/07\/5.png'><img loading=\"lazy\" decoding=\"async\" width=\"2160\" height=\"2160\" src=\"https:\/\/bambinoscorner.ma\/wp-content\/uploads\/2024\/07\/5.png\" class=\"attachment-full size-full\" alt=\"\" srcset=\"https:\/\/bambinoscorner.ma\/wp-content\/uploads\/2024\/07\/5.png 2160w, https:\/\/bambinoscorner.ma\/wp-content\/uploads\/2024\/07\/5-300x300.png 300w, https:\/\/bambinoscorner.ma\/wp-content\/uploads\/2024\/07\/5-1024x1024.png 1024w, https:\/\/bambinoscorner.ma\/wp-content\/uploads\/2024\/07\/5-150x150.png 150w, https:\/\/bambinoscorner.ma\/wp-content\/uploads\/2024\/07\/5-768x768.png 768w, https:\/\/bambinoscorner.ma\/wp-content\/uploads\/2024\/07\/5-1536x1536.png 1536w, https:\/\/bambinoscorner.ma\/wp-content\/uploads\/2024\/07\/5-2048x2048.png 2048w, https:\/\/bambinoscorner.ma\/wp-content\/uploads\/2024\/07\/5-600x600.png 600w, https:\/\/bambinoscorner.ma\/wp-content\/uploads\/2024\/07\/5-100x100.png 100w\" sizes=\"(max-width: 2160px) 100vw, 2160px\" \/><\/a>\n\t\t\t<\/div><\/figure><figure class='gallery-item'>\n\t\t\t<div class='gallery-icon landscape'>\n\t\t\t\t<a data-elementor-open-lightbox=\"yes\" data-elementor-lightbox-slideshow=\"47a50b3\" data-elementor-lightbox-title=\"3\" data-e-action-hash=\"#elementor-action%3Aaction%3Dlightbox%26settings%3DeyJpZCI6MTU1NCwidXJsIjoiaHR0cHM6XC9cL2JhbWJpbm9zY29ybmVyLm1hXC93cC1jb250ZW50XC91cGxvYWRzXC8yMDI0XC8wN1wvMy0xLnBuZyIsInNsaWRlc2hvdyI6IjQ3YTUwYjMifQ%3D%3D\" href='https:\/\/bambinoscorner.ma\/wp-content\/uploads\/2024\/07\/3-1.png'><img loading=\"lazy\" decoding=\"async\" width=\"2160\" height=\"2160\" src=\"https:\/\/bambinoscorner.ma\/wp-content\/uploads\/2024\/07\/3-1.png\" class=\"attachment-full size-full\" alt=\"\" srcset=\"https:\/\/bambinoscorner.ma\/wp-content\/uploads\/2024\/07\/3-1.png 2160w, https:\/\/bambinoscorner.ma\/wp-content\/uploads\/2024\/07\/3-1-300x300.png 300w, https:\/\/bambinoscorner.ma\/wp-content\/uploads\/2024\/07\/3-1-1024x1024.png 1024w, https:\/\/bambinoscorner.ma\/wp-content\/uploads\/2024\/07\/3-1-150x150.png 150w, https:\/\/bambinoscorner.ma\/wp-content\/uploads\/2024\/07\/3-1-768x768.png 768w, https:\/\/bambinoscorner.ma\/wp-content\/uploads\/2024\/07\/3-1-1536x1536.png 1536w, https:\/\/bambinoscorner.ma\/wp-content\/uploads\/2024\/07\/3-1-2048x2048.png 2048w, https:\/\/bambinoscorner.ma\/wp-content\/uploads\/2024\/07\/3-1-600x600.png 600w, https:\/\/bambinoscorner.ma\/wp-content\/uploads\/2024\/07\/3-1-100x100.png 100w\" sizes=\"(max-width: 2160px) 100vw, 2160px\" \/><\/a>\n\t\t\t<\/div><\/figure><figure class='gallery-item'>\n\t\t\t<div class='gallery-icon landscape'>\n\t\t\t\t<a data-elementor-open-lightbox=\"yes\" data-elementor-lightbox-slideshow=\"47a50b3\" data-elementor-lightbox-title=\"1\" data-e-action-hash=\"#elementor-action%3Aaction%3Dlightbox%26settings%3DeyJpZCI6MTU1NSwidXJsIjoiaHR0cHM6XC9cL2JhbWJpbm9zY29ybmVyLm1hXC93cC1jb250ZW50XC91cGxvYWRzXC8yMDI0XC8wN1wvMS0xLnBuZyIsInNsaWRlc2hvdyI6IjQ3YTUwYjMifQ%3D%3D\" href='https:\/\/bambinoscorner.ma\/wp-content\/uploads\/2024\/07\/1-1.png'><img loading=\"lazy\" decoding=\"async\" width=\"2160\" height=\"2160\" src=\"https:\/\/bambinoscorner.ma\/wp-content\/uploads\/2024\/07\/1-1.png\" class=\"attachment-full size-full\" alt=\"\" srcset=\"https:\/\/bambinoscorner.ma\/wp-content\/uploads\/2024\/07\/1-1.png 2160w, https:\/\/bambinoscorner.ma\/wp-content\/uploads\/2024\/07\/1-1-300x300.png 300w, https:\/\/bambinoscorner.ma\/wp-content\/uploads\/2024\/07\/1-1-1024x1024.png 1024w, https:\/\/bambinoscorner.ma\/wp-content\/uploads\/2024\/07\/1-1-150x150.png 150w, https:\/\/bambinoscorner.ma\/wp-content\/uploads\/2024\/07\/1-1-768x768.png 768w, https:\/\/bambinoscorner.ma\/wp-content\/uploads\/2024\/07\/1-1-1536x1536.png 1536w, https:\/\/bambinoscorner.ma\/wp-content\/uploads\/2024\/07\/1-1-2048x2048.png 2048w, https:\/\/bambinoscorner.ma\/wp-content\/uploads\/2024\/07\/1-1-600x600.png 600w, https:\/\/bambinoscorner.ma\/wp-content\/uploads\/2024\/07\/1-1-100x100.png 100w\" sizes=\"(max-width: 2160px) 100vw, 2160px\" \/><\/a>\n\t\t\t<\/div><\/figure><figure class='gallery-item'>\n\t\t\t<div class='gallery-icon landscape'>\n\t\t\t\t<a data-elementor-open-lightbox=\"yes\" data-elementor-lightbox-slideshow=\"47a50b3\" data-elementor-lightbox-title=\"2\" data-e-action-hash=\"#elementor-action%3Aaction%3Dlightbox%26settings%3DeyJpZCI6MTU1NiwidXJsIjoiaHR0cHM6XC9cL2JhbWJpbm9zY29ybmVyLm1hXC93cC1jb250ZW50XC91cGxvYWRzXC8yMDI0XC8wN1wvMi0xLnBuZyIsInNsaWRlc2hvdyI6IjQ3YTUwYjMifQ%3D%3D\" href='https:\/\/bambinoscorner.ma\/wp-content\/uploads\/2024\/07\/2-1.png'><img loading=\"lazy\" decoding=\"async\" width=\"2160\" height=\"2160\" src=\"https:\/\/bambinoscorner.ma\/wp-content\/uploads\/2024\/07\/2-1.png\" class=\"attachment-full size-full\" alt=\"\" srcset=\"https:\/\/bambinoscorner.ma\/wp-content\/uploads\/2024\/07\/2-1.png 2160w, https:\/\/bambinoscorner.ma\/wp-content\/uploads\/2024\/07\/2-1-300x300.png 300w, https:\/\/bambinoscorner.ma\/wp-content\/uploads\/2024\/07\/2-1-1024x1024.png 1024w, https:\/\/bambinoscorner.ma\/wp-content\/uploads\/2024\/07\/2-1-150x150.png 150w, https:\/\/bambinoscorner.ma\/wp-content\/uploads\/2024\/07\/2-1-768x768.png 768w, https:\/\/bambinoscorner.ma\/wp-content\/uploads\/2024\/07\/2-1-1536x1536.png 1536w, https:\/\/bambinoscorner.ma\/wp-content\/uploads\/2024\/07\/2-1-2048x2048.png 2048w, https:\/\/bambinoscorner.ma\/wp-content\/uploads\/2024\/07\/2-1-600x600.png 600w, https:\/\/bambinoscorner.ma\/wp-content\/uploads\/2024\/07\/2-1-100x100.png 100w\" sizes=\"(max-width: 2160px) 100vw, 2160px\" \/><\/a>\n\t\t\t<\/div><\/figure>\n\t\t<\/div>\n\t\t<\/div>\n\t\t\t\t\t\t<\/div>\n\t\t\t\t<\/div>\n\t\t\t\t<\/div>\n\t\t\t\t\t<\/div>\n\t\t\t\t<\/div>\n\t\t\t\t<\/div>\n\t\t","protected":false},"excerpt":{"rendered":"<p>\u00c0 Propos de Nous Bienvenue chez Bambinos Corner Chez Bambinos Corner, nous croyons que chaque b\u00e9b\u00e9 m\u00e9rite le meilleur. Notre mission est de mettre \u00e0 votre disposition des v\u00eatements de b\u00e9b\u00e9 de haute qualit\u00e9 qui allient confort, style et durabilit\u00e9. https:\/\/www.youtube.com\/watch?v=yqWX86uT5jM Notre boutique Fond\u00e9e par Soukaina Leemrani, Bambinos Corner est n\u00e9e de la passion de [&hellip;]<\/p>\n","protected":false},"author":1,"featured_media":0,"parent":0,"menu_order":0,"comment_status":"closed","ping_status":"closed","template":"","meta":{"site-sidebar-layout":"no-sidebar","site-content-layout":"page-builder","ast-site-content-layout":"full-width-container","site-content-style":"unboxed","site-sidebar-style":"unboxed","ast-global-header-display":"","ast-banner-title-visibility":"","ast-main-header-display":"","ast-hfb-above-header-display":"","ast-hfb-below-header-display":"","ast-hfb-mobile-header-display":"","site-post-title":"disabled","ast-breadcrumbs-content":"disabled","ast-featured-img":"disabled","footer-sml-layout":"","theme-transparent-header-meta":"default","adv-header-id-meta":"","stick-header-meta":"","header-above-stick-meta":"","header-main-stick-meta":"","header-below-stick-meta":"","astra-migrate-meta-layouts":"set","ast-page-background-enabled":"default","ast-page-background-meta":{"desktop":{"background-color":"var(--ast-global-color-4)","background-image":"","background-repeat":"repeat","background-position":"center center","background-size":"auto","background-attachment":"scroll","background-type":"","background-media":"","overlay-type":"","overlay-color":"","overlay-opacity":"","overlay-gradient":""},"tablet":{"background-color":"","background-image":"","background-repeat":"repeat","background-position":"center center","background-size":"auto","background-attachment":"scroll","background-type":"","background-media":"","overlay-type":"","overlay-color":"","overlay-opacity":"","overlay-gradient":""},"mobile":{"background-color":"","background-image":"","background-repeat":"repeat","background-position":"center center","background-size":"auto","background-attachment":"scroll","background-type":"","background-media":"","overlay-type":"","overlay-color":"","overlay-opacity":"","overlay-gradient":""}},"ast-content-background-meta":{"desktop":{"background-color":"var(--ast-global-color-5)","background-image":"","background-repeat":"repeat","background-position":"center center","background-size":"auto","background-attachment":"scroll","background-type":"","background-media":"","overlay-type":"","overlay-color":"","overlay-opacity":"","overlay-gradient":""},"tablet":{"background-color":"var(--ast-global-color-5)","background-image":"","background-repeat":"repeat","background-position":"center center","background-size":"auto","background-attachment":"scroll","background-type":"","background-media":"","overlay-type":"","overlay-color":"","overlay-opacity":"","overlay-gradient":""},"mobile":{"background-color":"var(--ast-global-color-5)","background-image":"","background-repeat":"repeat","background-position":"center center","background-size":"auto","background-attachment":"scroll","background-type":"","background-media":"","overlay-type":"","overlay-color":"","overlay-opacity":"","overlay-gradient":""}},"footnotes":""},"jetpack_sharing_enabled":true,"_links":{"self":[{"href":"https:\/\/bambinoscorner.ma\/index.php?rest_route=\/wp\/v2\/pages\/252"}],"collection":[{"href":"https:\/\/bambinoscorner.ma\/index.php?rest_route=\/wp\/v2\/pages"}],"about":[{"href":"https:\/\/bambinoscorner.ma\/index.php?rest_route=\/wp\/v2\/types\/page"}],"author":[{"embeddable":true,"href":"https:\/\/bambinoscorner.ma\/index.php?rest_route=\/wp\/v2\/users\/1"}],"replies":[{"embeddable":true,"href":"https:\/\/bambinoscorner.ma\/index.php?rest_route=%2Fwp%2Fv2%2Fcomments&post=252"}],"version-history":[{"count":35,"href":"https:\/\/bambinoscorner.ma\/index.php?rest_route=\/wp\/v2\/pages\/252\/revisions"}],"predecessor-version":[{"id":1763,"href":"https:\/\/bambinoscorner.ma\/index.php?rest_route=\/wp\/v2\/pages\/252\/revisions\/1763"}],"wp:attachment":[{"href":"https:\/\/bambinoscorner.ma\/index.php?rest_route=%2Fwp%2Fv2%2Fmedia&parent=252"}],"curies":[{"name":"wp","href":"https:\/\/api.w.org\/{rel}","templated":true}]}}